{"id":91,"date":"2015-07-22T17:38:59","date_gmt":"2015-07-22T16:38:59","guid":{"rendered":"http:\/\/marine.geophysicsgpr.com\/?page_id=91"},"modified":"2023-04-25T15:54:04","modified_gmt":"2023-04-25T14:54:04","slug":"swath-bathymetry-and-side-scan-sonar","status":"publish","type":"page","link":"https:\/\/marine.geophysicsgpr.com\/en\/marine-geophysics-techniques\/swath-bathymetry-and-side-scan-sonar","title":{"rendered":"Swath Bathymetry and Side Scan Sonar"},"content":{"rendered":"<div id=\"pl-91\"  class=\"panel-layout\" ><div id=\"pg-91-0\"  class=\"panel-grid panel-no-style\" ><div id=\"pgc-91-0-0\"  class=\"panel-grid-cell\" ><div id=\"panel-91-0-0-0\" class=\"so-panel widget widget_sow-editor panel-first-child panel-last-child\" data-index=\"0\" ><div class=\"texte-home-right article panel-widget-style panel-widget-style-for-91-0-0-0\" ><div\n\t\t\t\n\t\t\tclass=\"so-widget-sow-editor so-widget-sow-editor-base\"\n\t\t\t\n\t\t>\n<div class=\"siteorigin-widget-tinymce textwidget\">\n\t<p><strong>Geophysics GPR's swath bathymetry system utilizes the latest technological advances in seafloor mapping. <\/strong><\/p>\n<p>The system consists of a fully integrated wide swath bathymeter and a dual frequency side scan sonar. The positional data, recorded with high-precision RTK GPS and motion reference unit (MRU), of the bathymetry and side scan data are co-registerd allowing a precise target location and high detailed maps and 3D models.<\/p>\n<p>The system has an excellent bottom coverage (up to 12 times the water depth) with full nadir coverage (no gap).<\/p>\n<p>The system is lightweight and can be easily transported and mounted on a range of vessel sizes.<\/p>\n<h2 class=\"h2resize\">Typical applications of Swath Bathymetry and Side Scan Sonar:<\/h2>\n<ul>\n<li>Hydrographic surveys;<\/li>\n<li>Civil infrastrucutre investigations (dams, bridges, canals, piers, ports and platforms)<\/li>\n<li>Benthic habitat mapping;<\/li>\n<li>Nautical charting;<\/li>\n<li>Dreging operations;<\/li>\n<li>Archaeoligical studies\/searches;<\/li>\n<li>Route surveys.<\/li>\n<\/ul>\n<p>For more information on this next generation\u00a0technology, <a href=\"https:\/\/geophysicsgpr.com\/en\/contact\/\">contact our\u00a0Marine Survey Team<\/a>.<\/p>\n<\/div>\n<\/div><\/div><\/div><\/div><div id=\"pgc-91-0-1\"  class=\"panel-grid-cell\" ><div id=\"panel-91-0-1-0\" class=\"so-panel widget widget_sow-image panel-first-child panel-last-child\" data-index=\"1\" ><div class=\"panel-widget-style panel-widget-style-for-91-0-1-0\" ><div\n\t\t\t\n\t\t\tclass=\"so-widget-sow-image so-widget-sow-image-default-8b5b6f678277-91\"\n\t\t\t\n\t\t>\n<div class=\"sow-image-container\">\n\t\t<img loading=\"lazy\" decoding=\"async\" src=\"https:\/\/marine.geophysicsgpr.com\/wp-content\/uploads\/sites\/5\/2015\/07\/Marine_techniques_Swath.jpg\" width=\"225\" height=\"346\" srcset=\"https:\/\/marine.geophysicsgpr.com\/wp-content\/uploads\/sites\/5\/2015\/07\/Marine_techniques_Swath.jpg 225w, https:\/\/marine.geophysicsgpr.com\/wp-content\/uploads\/sites\/5\/2015\/07\/Marine_techniques_Swath-195x300.jpg 195w\" sizes=\"auto, (max-width: 225px) 100vw, 225px\" title=\"Marine_techniques_swath\" alt=\"Marine_techniques_swath\" \t\tclass=\"so-widget-image\"\/>\n\t<\/div>\n\n<\/div><\/div><\/div><\/div><\/div><div id=\"pg-91-1\"  class=\"panel-grid panel-no-style\" ><div id=\"pgc-91-1-0\"  class=\"panel-grid-cell\" ><div id=\"panel-91-1-0-0\" class=\"so-panel widget widget_sow-image panel-first-child panel-last-child\" data-index=\"2\" ><div class=\"panel-widget-style panel-widget-style-for-91-1-0-0\" ><div\n\t\t\t\n\t\t\tclass=\"so-widget-sow-image so-widget-sow-image-default-8b5b6f678277-91\"\n\t\t\t\n\t\t>\n<div class=\"sow-image-container\">\n\t\t<img loading=\"lazy\" decoding=\"async\" src=\"https:\/\/marine.geophysicsgpr.com\/wp-content\/uploads\/sites\/5\/2015\/07\/Marine_technqiues_swath.jpg\" width=\"640\" height=\"480\" srcset=\"https:\/\/marine.geophysicsgpr.com\/wp-content\/uploads\/sites\/5\/2015\/07\/Marine_technqiues_swath.jpg 640w, https:\/\/marine.geophysicsgpr.com\/wp-content\/uploads\/sites\/5\/2015\/07\/Marine_technqiues_swath-300x225.jpg 300w\" sizes=\"auto, (max-width: 640px) 100vw, 640px\" title=\"Marine_techniques_swath\" alt=\"Bathymetry and Side Scan Sonar\" \t\tclass=\"so-widget-image\"\/>\n\t<\/div>\n\n<\/div><\/div><\/div><\/div><div id=\"pgc-91-1-1\"  class=\"panel-grid-cell\" ><div id=\"panel-91-1-1-0\" class=\"so-panel widget widget_sow-image panel-first-child panel-last-child\" data-index=\"3\" ><div class=\"panel-widget-style panel-widget-style-for-91-1-1-0\" ><div\n\t\t\t\n\t\t\tclass=\"so-widget-sow-image so-widget-sow-image-default-8b5b6f678277-91\"\n\t\t\t\n\t\t>\n<div class=\"sow-image-container\">\n\t\t<img loading=\"lazy\" decoding=\"async\" src=\"https:\/\/marine.geophysicsgpr.com\/wp-content\/uploads\/sites\/5\/2015\/07\/Marine_techniques_swath_1.jpg\" width=\"640\" height=\"417\" srcset=\"https:\/\/marine.geophysicsgpr.com\/wp-content\/uploads\/sites\/5\/2015\/07\/Marine_techniques_swath_1.jpg 640w, https:\/\/marine.geophysicsgpr.com\/wp-content\/uploads\/sites\/5\/2015\/07\/Marine_techniques_swath_1-300x195.jpg 300w\" sizes=\"auto, (max-width: 640px) 100vw, 640px\" title=\"Bathym\u00e9trie &amp; Sonar \u00e0 balayage lat\u00e9ral\" alt=\"Bathymetry and Side Scan Sonar\" \t\tclass=\"so-widget-image\"\/>\n\t<\/div>\n\n<\/div><\/div><\/div><\/div><\/div><div id=\"pg-91-2\"  class=\"panel-grid panel-no-style\" ><div id=\"pgc-91-2-0\"  class=\"panel-grid-cell\" ><div id=\"panel-91-2-0-0\" class=\"so-panel widget widget_sow-editor panel-first-child panel-last-child\" data-index=\"4\" ><div class=\"texte-home-right article panel-widget-style panel-widget-style-for-91-2-0-0\" ><div\n\t\t\t\n\t\t\tclass=\"so-widget-sow-editor so-widget-sow-editor-base\"\n\t\t\t\n\t\t>\n<div class=\"siteorigin-widget-tinymce textwidget\">\n\t<p>Advantages of Geophysics GPR's combined Swath Bathymetry &amp; Side-scan Sonar system include:<\/p>\n<ul>\n<li>High number of receive channels for superior noise rejection \u00a0in shallow water surveys;<\/li>\n<li>Exceeds IHO SP-44, NOAA and USACE specifications for feature detection;<\/li>\n<li>Wide swath coverage allows surveys to be completed faster and safer;<\/li>\n<li>Lightweight, modular design allows for easier transport and configuration on available vessels.<\/li>\n<\/ul>\n<p>Contact our\u00a0<a href=\"mailto:daniel.bertrand@geophysicsgpr.com, info@geophysicsgpr.com\">Marine Survey Team<\/a>\u00a0for more information.<\/p>\n<\/div>\n<\/div><\/div><\/div><\/div><\/div><\/div>","protected":false},"excerpt":{"rendered":"<p>Geophysics GPR&#8217;s swath bathymetry system utilizes the latest technological advances in seafloor mapping. The system consists of a fully integrated wide swath bathymeter and a dual frequency side scan sonar. The positional data, recorded with high-precision RTK GPS and motion reference unit (MRU), of the bathymetry and side scan data are co-registerd allowing a precise&#8230;  <a href=\"https:\/\/marine.geophysicsgpr.com\/en\/marine-geophysics-techniques\/swath-bathymetry-and-side-scan-sonar\" class=\"more-link\" title=\"Read Swath Bathymetry and Side Scan Sonar\">Read more &raquo;<\/a><\/p>\n","protected":false},"author":1,"featured_media":78,"parent":14,"menu_order":0,"comment_status":"closed","ping_status":"closed","template":"page-full-width.php","meta":{"content-type":"","footnotes":""},"class_list":["post-91","page","type-page","status-publish","has-post-thumbnail","hentry"],"_links":{"self":[{"href":"https:\/\/marine.geophysicsgpr.com\/en\/wp-json\/wp\/v2\/pages\/91","targetHints":{"allow":["GET"]}}],"collection":[{"href":"https:\/\/marine.geophysicsgpr.com\/en\/wp-json\/wp\/v2\/pages"}],"about":[{"href":"https:\/\/marine.geophysicsgpr.com\/en\/wp-json\/wp\/v2\/types\/page"}],"author":[{"embeddable":true,"href":"https:\/\/marine.geophysicsgpr.com\/en\/wp-json\/wp\/v2\/users\/1"}],"replies":[{"embeddable":true,"href":"https:\/\/marine.geophysicsgpr.com\/en\/wp-json\/wp\/v2\/comments?post=91"}],"version-history":[{"count":24,"href":"https:\/\/marine.geophysicsgpr.com\/en\/wp-json\/wp\/v2\/pages\/91\/revisions"}],"predecessor-version":[{"id":1875,"href":"https:\/\/marine.geophysicsgpr.com\/en\/wp-json\/wp\/v2\/pages\/91\/revisions\/1875"}],"up":[{"embeddable":true,"href":"https:\/\/marine.geophysicsgpr.com\/en\/wp-json\/wp\/v2\/pages\/14"}],"wp:featuredmedia":[{"embeddable":true,"href":"https:\/\/marine.geophysicsgpr.com\/en\/wp-json\/wp\/v2\/media\/78"}],"wp:attachment":[{"href":"https:\/\/marine.geophysicsgpr.com\/en\/wp-json\/wp\/v2\/media?parent=91"}],"curies":[{"name":"wp","href":"https:\/\/api.w.org\/{rel}","templated":true}]}}