{"id":112,"date":"2015-07-22T17:43:16","date_gmt":"2015-07-22T16:43:16","guid":{"rendered":"http:\/\/marine.geophysicsgpr.com\/?page_id=112"},"modified":"2017-03-09T17:22:12","modified_gmt":"2017-03-09T16:22:12","slug":"courantometrie-et-mesure-des-marees","status":"publish","type":"page","link":"https:\/\/marine.geophysicsgpr.com\/fr\/techniques-geophysiques-marine\/courantometrie-et-mesure-des-marees","title":{"rendered":"Courantom\u00e9trie et mesure des mar\u00e9es"},"content":{"rendered":"<div id=\"pl-112\"  class=\"panel-layout\" ><div id=\"pg-112-0\"  class=\"panel-grid panel-no-style\" ><div id=\"pgc-112-0-0\"  class=\"panel-grid-cell\" ><div id=\"panel-112-0-0-0\" class=\"so-panel widget widget_sow-editor panel-first-child panel-last-child\" data-index=\"0\" ><div class=\"texte-home-right article panel-widget-style panel-widget-style-for-112-0-0-0\" ><div\n\t\t\t\n\t\t\tclass=\"so-widget-sow-editor so-widget-sow-editor-base\"\n\t\t\t\n\t\t>\n<div class=\"siteorigin-widget-tinymce textwidget\">\n\t<p>La courantom\u00e9trie et la mesure des mar\u00e9es tiennent dans la mesure pr\u00e9cise de la direction et de la vitesse des courants de fond dans un cours d\u2019eau, un lac ou en mer. GPR dispose de plusieurs types de courantom\u00e8tres adapt\u00e9s \u00e0 diff\u00e9rentes conditions de l\u2019eau, dont des syst\u00e8mes destin\u00e9s \u00e0 l\u2019\u00e9tablissement du profil des courants verticaux.<\/p>\n<p>La courantom\u00e9trie mesure avec pr\u00e9cision la direction et la vitesse du courant d'eau dans les lacs, rivi\u00e8res ou en mer.\u00a0 G\u00e9ophysique GPR poss\u00e8de diff\u00e9rents types de courantom\u00e8tres pour les diff\u00e9rentes conditions d'eau.<\/p>\n<p>Le courantom\u00e8tre \u00ab S-4 \u00bb de Inter-Ocean est capable de mesurer avec haute pr\u00e9cision, la vitesse et la direction du courant ainsi que la profondeur\u00a0\u00e0 intervalles de 6 minutes pendant plusieurs journ\u00e9es.\u00a0 Il peut donc fournir un profil vertical de vitesse de courant.<\/p>\n<h2 class=\"h2resize\">Applications de la courantom\u00e9trie :<\/h2>\n<ul>\n<li>\u00c9tude de r\u00e9am\u00e9nagement de port;<\/li>\n<li>\u00c9tude g\u00e9otechnique;<\/li>\n<li>\u00c9tude environnementale.<\/li>\n<\/ul>\n<p>\u00a0<\/p>\n<p>\u00a0<\/p>\n<p>Pour plus d'informations, veuillez contacter notre <span style=\"color: #013ca6\"><a style=\"color: #013ca6\" href=\"mailto:info@geophysicsgpr.com\">\u00c9quipe de lev\u00e9 marin<\/a><\/span>.<\/p>\n<\/div>\n<\/div><\/div><\/div><\/div><\/div><div id=\"pg-112-1\"  class=\"panel-grid panel-no-style\" ><div id=\"pgc-112-1-0\"  class=\"panel-grid-cell\" ><div id=\"panel-112-1-0-0\" class=\"so-panel widget widget_sow-image panel-first-child panel-last-child\" data-index=\"1\" ><div class=\"panel-widget-style panel-widget-style-for-112-1-0-0\" ><div\n\t\t\t\n\t\t\tclass=\"so-widget-sow-image so-widget-sow-image-default-8b5b6f678277-112\"\n\t\t\t\n\t\t>\n<div class=\"sow-image-container\">\n\t\t<img loading=\"lazy\" decoding=\"async\" src=\"https:\/\/marine.geophysicsgpr.com\/wp-content\/uploads\/sites\/5\/2015\/07\/Marine_techniques_current2-inset.jpg\" width=\"225\" height=\"236\" sizes=\"auto, (max-width: 225px) 100vw, 225px\" title=\"Marine_Techniques_Current_Tide\" alt=\"courantom\u00e9trie\" \t\tclass=\"so-widget-image\"\/>\n\t<\/div>\n\n<\/div><\/div><\/div><\/div><div id=\"pgc-112-1-1\"  class=\"panel-grid-cell\" ><div id=\"panel-112-1-1-0\" class=\"so-panel widget widget_sow-image panel-first-child panel-last-child\" data-index=\"2\" ><div class=\"panel-widget-style panel-widget-style-for-112-1-1-0\" ><div\n\t\t\t\n\t\t\tclass=\"so-widget-sow-image so-widget-sow-image-default-8b5b6f678277-112\"\n\t\t\t\n\t\t>\n<div class=\"sow-image-container\">\n\t\t<img loading=\"lazy\" decoding=\"async\" src=\"https:\/\/marine.geophysicsgpr.com\/wp-content\/uploads\/sites\/5\/2015\/07\/Marine_techniques_currentandtide_1.jpg\" width=\"640\" height=\"480\" srcset=\"https:\/\/marine.geophysicsgpr.com\/wp-content\/uploads\/sites\/5\/2015\/07\/Marine_techniques_currentandtide_1.jpg 640w, https:\/\/marine.geophysicsgpr.com\/wp-content\/uploads\/sites\/5\/2015\/07\/Marine_techniques_currentandtide_1-300x225.jpg 300w\" sizes=\"auto, (max-width: 640px) 100vw, 640px\" title=\"Courantom\u00e9trie et mesure des mar\u00e9es\" alt=\"courantom\u00e9trie\" \t\tclass=\"so-widget-image\"\/>\n\t<\/div>\n\n<\/div><\/div><\/div><\/div><\/div><\/div>","protected":false},"excerpt":{"rendered":"<p>La courantom\u00e9trie et la mesure des mar\u00e9es tiennent dans la mesure pr\u00e9cise de la direction et de la vitesse des courants de fond dans un cours d\u2019eau, un lac ou en mer. GPR dispose de plusieurs types de courantom\u00e8tres adapt\u00e9s \u00e0 diff\u00e9rentes conditions de l\u2019eau, dont des syst\u00e8mes destin\u00e9s \u00e0 l\u2019\u00e9tablissement du profil des courants&#8230;  <a href=\"https:\/\/marine.geophysicsgpr.com\/fr\/techniques-geophysiques-marine\/courantometrie-et-mesure-des-marees\" class=\"more-link\" title=\"Read Courantom\u00e9trie et mesure des mar\u00e9es\">Read more &raquo;<\/a><\/p>\n","protected":false},"author":1,"featured_media":78,"parent":16,"menu_order":0,"comment_status":"closed","ping_status":"closed","template":"page-full-width.php","meta":{"content-type":"","footnotes":""},"class_list":["post-112","page","type-page","status-publish","has-post-thumbnail","hentry"],"_links":{"self":[{"href":"https:\/\/marine.geophysicsgpr.com\/fr\/wp-json\/wp\/v2\/pages\/112","targetHints":{"allow":["GET"]}}],"collection":[{"href":"https:\/\/marine.geophysicsgpr.com\/fr\/wp-json\/wp\/v2\/pages"}],"about":[{"href":"https:\/\/marine.geophysicsgpr.com\/fr\/wp-json\/wp\/v2\/types\/page"}],"author":[{"embeddable":true,"href":"https:\/\/marine.geophysicsgpr.com\/fr\/wp-json\/wp\/v2\/users\/1"}],"replies":[{"embeddable":true,"href":"https:\/\/marine.geophysicsgpr.com\/fr\/wp-json\/wp\/v2\/comments?post=112"}],"version-history":[{"count":12,"href":"https:\/\/marine.geophysicsgpr.com\/fr\/wp-json\/wp\/v2\/pages\/112\/revisions"}],"predecessor-version":[{"id":1617,"href":"https:\/\/marine.geophysicsgpr.com\/fr\/wp-json\/wp\/v2\/pages\/112\/revisions\/1617"}],"up":[{"embeddable":true,"href":"https:\/\/marine.geophysicsgpr.com\/fr\/wp-json\/wp\/v2\/pages\/16"}],"wp:featuredmedia":[{"embeddable":true,"href":"https:\/\/marine.geophysicsgpr.com\/fr\/wp-json\/wp\/v2\/media\/78"}],"wp:attachment":[{"href":"https:\/\/marine.geophysicsgpr.com\/fr\/wp-json\/wp\/v2\/media?parent=112"}],"curies":[{"name":"wp","href":"https:\/\/api.w.org\/{rel}","templated":true}]}}