{"id":132,"date":"2015-07-22T17:48:08","date_gmt":"2015-07-22T16:48:08","guid":{"rendered":"http:\/\/marine.geophysicsgpr.com\/?page_id=132"},"modified":"2017-03-09T17:27:49","modified_gmt":"2017-03-09T16:27:49","slug":"securite-maritime","status":"publish","type":"page","link":"https:\/\/marine.geophysicsgpr.com\/fr\/techniques-geophysiques-marine\/securite-maritime","title":{"rendered":"S\u00e9curit\u00e9 maritime"},"content":{"rendered":"<div id=\"pl-132\"  class=\"panel-layout\" ><div id=\"pg-132-0\"  class=\"panel-grid panel-no-style\" ><div id=\"pgc-132-0-0\"  class=\"panel-grid-cell\" ><div id=\"panel-132-0-0-0\" class=\"so-panel widget widget_sow-editor panel-first-child panel-last-child\" data-index=\"0\" ><div class=\"texte-home-right article panel-widget-style panel-widget-style-for-132-0-0-0\" ><div\n\t\t\t\n\t\t\tclass=\"so-widget-sow-editor so-widget-sow-editor-base\"\n\t\t\t\n\t\t>\n<div class=\"siteorigin-widget-tinymce textwidget\">\n\t<p>G\u00e9ophysique GPR dispose du personnel sp\u00e9cialis\u00e9 et des \u00e9quipements n\u00e9cessaires pour fournir des services de s\u00e9curit\u00e9 maritime pour vos \u00e9quipes travaillant sur ou pr\u00e8s des cours d'eau.<\/p>\n<p>Les proc\u00e9dures de s\u00e9curit\u00e9 impliquent des codes qui pourraient, en mati\u00e8re maritime, entrer en contradiction avec le vieux principe universel de \u00ab\u00a0libert\u00e9 des mers\u00a0\u00bb. Elles peuvent concerner des espaces marins ou littoraux, publics ou priv\u00e9s, relevant de la responsabilit\u00e9 d'\u00c9tats. Elles pourraient concerner aussi des zones situ\u00e9es dans les eaux\u00a0internationales.<\/p>\n<p>GPR peut fournir :<\/p>\n<ul>\n<li>Les navires de sauvetage et de soutien;<\/li>\n<li>Sauvetage maritime et de personnel qualifi\u00e9 param\u00e9dical;<\/li>\n<li>Des plans de s\u00e9curit\u00e9 et de sauvetage maritime.<\/li>\n<\/ul>\n<h2 class=\"h2resize\">Le domaine de la s\u00e9curit\u00e9 maritime pr\u00e9sente de multiples enjeux :<\/h2>\n<ul>\n<li>Enjeu de s\u00e9curit\u00e9 des personnes et des biens ; pour les marins, les passagers, les navires, et les usagers de la mer et des littoraux, avec des risques croissants li\u00e9s au trafic \u00e9lev\u00e9 de navires au tonnage de plus en plus \u00e9lev\u00e9, \u00e0 la vitesse croissante des ferries, et autres transports rapides de voyageurs;<\/li>\n<li>Enjeux pour la s\u00e9curit\u00e9 des gens de mer, qui repr\u00e9sentent aujourd'hui la population la plus expos\u00e9e du monde du travail au risque d'accident;<\/li>\n<li>Enjeux environnementaux (ex. : pollution accidentelle, rejets illicites);<\/li>\n<li>Enjeux sanitaires (le transport maritime est une source de transferts de microbes et propagules \u00e0 potentiel \u00e9pid\u00e9mique);<\/li>\n<li>Enjeux \u00e9conomique : La perte d'un navire et de sa cargaison est une perte de valeur, de m\u00eame que la pollution induite par les naufrages, elle co\u00fbte cher aux assureurs. Ceci est particuli\u00e8rement vrai pour les navires g\u00e9ants ou transportant des mati\u00e8res pr\u00e9cieuses.<\/li>\n<\/ul>\n<p>\u00a0<\/p>\n<p>\u00a0<\/p>\n<p>Pour plus d'informations, veuillez contacter notre <span style=\"color: #013ca6\"><a style=\"color: #013ca6\" href=\"mailto:info@geophysicsgpr.com\">\u00c9quipe de lev\u00e9 marin<\/a><\/span>.<\/p>\n<\/div>\n<\/div><\/div><\/div><\/div><div id=\"pgc-132-0-1\"  class=\"panel-grid-cell\" ><div id=\"panel-132-0-1-0\" class=\"so-panel widget widget_sow-image panel-first-child panel-last-child\" data-index=\"1\" ><div class=\"panel-widget-style panel-widget-style-for-132-0-1-0\" ><div\n\t\t\t\n\t\t\tclass=\"so-widget-sow-image so-widget-sow-image-default-8b5b6f678277-132\"\n\t\t\t\n\t\t>\n<div class=\"sow-image-container\">\n\t\t<img loading=\"lazy\" decoding=\"async\" src=\"https:\/\/marine.geophysicsgpr.com\/wp-content\/uploads\/sites\/5\/2015\/07\/marine_applications_safety-2_insert.jpg\" width=\"151\" height=\"225\" sizes=\"auto, (max-width: 151px) 100vw, 151px\" title=\"Marine techniques Safety\" alt=\"S\u00e9curit\u00e9 maritime\" \t\tclass=\"so-widget-image\"\/>\n\t<\/div>\n\n<\/div><\/div><\/div><\/div><\/div><div id=\"pg-132-1\"  class=\"panel-grid panel-no-style\" ><div id=\"pgc-132-1-0\"  class=\"panel-grid-cell\" ><div id=\"panel-132-1-0-0\" class=\"so-panel widget widget_sow-image panel-first-child panel-last-child\" data-index=\"2\" ><div class=\"panel-widget-style panel-widget-style-for-132-1-0-0\" ><div\n\t\t\t\n\t\t\tclass=\"so-widget-sow-image so-widget-sow-image-default-8b5b6f678277-132\"\n\t\t\t\n\t\t>\n<div class=\"sow-image-container\">\n\t\t<img loading=\"lazy\" decoding=\"async\" src=\"https:\/\/marine.geophysicsgpr.com\/wp-content\/uploads\/sites\/5\/2015\/07\/Marine_safety2.jpg\" width=\"640\" height=\"480\" srcset=\"https:\/\/marine.geophysicsgpr.com\/wp-content\/uploads\/sites\/5\/2015\/07\/Marine_safety2.jpg 640w, https:\/\/marine.geophysicsgpr.com\/wp-content\/uploads\/sites\/5\/2015\/07\/Marine_safety2-300x225.jpg 300w\" sizes=\"auto, (max-width: 640px) 100vw, 640px\" title=\"Marine techniques Safety\" alt=\"S\u00e9curit\u00e9 maritime\" \t\tclass=\"so-widget-image\"\/>\n\t<\/div>\n\n<\/div><\/div><\/div><\/div><div id=\"pgc-132-1-1\"  class=\"panel-grid-cell\" ><div id=\"panel-132-1-1-0\" class=\"so-panel widget widget_sow-image panel-first-child panel-last-child\" data-index=\"3\" ><div class=\"panel-widget-style panel-widget-style-for-132-1-1-0\" ><div\n\t\t\t\n\t\t\tclass=\"so-widget-sow-image so-widget-sow-image-default-8b5b6f678277-132\"\n\t\t\t\n\t\t>\n<div class=\"sow-image-container\">\n\t\t<img loading=\"lazy\" decoding=\"async\" src=\"https:\/\/marine.geophysicsgpr.com\/wp-content\/uploads\/sites\/5\/2015\/07\/marine_safety_1.jpg\" width=\"640\" height=\"480\" srcset=\"https:\/\/marine.geophysicsgpr.com\/wp-content\/uploads\/sites\/5\/2015\/07\/marine_safety_1.jpg 640w, https:\/\/marine.geophysicsgpr.com\/wp-content\/uploads\/sites\/5\/2015\/07\/marine_safety_1-300x225.jpg 300w\" sizes=\"auto, (max-width: 640px) 100vw, 640px\" title=\"S\u00e9curit\u00e9 maritime\" alt=\"S\u00e9curit\u00e9 maritime\" \t\tclass=\"so-widget-image\"\/>\n\t<\/div>\n\n<\/div><\/div><\/div><\/div><\/div><\/div>","protected":false},"excerpt":{"rendered":"<p>G\u00e9ophysique GPR dispose du personnel sp\u00e9cialis\u00e9 et des \u00e9quipements n\u00e9cessaires pour fournir des services de s\u00e9curit\u00e9 maritime pour vos \u00e9quipes travaillant sur ou pr\u00e8s des cours d&rsquo;eau.Les proc\u00e9dures de s\u00e9curit\u00e9 impliquent des codes qui pourraient, en mati\u00e8re maritime, entrer en contradiction avec le vieux principe universel de \u00ab\u00a0libert\u00e9 des mers\u00a0\u00bb. Elles peuvent concerner des espaces&#8230;  <a href=\"https:\/\/marine.geophysicsgpr.com\/fr\/techniques-geophysiques-marine\/securite-maritime\" class=\"more-link\" title=\"Read S\u00e9curit\u00e9 maritime\">Read more &raquo;<\/a><\/p>\n","protected":false},"author":1,"featured_media":78,"parent":16,"menu_order":0,"comment_status":"closed","ping_status":"closed","template":"page-full-width.php","meta":{"content-type":"","footnotes":""},"class_list":["post-132","page","type-page","status-publish","has-post-thumbnail","hentry"],"_links":{"self":[{"href":"https:\/\/marine.geophysicsgpr.com\/fr\/wp-json\/wp\/v2\/pages\/132","targetHints":{"allow":["GET"]}}],"collection":[{"href":"https:\/\/marine.geophysicsgpr.com\/fr\/wp-json\/wp\/v2\/pages"}],"about":[{"href":"https:\/\/marine.geophysicsgpr.com\/fr\/wp-json\/wp\/v2\/types\/page"}],"author":[{"embeddable":true,"href":"https:\/\/marine.geophysicsgpr.com\/fr\/wp-json\/wp\/v2\/users\/1"}],"replies":[{"embeddable":true,"href":"https:\/\/marine.geophysicsgpr.com\/fr\/wp-json\/wp\/v2\/comments?post=132"}],"version-history":[{"count":14,"href":"https:\/\/marine.geophysicsgpr.com\/fr\/wp-json\/wp\/v2\/pages\/132\/revisions"}],"predecessor-version":[{"id":1620,"href":"https:\/\/marine.geophysicsgpr.com\/fr\/wp-json\/wp\/v2\/pages\/132\/revisions\/1620"}],"up":[{"embeddable":true,"href":"https:\/\/marine.geophysicsgpr.com\/fr\/wp-json\/wp\/v2\/pages\/16"}],"wp:featuredmedia":[{"embeddable":true,"href":"https:\/\/marine.geophysicsgpr.com\/fr\/wp-json\/wp\/v2\/media\/78"}],"wp:attachment":[{"href":"https:\/\/marine.geophysicsgpr.com\/fr\/wp-json\/wp\/v2\/media?parent=132"}],"curies":[{"name":"wp","href":"https:\/\/api.w.org\/{rel}","templated":true}]}}