{"id":162,"date":"2015-07-22T17:58:16","date_gmt":"2015-07-22T16:58:16","guid":{"rendered":"http:\/\/marine.geophysicsgpr.com\/?page_id=162"},"modified":"2017-03-09T17:29:23","modified_gmt":"2017-03-09T16:29:23","slug":"exploration-gaziere-et-petroliere","status":"publish","type":"page","link":"https:\/\/marine.geophysicsgpr.com\/fr\/applications-geophysique-marine\/exploration-gaziere-et-petroliere","title":{"rendered":"Exploration gazi\u00e8re et p\u00e9troli\u00e8re"},"content":{"rendered":"<div id=\"pl-162\"  class=\"panel-layout\" ><div id=\"pg-162-0\"  class=\"panel-grid panel-no-style\" ><div id=\"pgc-162-0-0\"  class=\"panel-grid-cell\" ><div id=\"panel-162-0-0-0\" class=\"so-panel widget widget_sow-editor panel-first-child panel-last-child\" data-index=\"0\" ><div class=\"texte-home-right article panel-widget-style panel-widget-style-for-162-0-0-0\" ><div\n\t\t\t\n\t\t\tclass=\"so-widget-sow-editor so-widget-sow-editor-base\"\n\t\t\t\n\t\t>\n<div class=\"siteorigin-widget-tinymce textwidget\">\n\t<p>G\u00e9ophysique GPR poss\u00e8de une vaste exp\u00e9rience \u00a0dans le domaine sp\u00e9cialis\u00e9 de l'exploration gazi\u00e8re et p\u00e9troli\u00e8re. Au cours des 30 derni\u00e8res ann\u00e9es, GPR a men\u00e9 des \u00e9tudes de prospection pour le compte de nombreux clients dans tout le Canada et \u00e0 travers le monde et ce avec grand succ\u00e8s\u00a0dans le domaine de l'exploration gazi\u00e8re et p\u00e9troli\u00e8re.<\/p>\n<p>Avec ses partenaires, G\u00e9ophysique GPR International utilise du mat\u00e9riel d\u2019exploration sismique \u00e0 la fine pointe de la technologie, afin de d\u00e9terminer avec pr\u00e9cision l\u2019emplacement de d\u00e9p\u00f4ts de charbon, de gaz naturel et de p\u00e9trole, tant sur terre que dans l\u2019eau. Gr\u00e2ce \u00e0 des ententes de coentreprise, l\u2019expertise unique de GPR lui assure une participation privil\u00e9gi\u00e9e dans la r\u00e9alisation de maints projets men\u00e9s par les grands joueurs du secteur du p\u00e9trole et de l'\u00e9nergie. L\u2019objectif de la prospection est de localiser un gisement. L\u2019exploration doit en v\u00e9rifier l\u2019existence et en \u00e9valuer l\u2019importance et la qualit\u00e9 gr\u00e2ce \u00e0 des forages dont l\u2019emplacement est d\u00e9termin\u00e9 en associant g\u00e9ologie et g\u00e9ophysique.<\/p>\n<h3>Au niveau de l'exploration gazi\u00e8re et p\u00e9troli\u00e8re, GPR offre les services suivants :<\/h3>\n<ul>\n<li><a href=\"http:\/\/marine.geophysicsgpr.com\/fr\/techniques-geophysiques-marine\/techniques-sismiques-marine\">Recueil et traitement de donn\u00e9es sismiques 2D et 3D<\/a>;<\/li>\n<li><a href=\"http:\/\/marine.geophysicsgpr.com\/fr\/techniques-geophysiques-marine\/magnetometrie\">Recueil et traitement de donn\u00e9es magn\u00e9tiques et gravim\u00e9triques<\/a>;<\/li>\n<li><a href=\"http:\/\/marine.geophysicsgpr.com\/fr\/applications-geophysique-marine\/environnement\/etude-des-sediments-marin\">\u00c9tude sur le bassin s\u00e9dimentaire r\u00e9gional<\/a>;<\/li>\n<li>Lev\u00e9s d'emplacement pour les sites d\u2019appareils de forage au large.<\/li>\n<\/ul>\n<p>\u00a0<\/p>\n<p>\u00a0<\/p>\n<p>Pour plus d'information, veuillez contacter notre <span style=\"color: #013ca6\"><a style=\"color: #013ca6\" href=\"mailto:info@geophysicsgpr.com\">\u00c9quipe de lev\u00e9 marin<\/a><\/span>.<\/p>\n<\/div>\n<\/div><\/div><\/div><\/div><\/div><div id=\"pg-162-1\"  class=\"panel-grid panel-no-style\" ><div id=\"pgc-162-1-0\"  class=\"panel-grid-cell\" ><div id=\"panel-162-1-0-0\" class=\"so-panel widget widget_sow-image panel-first-child panel-last-child\" data-index=\"1\" ><div class=\"panel-widget-style panel-widget-style-for-162-1-0-0\" ><div\n\t\t\t\n\t\t\tclass=\"so-widget-sow-image so-widget-sow-image-default-8b5b6f678277-162\"\n\t\t\t\n\t\t>\n<div class=\"sow-image-container\">\n\t\t<img loading=\"lazy\" decoding=\"async\" src=\"https:\/\/marine.geophysicsgpr.com\/wp-content\/uploads\/sites\/5\/2015\/07\/Marine_application_oilandgas_1.jpg\" width=\"169\" height=\"225\" sizes=\"auto, (max-width: 169px) 100vw, 169px\" title=\"Marine_application_oilandgas_1\" alt=\"Exploration gazi\u00e8re et petroli\u00e8re\" \t\tclass=\"so-widget-image\"\/>\n\t<\/div>\n\n<\/div><\/div><\/div><\/div><div id=\"pgc-162-1-1\"  class=\"panel-grid-cell\" ><div id=\"panel-162-1-1-0\" class=\"so-panel widget widget_sow-image panel-first-child panel-last-child\" data-index=\"2\" ><div class=\"panel-widget-style panel-widget-style-for-162-1-1-0\" ><div\n\t\t\t\n\t\t\tclass=\"so-widget-sow-image so-widget-sow-image-default-8b5b6f678277-162\"\n\t\t\t\n\t\t>\n<div class=\"sow-image-container\">\n\t\t<img loading=\"lazy\" decoding=\"async\" src=\"https:\/\/marine.geophysicsgpr.com\/wp-content\/uploads\/sites\/5\/2015\/07\/Marine_applications_oil_gas.jpg\" width=\"640\" height=\"480\" srcset=\"https:\/\/marine.geophysicsgpr.com\/wp-content\/uploads\/sites\/5\/2015\/07\/Marine_applications_oil_gas.jpg 640w, https:\/\/marine.geophysicsgpr.com\/wp-content\/uploads\/sites\/5\/2015\/07\/Marine_applications_oil_gas-300x225.jpg 300w\" sizes=\"auto, (max-width: 640px) 100vw, 640px\" title=\"Marine_applications_oil_gas\" alt=\"Exploration gazi\u00e8re et petroli\u00e8re\" \t\tclass=\"so-widget-image\"\/>\n\t<\/div>\n\n<\/div><\/div><\/div><\/div><\/div><\/div>","protected":false},"excerpt":{"rendered":"<p>G\u00e9ophysique GPR poss\u00e8de une vaste exp\u00e9rience \u00a0dans le domaine sp\u00e9cialis\u00e9 de l&rsquo;exploration gazi\u00e8re et p\u00e9troli\u00e8re. Au cours des 30 derni\u00e8res ann\u00e9es, GPR a men\u00e9 des \u00e9tudes de prospection pour le compte de nombreux clients dans tout le Canada et \u00e0 travers le monde et ce avec grand succ\u00e8s\u00a0dans le domaine de l&rsquo;exploration gazi\u00e8re et p\u00e9troli\u00e8re.Avec&#8230;  <a href=\"https:\/\/marine.geophysicsgpr.com\/fr\/applications-geophysique-marine\/exploration-gaziere-et-petroliere\" class=\"more-link\" title=\"Read Exploration gazi\u00e8re et p\u00e9troli\u00e8re\">Read more &raquo;<\/a><\/p>\n","protected":false},"author":1,"featured_media":78,"parent":21,"menu_order":0,"comment_status":"closed","ping_status":"closed","template":"page-full-width.php","meta":{"content-type":"","footnotes":""},"class_list":["post-162","page","type-page","status-publish","has-post-thumbnail","hentry"],"_links":{"self":[{"href":"https:\/\/marine.geophysicsgpr.com\/fr\/wp-json\/wp\/v2\/pages\/162","targetHints":{"allow":["GET"]}}],"collection":[{"href":"https:\/\/marine.geophysicsgpr.com\/fr\/wp-json\/wp\/v2\/pages"}],"about":[{"href":"https:\/\/marine.geophysicsgpr.com\/fr\/wp-json\/wp\/v2\/types\/page"}],"author":[{"embeddable":true,"href":"https:\/\/marine.geophysicsgpr.com\/fr\/wp-json\/wp\/v2\/users\/1"}],"replies":[{"embeddable":true,"href":"https:\/\/marine.geophysicsgpr.com\/fr\/wp-json\/wp\/v2\/comments?post=162"}],"version-history":[{"count":24,"href":"https:\/\/marine.geophysicsgpr.com\/fr\/wp-json\/wp\/v2\/pages\/162\/revisions"}],"predecessor-version":[{"id":1622,"href":"https:\/\/marine.geophysicsgpr.com\/fr\/wp-json\/wp\/v2\/pages\/162\/revisions\/1622"}],"up":[{"embeddable":true,"href":"https:\/\/marine.geophysicsgpr.com\/fr\/wp-json\/wp\/v2\/pages\/21"}],"wp:featuredmedia":[{"embeddable":true,"href":"https:\/\/marine.geophysicsgpr.com\/fr\/wp-json\/wp\/v2\/media\/78"}],"wp:attachment":[{"href":"https:\/\/marine.geophysicsgpr.com\/fr\/wp-json\/wp\/v2\/media?parent=162"}],"curies":[{"name":"wp","href":"https:\/\/api.w.org\/{rel}","templated":true}]}}