{"id":1676,"date":"2018-03-15T16:57:45","date_gmt":"2018-03-15T15:57:45","guid":{"rendered":"http:\/\/marine.geophysicsgpr.com\/fr\/?page_id=1676"},"modified":"2020-06-16T19:00:37","modified_gmt":"2020-06-16T18:00:37","slug":"accueil-2","status":"publish","type":"page","link":"https:\/\/marine.geophysicsgpr.com\/fr","title":{"rendered":"Accueil"},"content":{"rendered":"<div id=\"pl-1676\"  class=\"panel-layout\" ><div id=\"pg-1676-0\"  class=\"panel-grid panel-has-style\" ><div class=\"siteorigin-panels-stretch panel-row-style panel-row-style-for-1676-0\" data-stretch-type=\"full\" ><div id=\"pgc-1676-0-0\"  class=\"panel-grid-cell\" ><div id=\"panel-1676-0-0-0\" class=\"so-panel widget widget_siteorigin-panels-builder panel-first-child panel-last-child\" data-index=\"0\" ><div class=\"container panel-widget-style panel-widget-style-for-1676-0-0-0\" ><div id=\"pl-w5b0c28ee7a52a\"  class=\"panel-layout\" ><div id=\"pg-w5b0c28ee7a52a-0\"  class=\"panel-grid panel-has-style\" ><div class=\"panel-row-style panel-row-style-for-w5b0c28ee7a52a-0\" ><div id=\"pgc-w5b0c28ee7a52a-0-0\"  class=\"panel-grid-cell\" ><div id=\"panel-w5b0c28ee7a52a-0-0-0\" class=\"so-panel widget widget_sow-editor panel-first-child panel-last-child\" data-index=\"0\" ><div class=\"panel-widget-style panel-widget-style-for-w5b0c28ee7a52a-0-0-0\" ><div\n\t\t\t\n\t\t\tclass=\"so-widget-sow-editor so-widget-sow-editor-base\"\n\t\t\t\n\t\t>\n<div class=\"siteorigin-widget-tinymce textwidget\">\n\t<h2 class=\"newhomeh2\" style=\"text-transform: none;\">G\u00e9ophysique GPR offre des services de lev\u00e9s g\u00e9ophysiques a\u00e9roport\u00e9s, marins et terrestres pour des clients au Canada et ailleurs dans le monde.<\/h2>\n<h2 class=\"newhomeh2\" style=\"text-transform: none; color: #fa4c06;\">Apprenez-en plus sur nos op\u00e9rations marines.<\/h2>\n<div style=\"background-color: #fa4c06; width: 200px; height: 8px;\">\u00a0<\/div>\n<\/div>\n<\/div><\/div><\/div><\/div><div id=\"pgc-w5b0c28ee7a52a-0-1\"  class=\"panel-grid-cell\" ><div id=\"panel-w5b0c28ee7a52a-0-1-0\" class=\"so-panel widget widget_sow-editor panel-first-child panel-last-child\" data-index=\"1\" ><div class=\"panel-widget-style panel-widget-style-for-w5b0c28ee7a52a-0-1-0\" ><div\n\t\t\t\n\t\t\tclass=\"so-widget-sow-editor so-widget-sow-editor-base\"\n\t\t\t\n\t\t>\n<div class=\"siteorigin-widget-tinymce textwidget\">\n\t<div style=\"text-align: center;\"><img decoding=\"async\" class=\"alignright\" style=\"width: 75px;\" src=\"http:\/\/geophysicsgpr.com\/wp-content\/themes\/theme-geophysics\/images\/ground-marine-ico_blue.svg\" alt=\"G\u00e9ophysique Marine\" title=\"G\u00e9ophysique Marine\" \/><\/div>\n<\/div>\n<\/div><\/div><\/div><\/div><\/div><\/div><\/div><\/div><\/div><\/div><\/div><\/div><div id=\"pg-1676-1\"  class=\"panel-grid panel-no-style\" ><div id=\"pgc-1676-1-0\"  class=\"panel-grid-cell\" ><div id=\"panel-1676-1-0-0\" class=\"so-panel widget widget_sow-editor panel-first-child panel-last-child\" data-index=\"1\" ><div\n\t\t\t\n\t\t\tclass=\"so-widget-sow-editor so-widget-sow-editor-base\"\n\t\t\t\n\t\t>\n<div class=\"siteorigin-widget-tinymce textwidget\">\n\t<div id=\"wondercarousellightbox_options\" data-skinsfoldername=\"\"  data-jsfolder=\"https:\/\/marine.geophysicsgpr.com\/wp-content\/plugins\/wonderplugin-carousel\/engine\/\" style=\"display:none;\"><\/div>\r\n<style type=\"text\/css\">@import url(https:\/\/fonts.googleapis.com\/css?family=Open+Sans);  #wonderplugincarousel-5 .amazingcarousel-image {\t \tposition: relative; \tpadding: 0px; }  #wonderplugincarousel-5 .amazingcarousel-image img { \tdisplay: block; \twidth: 100%; \tmax-width: 100%; \tborder: 0; \tmargin: 0; \tpadding: 0; \t-moz-border-radius: 4px; \t-webkit-border-radius: 4px; \tborder-radius: 4px; \t-moz-box-shadow:  0 1px 4px rgba(0, 0, 0, 0.2); \t-webkit-box-shadow: 0 1px 4px rgba(0, 0, 0, 0.2); \tbox-shadow: 0 1px 4px rgba(0, 0, 0, 0.2); }  #wonderplugincarousel-5 .amazingcarousel-title { \tposition:absolute;         z-index:999;         top:0; \tfont:16px \"Open Sans\", sans-serif; \tcolor:#FFFFFF;         width:98%;         border-top-left-radius:4px;         border-top-right-radius:4px;         padding-top:15px;         padding-bottom:15px;         background-color:#fa4c06; \tmargin:6px; \ttext-align:center;         margin-left:0;         margin-top:4px       }  #wonderplugincarousel-5 .amazingcarousel-list-container {  \tpadding: 16px 0; }  #wonderplugincarousel-5 .amazingcarousel-item-container { \ttext-align: center; \tpadding: 4px; }  #wonderplugincarousel-5 .amazingcarousel-prev { \tleft: 0%; \ttop: 45%; \tmargin-left: -35px; \tmargin-top: -9px; }  #wonderplugincarousel-5 .amazingcarousel-next { \tright: 0%; \ttop: 45%; \tmargin-right: -35px; \tmargin-top: -9px; }  @media (max-width: 400px){ #wonderplugincarousel-5 .amazingcarousel-prev { \tdisplay: none!important; }  #wonderplugincarousel-5 .amazingcarousel-next { \tdisplay: none!important; } }  #wonderplugincarousel-5 .amazingcarousel-nav { \tposition: absolute; \twidth: 100%; \ttop: 100%; }  #wonderplugincarousel-5 .amazingcarousel-bullet-wrapper { \tmargin: 4px auto; }<\/style><div class=\"wonderplugincarousel\" id=\"wonderplugincarousel-5\" data-carouselid=\"5\" data-width=\"375\" data-height=\"340\" data-skin=\"simplicity\" data-autoplay=\"true\" data-random=\"false\" data-circular=\"true\" data-pauseonmouseover=\"true\" data-continuous=\"false\" data-responsive=\"true\" data-showhoveroverlay=\"false\" data-showhoveroverlayalways=\"false\" data-lightboxresponsive=\"true\" data-lightboxshownavigation=\"false\" data-lightboxnogroup=\"false\" data-lightboxshowtitle=\"true\" data-lightboxshowdescription=\"false\" data-usescreenquery=\"false\" data-donotinit=\"false\" data-addinitscript=\"false\" data-rownumber=\"1\" data-visibleitems=\"3\" data-arrowstyle=\"always\" data-arrowimage=\"arrows-32-32-2.png\" data-arrowwidth=\"32\" data-arrowheight=\"32\" data-navstyle=\"none\" data-navimage=\"bullet-16-16-0.png\" data-navwidth=\"16\" data-navheight=\"16\" data-navspacing=\"8\" data-hoveroverlayimage=\"hoveroverlay-64-64-6.png\" data-lightboxthumbwidth=\"90\" data-lightboxthumbheight=\"60\" data-lightboxthumbtopmargin=\"12\" data-lightboxthumbbottommargin=\"4\" data-lightboxbarheight=\"64\" data-lightboxtitlebottomcss=\"{color:#333; font-size:14px; font-family:Armata,sans-serif,Arial; overflow:hidden; text-align:left;}\" data-lightboxdescriptionbottomcss=\"{color:#333; font-size:12px; font-family:Arial,Helvetica,sans-serif; overflow:hidden; text-align:left; margin:4px 0px 0px; padding: 0px;}\" data-screenquery='{ \"tablet\": { \"screenwidth\": 900, \"visibleitems\": 2 }, \"mobile\": { \"screenwidth\": 600, \"visibleitems\": 1 } }' data-jsfolder=\"https:\/\/marine.geophysicsgpr.com\/wp-content\/plugins\/wonderplugin-carousel\/engine\/\" style=\"display:none;position:relative;margin:0 auto;width:100%;max-width:1125px;\" ><div class=\"amazingcarousel-list-container\" style=\"overflow:hidden;\"><ul class=\"amazingcarousel-list\"><li class=\"amazingcarousel-item\"><div class=\"amazingcarousel-item-container\"><div class=\"amazingcarousel-image\"><a href=\"http:\/\/marine.geophysicsgpr.com\/fr\/techniques-geophysiques-marine\/bathymetrie\"><img decoding=\"async\" src=\"http:\/\/marine.geophysicsgpr.com\/wp-content\/uploads\/sites\/5\/2015\/08\/Bathym\u00e9trie_G\u00e9oradar.jpg\" alt=\"Bathym\u00e9trie\" data-description=\"Marine_applications_Civil_Dredging\" \/><\/a><\/div>\n<div class=\"amazingcarousel-title\">Bathym\u00e9trie<\/div><\/div><\/li><li class=\"amazingcarousel-item\"><div class=\"amazingcarousel-item-container\"><div class=\"amazingcarousel-image\"><a href=\"http:\/\/marine.geophysicsgpr.com\/fr\/techniques-geophysiques-marine\/sonar-a-balayage-lateral\"><img decoding=\"async\" src=\"http:\/\/marine.geophysicsgpr.com\/wp-content\/uploads\/sites\/5\/2015\/08\/side-scan-sonar.jpg\" alt=\"Sonar \u00e0 balayage lat\u00e9ral\" data-description=\"\" \/><\/a><\/div>\n<div class=\"amazingcarousel-title\">Sonar \u00e0 balayage lat\u00e9ral<\/div><\/div><\/li><li class=\"amazingcarousel-item\"><div class=\"amazingcarousel-item-container\"><div class=\"amazingcarousel-image\"><a href=\"http:\/\/marine.geophysicsgpr.com\/fr\/techniques-geophysiques-marine\/bathymetrie-sonar-a-balayage-lateral\"><img decoding=\"async\" src=\"http:\/\/marine.geophysicsgpr.com\/wp-content\/uploads\/sites\/5\/2015\/07\/Marine_technqiues_swath.jpg\" alt=\"Bathym\u00e9trie et Sonar \u00e0 balayage lat\u00e9ral\" data-description=\"Marine_techniques_swath\" \/><\/a><\/div>\n<div class=\"amazingcarousel-title\">Bathym\u00e9trie et Sonar \u00e0 balayage lat\u00e9ral<\/div><\/div><\/li><li class=\"amazingcarousel-item\"><div class=\"amazingcarousel-item-container\"><div class=\"amazingcarousel-image\"><a href=\"http:\/\/marine.geophysicsgpr.com\/fr\/techniques-geophysiques-marine\/techniques-sismiques-marine\"><img decoding=\"async\" src=\"http:\/\/marine.geophysicsgpr.com\/wp-content\/uploads\/sites\/5\/2015\/08\/techniques-sismiques-marine.jpg\" alt=\"Sismique\" data-description=\"Marine_techniques_seismic_inset\" \/><\/a><\/div>\n<div class=\"amazingcarousel-title\">Sismique<\/div><\/div><\/li><li class=\"amazingcarousel-item\"><div class=\"amazingcarousel-item-container\"><div class=\"amazingcarousel-image\"><a href=\"http:\/\/marine.geophysicsgpr.com\/fr\/techniques-geophysiques-marine\/le-profilage-du-sous-sol\"><img decoding=\"async\" src=\"http:\/\/marine.geophysicsgpr.com\/wp-content\/uploads\/sites\/5\/2015\/08\/Marine_Techniques_SBP-inset.jpg\" alt=\"Le profilage du sous-sol\" data-description=\"\" \/><\/a><\/div>\n<div class=\"amazingcarousel-title\">Le profilage du sous-sol<\/div><\/div><\/li><li class=\"amazingcarousel-item\"><div class=\"amazingcarousel-item-container\"><div class=\"amazingcarousel-image\"><a href=\"http:\/\/marine.geophysicsgpr.com\/fr\/techniques-geophysiques-marine\/courantometrie-et-mesure-des-marees\"><img decoding=\"async\" src=\"http:\/\/marine.geophysicsgpr.com\/wp-content\/uploads\/sites\/5\/2015\/07\/Marine_techniques_currentandtide_1.jpg\" alt=\"Courantom\u00e9trie et mesure des mar\u00e9es\" data-description=\"\" \/><\/a><\/div>\n<div class=\"amazingcarousel-title\">Courantom\u00e9trie et mesure des mar\u00e9es<\/div><\/div><\/li><li class=\"amazingcarousel-item\"><div class=\"amazingcarousel-item-container\"><div class=\"amazingcarousel-image\"><a href=\"http:\/\/marine.geophysicsgpr.com\/fr\/techniques-geophysiques-marine\/sediments-echantillonnage-deau-et-imagerie-sous-marine\"><img decoding=\"async\" src=\"http:\/\/marine.geophysicsgpr.com\/wp-content\/uploads\/sites\/5\/2015\/08\/\u00c9chantillonages-de-s\u00e9diments.jpg\" alt=\"S\u00e9diments, \u00e9chantillonnage d\u2019eau et imagerie sous-marine\" data-description=\"\" \/><\/a><\/div>\n<div class=\"amazingcarousel-title\">S\u00e9diments, \u00e9chantillonnage d\u2019eau et imagerie sous-marine<\/div><\/div><\/li><li class=\"amazingcarousel-item\"><div class=\"amazingcarousel-item-container\"><div class=\"amazingcarousel-image\"><a href=\"http:\/\/marine.geophysicsgpr.com\/fr\/techniques-geophysiques-marine\/magnetometrie\"><img decoding=\"async\" src=\"http:\/\/marine.geophysicsgpr.com\/wp-content\/uploads\/sites\/5\/2015\/08\/magnetometry.jpg\" alt=\"Magn\u00e9tom\u00e9trie\" data-description=\"magnetometry\" \/><\/a><\/div>\n<div class=\"amazingcarousel-title\">Magn\u00e9tom\u00e9trie<\/div><\/div><\/li><li class=\"amazingcarousel-item\"><div class=\"amazingcarousel-item-container\"><div class=\"amazingcarousel-image\"><a href=\"http:\/\/marine.geophysicsgpr.com\/fr\/techniques-geophysiques-marine\/securite-maritime\"><img decoding=\"async\" src=\"http:\/\/marine.geophysicsgpr.com\/wp-content\/uploads\/sites\/5\/2015\/08\/marine_safety_FR.jpg\" alt=\"S\u00e9curit\u00e9 Maritime\" data-description=\"\" \/><\/a><\/div>\n<div class=\"amazingcarousel-title\">S\u00e9curit\u00e9 Maritime<\/div><\/div><\/li><li class=\"amazingcarousel-item\"><div class=\"amazingcarousel-item-container\"><div class=\"amazingcarousel-image\"><a href=\"http:\/\/marine.geophysicsgpr.com\/fr\/applications-geophysique-marine\/environnement\"><img decoding=\"async\" src=\"http:\/\/marine.geophysicsgpr.com\/wp-content\/uploads\/sites\/5\/2015\/08\/environnement.jpg\" alt=\"Environnement\" data-description=\"environnement\" \/><\/a><\/div>\n<div class=\"amazingcarousel-title\">Environnement<\/div><\/div><\/li><li class=\"amazingcarousel-item\"><div class=\"amazingcarousel-item-container\"><div class=\"amazingcarousel-image\"><a href=\"http:\/\/marine.geophysicsgpr.com\/fr\/applications-geophysique-marine\/geologique-et-geotechnique\"><img decoding=\"async\" src=\"http:\/\/marine.geophysicsgpr.com\/wp-content\/uploads\/sites\/5\/2015\/08\/geological-geotechnique.jpg\" alt=\"G\u00e9ologique et g\u00e9otechnique\" data-description=\"\" \/><\/a><\/div>\n<div class=\"amazingcarousel-title\">G\u00e9ologique et g\u00e9otechnique<\/div><\/div><\/li><li class=\"amazingcarousel-item\"><div class=\"amazingcarousel-item-container\"><div class=\"amazingcarousel-image\"><a href=\"http:\/\/marine.geophysicsgpr.com\/fr\/applications-geophysique-marine\/genie-civil-et-infrastructures\"><img decoding=\"async\" src=\"http:\/\/marine.geophysicsgpr.com\/wp-content\/uploads\/sites\/5\/2015\/08\/Marine_applications_construction_1.jpg\" alt=\"G\u00e9nie civil et infrastructures\" data-description=\"\" \/><\/a><\/div>\n<div class=\"amazingcarousel-title\">G\u00e9nie civil et infrastructures<\/div><\/div><\/li><li class=\"amazingcarousel-item\"><div class=\"amazingcarousel-item-container\"><div class=\"amazingcarousel-image\"><a href=\"http:\/\/marine.geophysicsgpr.com\/fr\/applications-geophysique-marine\/mines-et-exploration-miniere\"><img decoding=\"async\" src=\"http:\/\/marine.geophysicsgpr.com\/wp-content\/uploads\/sites\/5\/2015\/08\/8Marine_applications_mining_fr.jpg\" alt=\"Mines et exploration mini\u00e8re\" data-description=\"\" \/><\/a><\/div>\n<div class=\"amazingcarousel-title\">Mines et exploration mini\u00e8re<\/div><\/div><\/li><li class=\"amazingcarousel-item\"><div class=\"amazingcarousel-item-container\"><div class=\"amazingcarousel-image\"><a href=\"http:\/\/marine.geophysicsgpr.com\/fr\/applications-geophysique-marine\/exploration-gaziere-et-petroliere\"><img decoding=\"async\" src=\"http:\/\/marine.geophysicsgpr.com\/wp-content\/uploads\/sites\/5\/2015\/07\/Marine_applications_oil_gas.jpg\" alt=\"Exploration gazi\u00e8re et p\u00e9troli\u00e8re\" data-description=\"\" \/><\/a><\/div>\n<div class=\"amazingcarousel-title\">Exploration gazi\u00e8re et p\u00e9troli\u00e8re<\/div><\/div><\/li><\/ul><div class=\"amazingcarousel-prev\"><\/div><div class=\"amazingcarousel-next\"><\/div><\/div><div class=\"amazingcarousel-nav\"><\/div><div class=\"wonderplugin-engine\"><a href=\"http:\/\/www.wonderplugin.com\/wordpress-carousel\/\" title=\"WordPress Image Scroller Plugin\">WordPress Image Scroller Plugin<\/a><\/div><\/div>\n<\/div>\n<\/div><\/div><\/div><\/div><div id=\"pg-1676-2\"  class=\"panel-grid panel-has-style\" ><div class=\"container panel-row-style panel-row-style-for-1676-2\" ><div id=\"pgc-1676-2-0\"  class=\"panel-grid-cell\" ><div id=\"panel-1676-2-0-0\" class=\"so-panel widget widget_sow-editor panel-first-child panel-last-child\" data-index=\"2\" ><div class=\"article panel-widget-style panel-widget-style-for-1676-2-0-0\" ><div\n\t\t\t\n\t\t\tclass=\"so-widget-sow-editor so-widget-sow-editor-base\"\n\t\t\t\n\t\t>\n<div class=\"siteorigin-widget-tinymce textwidget\">\n\t<p><span style=\"color: #013ca6; font-size: 24px;\">L\u2019EXPERTISE DE GPR<\/span><\/p>\n<p>Les services de g\u00e9ophysique marine\u00a0de G\u00e9ophysique GPR s\u2019appliquent dans plusieurs domaines, notamment\u00a0<span style=\"color: #013ca6;\"><a style=\"color: #013ca6;\" href=\"https:\/\/marine.geophysicsgpr.com\/fr\/applications\/genie-civil-et-infrastructure\/projets-de-construction-maritime\">les projets de construction marine<\/a><\/span>,\u00a0<span style=\"color: #013ca6;\"><a style=\"color: #013ca6;\" href=\"https:\/\/marine.geophysicsgpr.com\/fr\/applications\/genie-civil-et-infrastructure\">les projets hydro\u00e9lectriques<\/a><\/span>\u00a0et\u00a0<span style=\"color: #013ca6;\"><a style=\"color: #013ca6;\" href=\"https:\/\/marine.geophysicsgpr.com\/fr\/applications\/mines-et-exploration-miniere\">l'exploration mini\u00e8re<\/a><\/span>.<\/p>\n<p>Ils s'appliquent aussi pour\u00a0<span style=\"color: #013ca6;\"><a style=\"color: #013ca6;\" href=\"https:\/\/marine.geophysicsgpr.com\/fr\/applications\/mines-et-exploration-miniere\">les sites miniers<\/a><\/span>,\u00a0<span style=\"color: #013ca6;\"><a style=\"color: #013ca6;\" href=\"https:\/\/marine.geophysicsgpr.com\/fr\/applications\/exploration-gaziere-et-petroliere\">l'exploration p\u00e9troli\u00e8re et gazi\u00e8re<\/a><\/span>,\u00a0<span style=\"color: #013ca6;\"><a style=\"color: #013ca6;\" href=\"https:\/\/marine.geophysicsgpr.com\/fr\/applications\/geologique-et-geotechnique\">les \u00e9tudes g\u00e9ologiques et g\u00e9otechniques<\/a><\/span>,\u00a0<span style=\"color: #013ca6;\"><a style=\"color: #013ca6;\" href=\"https:\/\/marine.geophysicsgpr.com\/fr\/applications\/environnement\/detection-dobjets-enterre\">les \u00e9tudes arch\u00e9ologiques<\/a><\/span>,\u00a0<span style=\"color: #013ca6;\"><a style=\"color: #013ca6;\" href=\"https:\/\/marine.geophysicsgpr.com\/fr\/applications\/environnement\">les enqu\u00eates environnementales<\/a><\/span>\u00a0ainsi que\u00a0<span style=\"color: #013ca6;\"><a style=\"color: #013ca6;\" href=\"https:\/\/marine.geophysicsgpr.com\/fr\/applications\/genie-civil-et-infrastructure\/securite-maritime\">pour la s\u00e9curit\u00e9 marine<\/a><\/span>.<\/p>\n<p>Nous mettons \u00e0 la disposition de nos clients une gamme compl\u00e8te de techniques de g\u00e9ophysique marine, qui comptent notamment\u00a0<span style=\"color: #013ca6;\"><a style=\"color: #013ca6;\" href=\"https:\/\/marine.geophysicsgpr.com\/fr\/techniques\/bathymetrie\">la bathym\u00e9trie<\/a><\/span>,\u00a0<span style=\"color: #013ca6;\"><a style=\"color: #013ca6;\" href=\"https:\/\/marine.geophysicsgpr.com\/fr\/techniques\/sonar-a-balayage-lateral\">le sonar \u00e0 balayage lat\u00e9ral<\/a><\/span>,\u00a0<span style=\"color: #013ca6;\"><a style=\"color: #013ca6;\" href=\"https:\/\/marine.geophysicsgpr.com\/fr\/techniques\/bathymetrie-sonar-a-balayage-lateral\">la bathym\u00e9trie multifaisceaux et sonar \u00e0 balayage lat\u00e9ral<\/a><\/span>\u00a0et\u00a0<span style=\"color: #013ca6;\"><a style=\"color: #013ca6;\" href=\"https:\/\/marine.geophysicsgpr.com\/fr\/techniques\/sismique\">des techniques sismique<\/a>s<\/span>.<\/p>\n<p>Nous offrons aussi des techniques de <span style=\"color: #013ca6;\">p<a style=\"color: #013ca6;\" href=\"https:\/\/marine.geophysicsgpr.com\/fr\/techniques\/le-profilage-du-sous-sol\">rofilage des sols marins<\/a><\/span>,\u00a0<span style=\"color: #013ca6;\"><a style=\"color: #013ca6;\" href=\"https:\/\/marine.geophysicsgpr.com\/fr\/techniques\/courantometrie-et-mesure-des-marees\">de courantom\u00e9trie et mesures des mar\u00e9es<\/a><\/span>,\u00a0<span style=\"color: #013ca6;\"><a style=\"color: #013ca6;\" href=\"https:\/\/marine.geophysicsgpr.com\/fr\/techniques\/sediments-echantillonnage-deau-et-imagerie-sous-marine\">d'\u00e9chantillonnage des s\u00e9diments et d\u2019eau<\/a><\/span>,\u00a0<span style=\"color: #013ca6;\"><a style=\"color: #013ca6;\" href=\"https:\/\/marine.geophysicsgpr.com\/fr\/techniques\/sediments-echantillonnage-deau-et-imagerie-sous-marine\">d'imagerie sous-marine<\/a><\/span>\u00a0ainsi que\u00a0<span style=\"color: #013ca6;\"><a style=\"color: #013ca6;\" href=\"https:\/\/marine.geophysicsgpr.com\/fr\/techniques\/magnetometrie\">de magn\u00e9tom\u00e9trie<\/a><\/span>.<\/p>\n<p><span style=\"color: #013ca6; font-size: 24px;\">\u00c0 PROPOS DE G\u00c9OPHYSIQUE GPR<\/span><br \/>\nG\u00e9ophysique GPR (Goupil, Paul et Reid) International Inc. offre ses services de consultation en g\u00e9ophysique depuis 1974. Entreprise bas\u00e9e au Canada, GPR a b\u00e2ti sa renomm\u00e9e \u00e0 titre de consultant en g\u00e9ophysique sous toutes ses formes.<\/p>\n<p>Le personnel de G\u00e9ophysique GPR International Inc. a planifi\u00e9 et r\u00e9alis\u00e9 des milliers d\u2019\u00e9tudes g\u00e9ophysiques au Canada ainsi que dans plus de 40 pays dans le monde.<\/p>\n<p>Les sp\u00e9cialistes de G\u00e9ophysique GPR International Inc. ont recours \u00e0 du mat\u00e9riel ultra-pr\u00e9cis, \u00e0 la fine pointe de la technologie et dont la l\u00e9g\u00e8ret\u00e9 et la souplesse d\u2019utilisation s\u2019av\u00e8rent cruciales lorsque vient le temps de travailler dans des lieux \u00e9loign\u00e9s et hostiles. Les \u00e9tudes men\u00e9es par GPR r\u00e9duisent les co\u00fbts et les d\u00e9lais en permettant aux entreprises d\u2019obtenir rapidement les renseignements cruciaux essentiels \u00e0 la conception d\u2019un projet, au r\u00e9am\u00e9nagement, \u00e0 la construction et \u00e0 l\u2019exploration.<\/p>\n<p>Pour plus d'informations, veuillez contacter notre\u00a0<span style=\"color: #013ca6;\"><a class=\"mail-link\" style=\"color: #013ca6;\" href=\"mailto:marc.rousseau@geophysicsgpr.com, info@geophysicsgpr.com\">\u00c9quipe de lev\u00e9s marins<\/a>.<\/span><\/p>\n<\/div>\n<\/div><\/div><\/div><\/div><\/div><\/div><\/div>","protected":false},"excerpt":{"rendered":"<p>G\u00e9ophysique GPR offre des services de lev\u00e9s g\u00e9ophysiques a\u00e9roport\u00e9s, marins et terrestres pour des clients au Canada et ailleurs dans le monde. Apprenez-en plus sur nos op\u00e9rations marines. \u00a0 Bathym\u00e9trie Sonar \u00e0 balayage lat\u00e9ral Bathym\u00e9trie et Sonar \u00e0 balayage lat\u00e9ral Sismique Le profilage du sous-sol Courantom\u00e9trie et mesure des mar\u00e9es S\u00e9diments, \u00e9chantillonnage d\u2019eau et imagerie&#8230;  <a href=\"https:\/\/marine.geophysicsgpr.com\/fr\" class=\"more-link\" title=\"Read Accueil\">Read more &raquo;<\/a><\/p>\n","protected":false},"author":1,"featured_media":1677,"parent":0,"menu_order":0,"comment_status":"closed","ping_status":"closed","template":"page-new-homepage.php","meta":{"content-type":"","footnotes":""},"class_list":["post-1676","page","type-page","status-publish","has-post-thumbnail","hentry"],"_links":{"self":[{"href":"https:\/\/marine.geophysicsgpr.com\/fr\/wp-json\/wp\/v2\/pages\/1676","targetHints":{"allow":["GET"]}}],"collection":[{"href":"https:\/\/marine.geophysicsgpr.com\/fr\/wp-json\/wp\/v2\/pages"}],"about":[{"href":"https:\/\/marine.geophysicsgpr.com\/fr\/wp-json\/wp\/v2\/types\/page"}],"author":[{"embeddable":true,"href":"https:\/\/marine.geophysicsgpr.com\/fr\/wp-json\/wp\/v2\/users\/1"}],"replies":[{"embeddable":true,"href":"https:\/\/marine.geophysicsgpr.com\/fr\/wp-json\/wp\/v2\/comments?post=1676"}],"version-history":[{"count":18,"href":"https:\/\/marine.geophysicsgpr.com\/fr\/wp-json\/wp\/v2\/pages\/1676\/revisions"}],"predecessor-version":[{"id":1683,"href":"https:\/\/marine.geophysicsgpr.com\/fr\/wp-json\/wp\/v2\/pages\/1676\/revisions\/1683"}],"wp:featuredmedia":[{"embeddable":true,"href":"https:\/\/marine.geophysicsgpr.com\/fr\/wp-json\/wp\/v2\/media\/1677"}],"wp:attachment":[{"href":"https:\/\/marine.geophysicsgpr.com\/fr\/wp-json\/wp\/v2\/media?parent=1676"}],"curies":[{"name":"wp","href":"https:\/\/api.w.org\/{rel}","templated":true}]}}