{"id":172,"date":"2015-07-22T18:02:17","date_gmt":"2015-07-22T17:02:17","guid":{"rendered":"http:\/\/marine.geophysicsgpr.com\/?page_id=172"},"modified":"2017-03-09T17:30:02","modified_gmt":"2017-03-09T16:30:02","slug":"environnement","status":"publish","type":"page","link":"https:\/\/marine.geophysicsgpr.com\/fr\/applications-geophysique-marine\/environnement","title":{"rendered":"Environnement"},"content":{"rendered":"<div id=\"pl-172\"  class=\"panel-layout\" ><div id=\"pg-172-0\"  class=\"panel-grid panel-has-style\" ><div class=\"texte-home-right article panel-row-style panel-row-style-for-172-0\" ><div id=\"pgc-172-0-0\"  class=\"panel-grid-cell\" ><div id=\"panel-172-0-0-0\" class=\"so-panel widget widget_sow-editor panel-first-child panel-last-child\" data-index=\"0\" ><div\n\t\t\t\n\t\t\tclass=\"so-widget-sow-editor so-widget-sow-editor-base\"\n\t\t\t\n\t\t>\n<div class=\"siteorigin-widget-tinymce textwidget\">\n\t<h3>Programme d'\u00e9tudes d'eau pour l'environnement<\/h3>\n<p>Dans le cas o\u00f9 la pollution est transport\u00e9e par l'eau d'une rivi\u00e8re ou d'un lac, il est possible de formuler un programme d'\u00e9tudes afin de comprendre ou de localiser la source de la pollution. Parmi les techniques qui pourraient \u00eatre utilis\u00e9es l'on retrouve:<\/p>\n<ul>\n<li>La courantom\u00e9trie, pour d\u00e9terminer la vitesse et la direction des courants;<\/li>\n<li>L'\u00e9chantillonnage d'eau \u00e0 des endroits sp\u00e9cifiques, suivi par une analyse en laboratoire;<\/li>\n<li>La mesure de la temp\u00e9rature, la conductivit\u00e9 et la salinit\u00e9 de l'eau sur place, \u00e0 des endroits sp\u00e9cifiques.<\/li>\n<\/ul>\n<h3>Programme d'\u00e9tudes des s\u00e9diments pour l'environnement<\/h3>\n<p>Souvent les polluants s'accumulent dans les s\u00e9diments d'un lac ou d'une rivi\u00e8re. Avec les \u00e9quipements d'\u00e9chantillonnage sp\u00e9cifiquement con\u00e7us pour cette t\u00e2che, GPR peut proc\u00e9der \u00e0 un programme d'\u00e9chantillonnage pour collecter les s\u00e9diments par un carottier pouvant aller jusqu'\u00e0 2 m\u00e8tres de profondeur. Ces \u00e9chantillons seront ensuite envoy\u00e9s dans un laboratoire pour analyse des polluants.<\/p>\n<p>\u00a0<\/p>\n<p>\u00a0<\/p>\n<p>Pour plus d'information, veuillez contacter notre <span style=\"color: #013ca6\"><a style=\"color: #013ca6\" href=\"mailto:info@geophysicsgpr.com\">\u00c9quipe de lev\u00e9 marin<\/a><\/span>.<\/p>\n<\/div>\n<\/div><\/div><\/div><\/div><\/div><div id=\"pg-172-1\"  class=\"panel-grid panel-no-style\" ><div id=\"pgc-172-1-0\"  class=\"panel-grid-cell\" ><div id=\"panel-172-1-0-0\" class=\"so-panel widget widget_black-studio-tinymce widget_black_studio_tinymce panel-first-child panel-last-child\" data-index=\"1\" ><div class=\"textwidget\"><p><div id=\"wondergridgallerylightbox_options\" data-skinsfoldername=\"skins\/default\/\"  data-jsfolder=\"https:\/\/marine.geophysicsgpr.com\/wp-content\/plugins\/wonderplugin-gridgallery\/engine\/\" style=\"display:none;\"><\/div>\r\n<style type=\"text\/css\">.wpp-btn-blue-medium {     background: #fa4c06; }  .wpp-btn-blue-medium:hover {     color: #fff;     background: #fa4c06; }<\/style><style type=\"text\/css\">@import url(https:\/\/fonts.googleapis.com\/css?family=Open+Sans);  #wonderplugingridgallery-8 .wonderplugin-gridgallery-item-text {     text-align: center;     box-sizing: border-box;     -webkit-box-sizing: border-box;     -moz-box-sizing: border-box; }  #wonderplugingridgallery-8 .wonderplugin-gridgallery-item-title {     font-family: 'Open Sans', sans-serif;     font-size: 18px;     position: absolute;     left: 5px;     top: 5px;     width: 97.5%;     height: auto;     background-color: #fa4c06;     color: #fff;     padding: 12px 5px; }  #wonderplugingridgallery-8 .wonderplugin-gridgallery-item-description {     font-size: 12px; }  #wonderplugingridgallery-8 .wonderplugin-gridgallery-item-button {     position: absolute;     right: 20px;     bottom: 20px; }  #wonderplugingridgallery-8 .wonderplugin-gridgallery-item-container img:hover { }<\/style><div class=\"wonderplugingridgallery\" id=\"wonderplugingridgallery-8\" data-gridgalleryid=\"8\" data-width=\"440\" data-height=\"350\" data-skin=\"threecolumns\" data-random=\"false\" data-shownavigation=\"true\" data-hoverzoomin=\"false\" data-hoverzoominimageonly=\"true\" data-hoverzoominimagecenter=\"false\" data-hoverfade=\"false\" data-responsive=\"true\" data-mediumscreen=\"true\" data-smallscreen=\"true\" data-showtitle=\"true\" data-showtexttitle=\"true\" data-showtextdescription=\"false\" data-showtextbutton=\"true\" data-lightboxnogroup=\"false\" data-lightboxshowtitle=\"true\" data-lightboxshowdescription=\"false\" data-lightboxresponsive=\"true\" data-circularimage=\"false\" data-firstimage=\"false\" data-textinsidespace=\"false\" data-thumbwidth=\"90\" data-thumbheight=\"60\" data-thumbtopmargin=\"12\" data-thumbbottommargin=\"4\" data-barheight=\"64\" data-titlebottomcss=\"{color:#333; font-size:14px; font-family:Armata,sans-serif,Arial; overflow:hidden; text-align:left;}\" data-descriptionbottomcss=\"{color:#333; font-size:12px; font-family:Arial,Helvetica,sans-serif; overflow:hidden; text-align:left; margin:4px 0px 0px; padding: 0px;}\" data-googleanalyticsaccount=\"\" data-gap=\"4\" data-margin=\"10\" data-borderradius=\"0\" data-hoverzoominvalue=\"24\" data-hoverzoominduration=\"180\" data-hoverzoominimagescale=\"1.1\" data-hoverzoominimageduration=\"360\" data-hoverfadeopacity=\"0.8\" data-hoverfadeduration=\"300\" data-videoplaybutton=\"playvideo-64-64-0.png\" data-column=\"3\" data-mediumcolumn=\"2\" data-mediumscreensize=\"800\" data-smallcolumn=\"1\" data-smallscreensize=\"600\" data-titlemode=\"always\" data-titleeffect=\"fade\" data-titleeffectduration=\"500\" data-titleheight=\"0\" data-jsfolder=\"https:\/\/marine.geophysicsgpr.com\/wp-content\/plugins\/wonderplugin-gridgallery\/engine\/\" data-skinsfoldername=\"skins\/default\/\" style=\"display:none;position:relative;margin:0 auto;width:100%;max-width:1328px;\" ><div class=\"wonderplugin-gridgallery-list\" style=\"display:block;position:relative;max-width:100%;margin:0 auto;\"><div class=\"wonderplugin-gridgallery-item\" data-row=\"1\" data-col=\"1\"><div class=\"wonderplugin-gridgallery-item-container\"><a href=\"http:\/\/marine.geophysicsgpr.com\/fr\/applications\/environnement\/cartographie-des-habitats-benthiques\" title=\"Cartographie des habitats benthiques\" data-description=\"La cartographie des habitats benthiques, n\u00e9cessite le recours \u00e0 de multiples m\u00e9thodologies permettant de g\u00e9n\u00e9rer des ensembles d\u00e9taill\u00e9s de donn\u00e9es g\u00e9or\u00e9f\u00e9renc\u00e9es.\" data-button=\"<a href=&quot;http:\/\/marine.geophysicsgpr.com\/fr\/applications\/environnement\/cartographie-des-habitats-benthiques&quot;><button class=&quot;wpp-btn-blue-medium&quot;>En savoir plus<\/button><\/a>\"><img decoding=\"async\" class=\"wonderplugin-gridgallery-item-img\" src=\"http:\/\/marine.geophysicsgpr.com\/wp-content\/uploads\/sites\/5\/2015\/08\/Marine_applications_Environment_Benthic.jpg\" \/><\/a><\/div><\/div><div class=\"wonderplugin-gridgallery-item\" data-row=\"1\" data-col=\"1\"><div class=\"wonderplugin-gridgallery-item-container\"><a href=\"http:\/\/marine.geophysicsgpr.com\/fr\/applications-geophysique-marine\/environnement\/etude-des-eaux-par-echantillonnage\" title=\"\u00c9tudes des eaux par \u00e9chantillonnage\" data-description=\"L'objectif de l'\u00e9chantillonnage \u00e0 des fins d'analyse est d'obtenir des renseignements sur un milieu donn\u00e9 \u00e0 l'aide d'\u00e9chantillons repr\u00e9sentatifs.\" data-button=\"<a href=&quot;http:\/\/marine.geophysicsgpr.com\/fr\/applications-geophysique-marine\/environnement\/etude-des-eaux-par-echantillonnage&quot;><button class=&quot;wpp-btn-blue-medium&quot;>En savoir plus<\/button><\/a>\"><img decoding=\"async\" class=\"wonderplugin-gridgallery-item-img\" src=\"http:\/\/marine.geophysicsgpr.com\/wp-content\/uploads\/sites\/5\/2015\/08\/Marine_applications_Environment_watersampling.jpg\" \/><\/a><\/div><\/div><div class=\"wonderplugin-gridgallery-item\" data-row=\"1\" data-col=\"1\"><div class=\"wonderplugin-gridgallery-item-container\"><a href=\"http:\/\/marine.geophysicsgpr.com\/fr\/applications-geophysique-marine\/environnement\/etude-des-sediments-marin\" title=\"\u00c9tudes des s\u00e9diments et de la s\u00e9dimentation\" data-description=\"Un syst\u00e8me de cartographie haute r\u00e9solution permet \u00e0 GPR de mettre sur pied un programme d\u2019\u00e9chantillonnage de s\u00e9diments.\" data-button=\"<a href=&quot;http:\/\/marine.geophysicsgpr.com\/fr\/applications\/environnement\/etude-des-sediments-et-de-la-sedimentation&quot;><button class=&quot;wpp-btn-blue-medium&quot;>En savoir plus<\/button><\/a>\"><img decoding=\"async\" class=\"wonderplugin-gridgallery-item-img\" src=\"http:\/\/marine.geophysicsgpr.com\/wp-content\/uploads\/sites\/5\/2015\/08\/Marine_applications_Environment_Sediment.jpg\" \/><\/a><\/div><\/div><div class=\"wonderplugin-gridgallery-item\" data-row=\"1\" data-col=\"1\"><div class=\"wonderplugin-gridgallery-item-container\"><a href=\"http:\/\/marine.geophysicsgpr.com\/fr\/applications\/environnement\/cartographie-des-fonds-et-des-sous-sols\" title=\"Cartographie des fonds et des sous-sols\" data-description=\"Des lev\u00e9s pris par bathym\u00e9trie et par sonar \u00e0 balayage lat\u00e9ral permettent de faire la cartographie des fonds des lacs, des cours d\u2019eau et des \u00e9tangs.\" data-button=\"<a href=&quot;http:\/\/marine.geophysicsgpr.com\/fr\/applications\/environnement\/cartographie-des-fonds-et-des-sous-sols&quot;><button class=&quot;wpp-btn-blue-medium&quot;>En savoir plus<\/button><\/a>\"><img decoding=\"async\" class=\"wonderplugin-gridgallery-item-img\" src=\"http:\/\/marine.geophysicsgpr.com\/wp-content\/uploads\/sites\/5\/2015\/08\/Marine_applications_Environment_subbottom.jpg\" \/><\/a><\/div><\/div><div class=\"wonderplugin-gridgallery-item\" data-row=\"1\" data-col=\"1\"><div class=\"wonderplugin-gridgallery-item-container\"><a href=\"detection-dobjets-enterre\" title=\"D\u00e9tection d\u2019objets immerg\u00e9s\/enfouis\" data-description=\"G\u00e9ophysique GPR dispose d\u2019une gamme d\u2019options pour effectuer la d\u00e9tection d'objets enterr\u00e9s, perdus ou jet\u00e9s sur le fond marin ou enfouis dans les s\u00e9diments du fond marin.\" data-button=\"<a href=&quot;detection-dobjets-enterre&quot;><button class=&quot;wpp-btn-blue-medium&quot;>En savoir plus<\/button><\/a>\"><img decoding=\"async\" class=\"wonderplugin-gridgallery-item-img\" src=\"http:\/\/marine.geophysicsgpr.com\/wp-content\/uploads\/sites\/5\/2015\/08\/Marine_applications_submerged.jpg\" \/><\/a><\/div><\/div><div style=\"clear:both;\"><\/div><\/div><div class=\"wonderplugin-gridgallery-engine\"><a href=\"http:\/\/www.wonderplugin.com\/wordpress-gridgallery\/\" title=\"WordPress Grid Gallery\">WordPress Grid Gallery<\/a><\/div><\/div><\/p>\n<\/div><\/div><\/div><\/div><\/div>","protected":false},"excerpt":{"rendered":"<p>Programme d&rsquo;\u00e9tudes d&rsquo;eau pour l&rsquo;environnementDans le cas o\u00f9 la pollution est transport\u00e9e par l&rsquo;eau d&rsquo;une rivi\u00e8re ou d&rsquo;un lac, il est possible de formuler un programme d&rsquo;\u00e9tudes afin de comprendre ou de localiser la source de la pollution. Parmi les techniques qui pourraient \u00eatre utilis\u00e9es l&rsquo;on retrouve:La courantom\u00e9trie, pour d\u00e9terminer la vitesse et la direction&#8230;  <a href=\"https:\/\/marine.geophysicsgpr.com\/fr\/applications-geophysique-marine\/environnement\" class=\"more-link\" title=\"Read Environnement\">Read more &raquo;<\/a><\/p>\n","protected":false},"author":1,"featured_media":78,"parent":21,"menu_order":0,"comment_status":"closed","ping_status":"closed","template":"page-full-width.php","meta":{"content-type":"","footnotes":""},"class_list":["post-172","page","type-page","status-publish","has-post-thumbnail","hentry"],"_links":{"self":[{"href":"https:\/\/marine.geophysicsgpr.com\/fr\/wp-json\/wp\/v2\/pages\/172","targetHints":{"allow":["GET"]}}],"collection":[{"href":"https:\/\/marine.geophysicsgpr.com\/fr\/wp-json\/wp\/v2\/pages"}],"about":[{"href":"https:\/\/marine.geophysicsgpr.com\/fr\/wp-json\/wp\/v2\/types\/page"}],"author":[{"embeddable":true,"href":"https:\/\/marine.geophysicsgpr.com\/fr\/wp-json\/wp\/v2\/users\/1"}],"replies":[{"embeddable":true,"href":"https:\/\/marine.geophysicsgpr.com\/fr\/wp-json\/wp\/v2\/comments?post=172"}],"version-history":[{"count":15,"href":"https:\/\/marine.geophysicsgpr.com\/fr\/wp-json\/wp\/v2\/pages\/172\/revisions"}],"predecessor-version":[{"id":1623,"href":"https:\/\/marine.geophysicsgpr.com\/fr\/wp-json\/wp\/v2\/pages\/172\/revisions\/1623"}],"up":[{"embeddable":true,"href":"https:\/\/marine.geophysicsgpr.com\/fr\/wp-json\/wp\/v2\/pages\/21"}],"wp:featuredmedia":[{"embeddable":true,"href":"https:\/\/marine.geophysicsgpr.com\/fr\/wp-json\/wp\/v2\/media\/78"}],"wp:attachment":[{"href":"https:\/\/marine.geophysicsgpr.com\/fr\/wp-json\/wp\/v2\/media?parent=172"}],"curies":[{"name":"wp","href":"https:\/\/api.w.org\/{rel}","templated":true}]}}