{"id":178,"date":"2015-07-22T18:03:36","date_gmt":"2015-07-22T17:03:36","guid":{"rendered":"http:\/\/marine.geophysicsgpr.com\/?page_id=178"},"modified":"2017-03-09T17:34:48","modified_gmt":"2017-03-09T16:34:48","slug":"geologique-et-geotechnique","status":"publish","type":"page","link":"https:\/\/marine.geophysicsgpr.com\/fr\/applications-geophysique-marine\/geologique-et-geotechnique","title":{"rendered":"G\u00e9ologique et g\u00e9otechnique"},"content":{"rendered":"<div id=\"pl-178\"  class=\"panel-layout\" ><div id=\"pg-178-0\"  class=\"panel-grid panel-has-style\" ><div class=\"texte-home-right article panel-row-style panel-row-style-for-178-0\" ><div id=\"pgc-178-0-0\"  class=\"panel-grid-cell\" ><div id=\"panel-178-0-0-0\" class=\"so-panel widget widget_sow-editor panel-first-child panel-last-child\" data-index=\"0\" ><div\n\t\t\t\n\t\t\tclass=\"so-widget-sow-editor so-widget-sow-editor-base\"\n\t\t\t\n\t\t>\n<div class=\"siteorigin-widget-tinymce textwidget\">\n\t<h2 class=\"h2resize\">Les m\u00e9thodes g\u00e9ologique et g\u00e9otechnique<\/h2>\n<p>Les diff\u00e9rentes applications g\u00e9ologiques et g\u00e9otechniques sont utilis\u00e9es pour la caract\u00e9risation du sol et du roc, pour la cat\u00e9gorie d'emplacement de sites (Vs30), et pour identifier les cavit\u00e9s et les zones d'affaissement. On applique les m\u00e9thodes g\u00e9ologiques et g\u00e9otechniques lors de l'\u00e9tude de sites, pour de grands ouvrages, pour le profilage g\u00e9ologique du sol et du roc, pour \u00e9tablir la profondeur du perg\u00e9lisol et pour la s\u00e9curit\u00e9 des barrages.<\/p>\n<h3>Les propri\u00e9t\u00e9s g\u00e9ologiques et g\u00e9otechniques du sol fournissent une m\u00e9thode simple mais efficace pour quantifier les modifications physiques induites dans les gisements par l'op\u00e9ration de r\u00e9colte<\/h3>\n<p>Le g\u00e9otechnicien est \u00e0 la fois un g\u00e9ologue capable de diagnostiquer l\u2019\u00e9tat d\u2019un terrain et de son sous-sol, et un architecte \u00e0 m\u00eame d\u2019\u00e9valuer les propri\u00e9t\u00e9s d\u2019une structure et son ad\u00e9quation au terrain.<\/p>\n<p>Les m\u00e9thodes <b>g\u00e9ologique et g\u00e9otechnique<\/b>\u00a0sont d\u00e9ploy\u00e9es pour le d\u00e9veloppement et l'application d'outils de cartographie haute r\u00e9solution des fonds marins. Les applications g\u00e9otechniques sont mises en oeuvre lors de la recherche g\u00e9oscientifique traditionnelle dans le milieu marin permettant ainsi entre autres de comprendre l'\u00e9cologie des fonds marins pour assurer le d\u00e9veloppement durable des p\u00eaches.<\/p>\n<p>\u00a0<\/p>\n<p>\u00a0<\/p>\n<p>Pour plus d'information, veuillez contacter notre <span style=\"color: #013ca6\"><a style=\"color: #013ca6\" href=\"mailto:info@geophysicsgpr.com\">\u00c9quipe de lev\u00e9 marin<\/a><\/span>.<\/p>\n<p>\u00a0<\/p>\n<\/div>\n<\/div><\/div><\/div><\/div><\/div><div id=\"pg-178-1\"  class=\"panel-grid panel-no-style\" ><div id=\"pgc-178-1-0\"  class=\"panel-grid-cell\" ><div id=\"panel-178-1-0-0\" class=\"so-panel widget widget_black-studio-tinymce widget_black_studio_tinymce panel-first-child panel-last-child\" data-index=\"1\" ><div class=\"textwidget\"><p><div id=\"wondergridgallerylightbox_options\" data-skinsfoldername=\"skins\/default\/\"  data-jsfolder=\"https:\/\/marine.geophysicsgpr.com\/wp-content\/plugins\/wonderplugin-gridgallery\/engine\/\" style=\"display:none;\"><\/div>\r\n<style type=\"text\/css\">.wpp-btn-blue-medium {     background: #fa4c06; }  .wpp-btn-blue-medium:hover {     color: #fff;     background: #fa4c06; }<\/style><style type=\"text\/css\">@import url(https:\/\/fonts.googleapis.com\/css?family=Open+Sans);  #wonderplugingridgallery-10 .wonderplugin-gridgallery-item-text {     text-align: center;     box-sizing: border-box;     -webkit-box-sizing: border-box;     -moz-box-sizing: border-box; }  #wonderplugingridgallery-10 .wonderplugin-gridgallery-item-title {     font-family: 'Open Sans', sans-serif;     font-size: 18px;     position: absolute;     left: 5px;     top: 5px;     width: 97.5%;     height: auto;     background-color: #fa4c06;     color: #fff;     padding: 12px 5px; }  #wonderplugingridgallery-10 .wonderplugin-gridgallery-item-description {     font-size: 12px; }  #wonderplugingridgallery-10 .wonderplugin-gridgallery-item-button {     position: absolute;     right: 20px;     bottom: 20px; }  #wonderplugingridgallery-10 .wonderplugin-gridgallery-item-container img:hover { }<\/style><div class=\"wonderplugingridgallery\" id=\"wonderplugingridgallery-10\" data-gridgalleryid=\"10\" data-width=\"440\" data-height=\"350\" data-skin=\"threecolumns\" data-random=\"false\" data-shownavigation=\"true\" data-hoverzoomin=\"false\" data-hoverzoominimageonly=\"true\" data-hoverzoominimagecenter=\"false\" data-hoverfade=\"false\" data-responsive=\"true\" data-mediumscreen=\"true\" data-smallscreen=\"true\" data-showtitle=\"true\" data-showtexttitle=\"true\" data-showtextdescription=\"false\" data-showtextbutton=\"true\" data-lightboxnogroup=\"false\" data-lightboxshowtitle=\"true\" data-lightboxshowdescription=\"false\" data-lightboxresponsive=\"true\" data-circularimage=\"false\" data-firstimage=\"false\" data-textinsidespace=\"false\" data-thumbwidth=\"90\" data-thumbheight=\"60\" data-thumbtopmargin=\"12\" data-thumbbottommargin=\"4\" data-barheight=\"64\" data-titlebottomcss=\"{color:#333; font-size:14px; font-family:Armata,sans-serif,Arial; overflow:hidden; text-align:left;}\" data-descriptionbottomcss=\"{color:#333; font-size:12px; font-family:Arial,Helvetica,sans-serif; overflow:hidden; text-align:left; margin:4px 0px 0px; padding: 0px;}\" data-googleanalyticsaccount=\"\" data-gap=\"4\" data-margin=\"10\" data-borderradius=\"0\" data-hoverzoominvalue=\"24\" data-hoverzoominduration=\"180\" data-hoverzoominimagescale=\"1.1\" data-hoverzoominimageduration=\"360\" data-hoverfadeopacity=\"0.8\" data-hoverfadeduration=\"300\" data-videoplaybutton=\"playvideo-64-64-0.png\" data-column=\"3\" data-mediumcolumn=\"2\" data-mediumscreensize=\"800\" data-smallcolumn=\"1\" data-smallscreensize=\"600\" data-titlemode=\"always\" data-titleeffect=\"fade\" data-titleeffectduration=\"500\" data-titleheight=\"0\" data-jsfolder=\"https:\/\/marine.geophysicsgpr.com\/wp-content\/plugins\/wonderplugin-gridgallery\/engine\/\" data-skinsfoldername=\"skins\/default\/\" style=\"display:none;position:relative;margin:0 auto;width:100%;max-width:1328px;\" ><div class=\"wonderplugin-gridgallery-list\" style=\"display:block;position:relative;max-width:100%;margin:0 auto;\"><div class=\"wonderplugin-gridgallery-item\" data-row=\"1\" data-col=\"1\"><div class=\"wonderplugin-gridgallery-item-container\"><a href=\"http:\/\/marine.geophysicsgpr.com\/fr\/applications\/geologique-et-geotechnique\/cartographie-geologique\" title=\"Cartographie g\u00e9ologique\" data-description=\"D\u00e9veloppement et application d\u2019outils de cartographie haute r\u00e9solution des fonds marins.\" data-button=\"<a href=&quot;http:\/\/marine.geophysicsgpr.com\/fr\/applications\/geologique-et-geotechnique\/cartographie-geologique&quot;><button class=&quot;wpp-btn-blue-medium&quot;>En savoir plus<\/button><\/a>\"><img decoding=\"async\" class=\"wonderplugin-gridgallery-item-img\" src=\"http:\/\/marine.geophysicsgpr.com\/wp-content\/uploads\/sites\/5\/2015\/08\/Marine_applications_Geological_geological.jpg\" \/><\/a><\/div><\/div><div class=\"wonderplugin-gridgallery-item\" data-row=\"1\" data-col=\"1\"><div class=\"wonderplugin-gridgallery-item-container\"><a href=\"http:\/\/marine.geophysicsgpr.com\/fr\/applications-geophysique-marine\/geologique-et-geotechnique\/etude-de-la-sedimentation\" title=\"\u00c9tude de la s\u00e9dimentation\" data-description=\"Recueil et cartographie des s\u00e9diments dans un environnement marin.\" data-button=\"<a href=&quot;http:\/\/marine.geophysicsgpr.com\/fr\/applications-geophysique-marine\/geologique-et-geotechnique\/etude-de-la-sedimentation&quot;><button class=&quot;wpp-btn-blue-medium&quot;>En savoir plus<\/button><\/a>\"><img decoding=\"async\" class=\"wonderplugin-gridgallery-item-img\" src=\"http:\/\/marine.geophysicsgpr.com\/wp-content\/uploads\/sites\/5\/2015\/08\/Marine_applications_Environment_subbottom.jpg\" \/><\/a><\/div><\/div><div class=\"wonderplugin-gridgallery-item\" data-row=\"1\" data-col=\"1\"><div class=\"wonderplugin-gridgallery-item-container\"><a href=\"http:\/\/marine.geophysicsgpr.com\/fr\/applications\/geologique-et-geotechnique\/leves-hydrographiques\" title=\"Lev\u00e9s hydrographiques\" data-description=\"Lev\u00e9s hydrographiques destin\u00e9s \u00e0 la s\u00e9curit\u00e9 maritime.\" data-button=\"<a href=&quot;http:\/\/marine.geophysicsgpr.com\/fr\/applications\/geologique-et-geotechnique\/leves-hydrographiques&quot;><button class=&quot;wpp-btn-blue-medium&quot;>En savoir plus<\/button><\/a>\"><img decoding=\"async\" class=\"wonderplugin-gridgallery-item-img\" src=\"http:\/\/marine.geophysicsgpr.com\/wp-content\/uploads\/sites\/5\/2015\/08\/Marine_applications_Geological_Hydrographic.jpg\" \/><\/a><\/div><\/div><div class=\"wonderplugin-gridgallery-item\" data-row=\"1\" data-col=\"1\"><div class=\"wonderplugin-gridgallery-item-container\"><a href=\"http:\/\/marine.geophysicsgpr.com\/fr\/applications\/geologique-et-geotechnique\/cartographie-de-fond-et-du-sous-sol\" title=\"Cartographie du fond marin\" data-description=\"R\u00e9alisation de la cartographie de fond et du sous-sol marin afin d'en analyser la nature.\" data-button=\"<a href=&quot;http:\/\/marine.geophysicsgpr.com\/fr\/applications\/geologique-et-geotechnique\/cartographie-de-fond-et-du-sous-sol&quot;><button class=&quot;wpp-btn-blue-medium&quot;>En savoir plus<\/button><\/a>\"><img decoding=\"async\" class=\"wonderplugin-gridgallery-item-img\" src=\"http:\/\/marine.geophysicsgpr.com\/wp-content\/uploads\/sites\/5\/2015\/08\/Marine_applications_Geological_Bottom.jpg\" \/><\/a><\/div><\/div><div style=\"clear:both;\"><\/div><\/div><div class=\"wonderplugin-gridgallery-engine\"><a href=\"http:\/\/www.wonderplugin.com\/wordpress-gridgallery\/\" title=\"WordPress Grid Gallery\">WordPress Grid Gallery<\/a><\/div><\/div><\/p>\n<\/div><\/div><\/div><\/div><\/div>","protected":false},"excerpt":{"rendered":"<p>Les m\u00e9thodes g\u00e9ologique et g\u00e9otechniqueLes diff\u00e9rentes applications g\u00e9ologiques et g\u00e9otechniques sont utilis\u00e9es pour la caract\u00e9risation du sol et du roc, pour la cat\u00e9gorie d&#8217;emplacement de sites (Vs30), et pour identifier les cavit\u00e9s et les zones d&rsquo;affaissement. On applique les m\u00e9thodes g\u00e9ologiques et g\u00e9otechniques lors de l&rsquo;\u00e9tude de sites, pour de grands ouvrages, pour le profilage&#8230;  <a href=\"https:\/\/marine.geophysicsgpr.com\/fr\/applications-geophysique-marine\/geologique-et-geotechnique\" class=\"more-link\" title=\"Read G\u00e9ologique et g\u00e9otechnique\">Read more &raquo;<\/a><\/p>\n","protected":false},"author":1,"featured_media":78,"parent":21,"menu_order":0,"comment_status":"closed","ping_status":"closed","template":"page-full-width.php","meta":{"content-type":"","footnotes":""},"class_list":["post-178","page","type-page","status-publish","has-post-thumbnail","hentry"],"_links":{"self":[{"href":"https:\/\/marine.geophysicsgpr.com\/fr\/wp-json\/wp\/v2\/pages\/178","targetHints":{"allow":["GET"]}}],"collection":[{"href":"https:\/\/marine.geophysicsgpr.com\/fr\/wp-json\/wp\/v2\/pages"}],"about":[{"href":"https:\/\/marine.geophysicsgpr.com\/fr\/wp-json\/wp\/v2\/types\/page"}],"author":[{"embeddable":true,"href":"https:\/\/marine.geophysicsgpr.com\/fr\/wp-json\/wp\/v2\/users\/1"}],"replies":[{"embeddable":true,"href":"https:\/\/marine.geophysicsgpr.com\/fr\/wp-json\/wp\/v2\/comments?post=178"}],"version-history":[{"count":16,"href":"https:\/\/marine.geophysicsgpr.com\/fr\/wp-json\/wp\/v2\/pages\/178\/revisions"}],"predecessor-version":[{"id":1629,"href":"https:\/\/marine.geophysicsgpr.com\/fr\/wp-json\/wp\/v2\/pages\/178\/revisions\/1629"}],"up":[{"embeddable":true,"href":"https:\/\/marine.geophysicsgpr.com\/fr\/wp-json\/wp\/v2\/pages\/21"}],"wp:featuredmedia":[{"embeddable":true,"href":"https:\/\/marine.geophysicsgpr.com\/fr\/wp-json\/wp\/v2\/media\/78"}],"wp:attachment":[{"href":"https:\/\/marine.geophysicsgpr.com\/fr\/wp-json\/wp\/v2\/media?parent=178"}],"curies":[{"name":"wp","href":"https:\/\/api.w.org\/{rel}","templated":true}]}}