{"id":194,"date":"2015-07-22T18:08:13","date_gmt":"2015-07-22T17:08:13","guid":{"rendered":"http:\/\/marine.geophysicsgpr.com\/?page_id=194"},"modified":"2017-03-09T17:30:43","modified_gmt":"2017-03-09T16:30:43","slug":"cartographie-des-habitats-benthiques","status":"publish","type":"page","link":"https:\/\/marine.geophysicsgpr.com\/fr\/applications-geophysique-marine\/environnement\/cartographie-des-habitats-benthiques","title":{"rendered":"Cartographie des habitats benthiques"},"content":{"rendered":"<div id=\"pl-194\"  class=\"panel-layout\" ><div id=\"pg-194-0\"  class=\"panel-grid panel-no-style\" ><div id=\"pgc-194-0-0\"  class=\"panel-grid-cell\" ><div id=\"panel-194-0-0-0\" class=\"so-panel widget widget_sow-editor panel-first-child panel-last-child\" data-index=\"0\" ><div class=\"texte-home-right article panel-widget-style panel-widget-style-for-194-0-0-0\" ><div\n\t\t\t\n\t\t\tclass=\"so-widget-sow-editor so-widget-sow-editor-base\"\n\t\t\t\n\t\t>\n<div class=\"siteorigin-widget-tinymce textwidget\">\n\t<h2 class=\"h2resize\">Implication de la cartographie des habitats benthiques<\/h2>\n<p>La cartographie des habitats benthiques, en g\u00e9n\u00e9ral, n\u00e9cessite le recours \u00e0 de multiples m\u00e9thodologies permettant de g\u00e9n\u00e9rer des ensembles d\u00e9taill\u00e9s de donn\u00e9es g\u00e9or\u00e9f\u00e9renc\u00e9es et de cr\u00e9er des cartes de l\u2019environnement sous-marin.<\/p>\n<p>Un habitat benthique d\u00e9finit la situation de l\u2019environnement, tant physique que biologique, en un point pr\u00e9cis du fond de la mer. Sur la terre ferme, on peut consid\u00e9rer qu\u2019une for\u00eat, un marais ou une prairie entre autres sont des types d\u2019habitat. Les ensembles de donn\u00e9es finales servent \u00e0 \u00e9clairer les d\u00e9cisions li\u00e9es \u00e0 l\u2019\u00e9tablissement de politiques et \u00e0 la conception. Les images ci-dessous proviennent d\u2019un vaste projet de cartographie de l\u2019habitat benthique, accessible au public, men\u00e9 par G\u00e9ophysique GPR dans les Cara\u00efbes.<\/p>\n<p>\u00a0<\/p>\n<p>\u00a0<\/p>\n<p>Pour plus d'informations, veuillez contacter notre <span style=\"color: #013ca6\"><a style=\"color: #013ca6\" href=\"mailto:info@geophysicsgpr.com\">\u00c9quipe de lev\u00e9 marin<\/a><\/span>.<\/p>\n<\/div>\n<\/div><\/div><\/div><\/div><div id=\"pgc-194-0-1\"  class=\"panel-grid-cell\" ><div id=\"panel-194-0-1-0\" class=\"so-panel widget widget_sow-image panel-first-child panel-last-child\" data-index=\"1\" ><div class=\"panel-widget-style panel-widget-style-for-194-0-1-0\" ><div\n\t\t\t\n\t\t\tclass=\"so-widget-sow-image so-widget-sow-image-default-8b5b6f678277-194\"\n\t\t\t\n\t\t>\n<div class=\"sow-image-container\">\n\t\t<img loading=\"lazy\" decoding=\"async\" src=\"https:\/\/marine.geophysicsgpr.com\/wp-content\/uploads\/sites\/5\/2015\/07\/Marine_Applications_Benthic_bathy-map_inset.jpg\" width=\"225\" height=\"250\" sizes=\"auto, (max-width: 225px) 100vw, 225px\" title=\"Marine_Applications_Benthic_bathy map_inset\" alt=\"Cartographie des habitats benthiques\" \t\tclass=\"so-widget-image\"\/>\n\t<\/div>\n\n<\/div><\/div><\/div><\/div><\/div><div id=\"pg-194-1\"  class=\"panel-grid panel-no-style\" ><div id=\"pgc-194-1-0\"  class=\"panel-grid-cell\" ><div id=\"panel-194-1-0-0\" class=\"so-panel widget widget_sow-image panel-first-child panel-last-child\" data-index=\"2\" ><div class=\"panel-widget-style panel-widget-style-for-194-1-0-0\" ><div\n\t\t\t\n\t\t\tclass=\"so-widget-sow-image so-widget-sow-image-default-8b5b6f678277-194\"\n\t\t\t\n\t\t>\n<div class=\"sow-image-container\">\n\t\t<img loading=\"lazy\" decoding=\"async\" src=\"https:\/\/marine.geophysicsgpr.com\/wp-content\/uploads\/sites\/5\/2015\/07\/Marine_Applications_Benthic.jpg\" width=\"669\" height=\"458\" srcset=\"https:\/\/marine.geophysicsgpr.com\/wp-content\/uploads\/sites\/5\/2015\/07\/Marine_Applications_Benthic.jpg 669w, https:\/\/marine.geophysicsgpr.com\/wp-content\/uploads\/sites\/5\/2015\/07\/Marine_Applications_Benthic-300x205.jpg 300w\" sizes=\"auto, (max-width: 669px) 100vw, 669px\" title=\"Marine_Applications_Benthic\" alt=\"Cartographie des habitats benthiques\" \t\tclass=\"so-widget-image\"\/>\n\t<\/div>\n\n<\/div><\/div><\/div><\/div><div id=\"pgc-194-1-1\"  class=\"panel-grid-cell\" ><div id=\"panel-194-1-1-0\" class=\"so-panel widget widget_sow-image panel-first-child panel-last-child\" data-index=\"3\" ><div class=\"panel-widget-style panel-widget-style-for-194-1-1-0\" ><div\n\t\t\t\n\t\t\tclass=\"so-widget-sow-image so-widget-sow-image-default-8b5b6f678277-194\"\n\t\t\t\n\t\t>\n<div class=\"sow-image-container\">\n\t\t<img loading=\"lazy\" decoding=\"async\" src=\"https:\/\/marine.geophysicsgpr.com\/wp-content\/uploads\/sites\/5\/2015\/07\/Marine_Applications_Benthic_side-scan.jpg\" width=\"669\" height=\"449\" srcset=\"https:\/\/marine.geophysicsgpr.com\/wp-content\/uploads\/sites\/5\/2015\/07\/Marine_Applications_Benthic_side-scan.jpg 669w, https:\/\/marine.geophysicsgpr.com\/wp-content\/uploads\/sites\/5\/2015\/07\/Marine_Applications_Benthic_side-scan-300x201.jpg 300w, https:\/\/marine.geophysicsgpr.com\/wp-content\/uploads\/sites\/5\/2015\/07\/Marine_Applications_Benthic_side-scan-272x182.jpg 272w\" sizes=\"auto, (max-width: 669px) 100vw, 669px\" title=\"Marine_Applications_Benthic_side scan\" alt=\"Cartographie des habitats benthiques\" \t\tclass=\"so-widget-image\"\/>\n\t<\/div>\n\n<\/div><\/div><\/div><\/div><\/div><\/div>","protected":false},"excerpt":{"rendered":"<p>Implication de la cartographie des habitats benthiquesLa cartographie des habitats benthiques, en g\u00e9n\u00e9ral, n\u00e9cessite le recours \u00e0 de multiples m\u00e9thodologies permettant de g\u00e9n\u00e9rer des ensembles d\u00e9taill\u00e9s de donn\u00e9es g\u00e9or\u00e9f\u00e9renc\u00e9es et de cr\u00e9er des cartes de l\u2019environnement sous-marin.Un habitat benthique d\u00e9finit la situation de l\u2019environnement, tant physique que biologique, en un point pr\u00e9cis du fond de&#8230;  <a href=\"https:\/\/marine.geophysicsgpr.com\/fr\/applications-geophysique-marine\/environnement\/cartographie-des-habitats-benthiques\" class=\"more-link\" title=\"Read Cartographie des habitats benthiques\">Read more &raquo;<\/a><\/p>\n","protected":false},"author":1,"featured_media":78,"parent":172,"menu_order":0,"comment_status":"closed","ping_status":"closed","template":"page-full-width.php","meta":{"content-type":"","footnotes":""},"class_list":["post-194","page","type-page","status-publish","has-post-thumbnail","hentry"],"_links":{"self":[{"href":"https:\/\/marine.geophysicsgpr.com\/fr\/wp-json\/wp\/v2\/pages\/194","targetHints":{"allow":["GET"]}}],"collection":[{"href":"https:\/\/marine.geophysicsgpr.com\/fr\/wp-json\/wp\/v2\/pages"}],"about":[{"href":"https:\/\/marine.geophysicsgpr.com\/fr\/wp-json\/wp\/v2\/types\/page"}],"author":[{"embeddable":true,"href":"https:\/\/marine.geophysicsgpr.com\/fr\/wp-json\/wp\/v2\/users\/1"}],"replies":[{"embeddable":true,"href":"https:\/\/marine.geophysicsgpr.com\/fr\/wp-json\/wp\/v2\/comments?post=194"}],"version-history":[{"count":13,"href":"https:\/\/marine.geophysicsgpr.com\/fr\/wp-json\/wp\/v2\/pages\/194\/revisions"}],"predecessor-version":[{"id":1624,"href":"https:\/\/marine.geophysicsgpr.com\/fr\/wp-json\/wp\/v2\/pages\/194\/revisions\/1624"}],"up":[{"embeddable":true,"href":"https:\/\/marine.geophysicsgpr.com\/fr\/wp-json\/wp\/v2\/pages\/172"}],"wp:featuredmedia":[{"embeddable":true,"href":"https:\/\/marine.geophysicsgpr.com\/fr\/wp-json\/wp\/v2\/media\/78"}],"wp:attachment":[{"href":"https:\/\/marine.geophysicsgpr.com\/fr\/wp-json\/wp\/v2\/media?parent=194"}],"curies":[{"name":"wp","href":"https:\/\/api.w.org\/{rel}","templated":true}]}}