{"id":201,"date":"2015-07-22T18:10:10","date_gmt":"2015-07-22T17:10:10","guid":{"rendered":"http:\/\/marine.geophysicsgpr.com\/?page_id=201"},"modified":"2017-03-09T17:31:28","modified_gmt":"2017-03-09T16:31:28","slug":"etude-des-eaux-par-echantillonnage","status":"publish","type":"page","link":"https:\/\/marine.geophysicsgpr.com\/fr\/applications-geophysique-marine\/environnement\/etude-des-eaux-par-echantillonnage","title":{"rendered":"\u00c9tude des eaux par \u00e9chantillonnage"},"content":{"rendered":"<div id=\"pl-201\"  class=\"panel-layout\" ><div id=\"pg-201-0\"  class=\"panel-grid panel-no-style\" ><div id=\"pgc-201-0-0\"  class=\"panel-grid-cell\" ><div id=\"panel-201-0-0-0\" class=\"so-panel widget widget_sow-editor panel-first-child panel-last-child\" data-index=\"0\" ><div class=\"texte-home-right article panel-widget-style panel-widget-style-for-201-0-0-0\" ><div\n\t\t\t\n\t\t\tclass=\"so-widget-sow-editor so-widget-sow-editor-base\"\n\t\t\t\n\t\t>\n<div class=\"siteorigin-widget-tinymce textwidget\">\n\t<p>L'objectif de l'\u00e9tude des eaux par \u00e9chantillonnage \u00e0 des fins d'analyse est d'obtenir des renseignements sur un milieu donn\u00e9\u00a0\u00e0 l'aide d'\u00e9chantillons repr\u00e9sentatifs.<\/p>\n<p>Dans le cas o\u00f9 des substances polluantes seraient transport\u00e9es dans l\u2019eau d\u2019un cours d\u2019eau ou d\u2019un lac, il est possible de mener une \u00e9tude bas\u00e9e sur l\u2019\u00e9chantillonnage de l\u2019eau afin de comprendre la source de pollution.<\/p>\n<h2 class=\"h2resize\">L'\u00e9tude des eaux par \u00e9chantillonnage se fait de plusieurs fa\u00e7ons :<\/h2>\n<ul>\n<li>Courantom\u00e9trie \u00e0 l\u2019aide d\u2019instruments sp\u00e9cialis\u00e9s;<\/li>\n<li>\u00c9chantillonage de l'eau\u00a0\u00e0 des emplacements d\u00e9termin\u00e9s, suivi d\u2019analyse en laboratoire;<\/li>\n<li>Mesure in situ de la temp\u00e9rature, de la conductivit\u00e9 et de la salinit\u00e9 \u00e0 des endroits cibl\u00e9s.<\/li>\n<\/ul>\n<p>\u00a0<\/p>\n<p>\u00a0<\/p>\n<p>Pour plus d'informations, veuillez contacter notre <span style=\"color: #013ca6\"><a style=\"color: #013ca6\" href=\"mailto:info@geophysicsgpr.com\">\u00c9quipe de lev\u00e9 marin<\/a><\/span>.<\/p>\n<\/div>\n<\/div><\/div><\/div><\/div><\/div><div id=\"pg-201-1\"  class=\"panel-grid panel-no-style\" ><div id=\"pgc-201-1-0\"  class=\"panel-grid-cell\" ><div id=\"panel-201-1-0-0\" class=\"so-panel widget widget_sow-image panel-first-child panel-last-child\" data-index=\"1\" ><div class=\"panel-widget-style panel-widget-style-for-201-1-0-0\" ><div\n\t\t\t\n\t\t\tclass=\"so-widget-sow-image so-widget-sow-image-default-8b5b6f678277-201\"\n\t\t\t\n\t\t>\n<div class=\"sow-image-container\">\n\t\t<img loading=\"lazy\" decoding=\"async\" src=\"https:\/\/marine.geophysicsgpr.com\/wp-content\/uploads\/sites\/5\/2015\/07\/Marine_water_sampling.jpg\" width=\"640\" height=\"480\" srcset=\"https:\/\/marine.geophysicsgpr.com\/wp-content\/uploads\/sites\/5\/2015\/07\/Marine_water_sampling.jpg 640w, https:\/\/marine.geophysicsgpr.com\/wp-content\/uploads\/sites\/5\/2015\/07\/Marine_water_sampling-300x225.jpg 300w\" sizes=\"auto, (max-width: 640px) 100vw, 640px\" title=\"Marine_water_sampling\" alt=\"\u00c9tudes des eaux par \u00e9chantillonnage\" \t\tclass=\"so-widget-image\"\/>\n\t<\/div>\n\n<\/div><\/div><\/div><\/div><div id=\"pgc-201-1-1\"  class=\"panel-grid-cell\" ><div id=\"panel-201-1-1-0\" class=\"so-panel widget widget_sow-image panel-first-child panel-last-child\" data-index=\"2\" ><div class=\"panel-widget-style panel-widget-style-for-201-1-1-0\" ><div\n\t\t\t\n\t\t\tclass=\"so-widget-sow-image so-widget-sow-image-default-8b5b6f678277-201\"\n\t\t\t\n\t\t>\n<div class=\"sow-image-container\">\n\t\t<img loading=\"lazy\" decoding=\"async\" src=\"https:\/\/marine.geophysicsgpr.com\/wp-content\/uploads\/sites\/5\/2015\/07\/marine_applications_water_sampling_inset.jpg\" width=\"225\" height=\"195\" sizes=\"auto, (max-width: 225px) 100vw, 225px\" title=\"marine_applications_water_sampling_inset\" alt=\"\u00c9tudes des eaux par \u00e9chantillonnage\" \t\tclass=\"so-widget-image\"\/>\n\t<\/div>\n\n<\/div><\/div><\/div><\/div><\/div><\/div>","protected":false},"excerpt":{"rendered":"<p>L&rsquo;objectif de l&rsquo;\u00e9tude des eaux par \u00e9chantillonnage \u00e0 des fins d&rsquo;analyse est d&rsquo;obtenir des renseignements sur un milieu donn\u00e9\u00a0\u00e0 l&rsquo;aide d&rsquo;\u00e9chantillons repr\u00e9sentatifs.Dans le cas o\u00f9 des substances polluantes seraient transport\u00e9es dans l\u2019eau d\u2019un cours d\u2019eau ou d\u2019un lac, il est possible de mener une \u00e9tude bas\u00e9e sur l\u2019\u00e9chantillonnage de l\u2019eau afin de comprendre la source&#8230;  <a href=\"https:\/\/marine.geophysicsgpr.com\/fr\/applications-geophysique-marine\/environnement\/etude-des-eaux-par-echantillonnage\" class=\"more-link\" title=\"Read \u00c9tude des eaux par \u00e9chantillonnage\">Read more &raquo;<\/a><\/p>\n","protected":false},"author":1,"featured_media":78,"parent":172,"menu_order":0,"comment_status":"closed","ping_status":"closed","template":"page-full-width.php","meta":{"content-type":"","footnotes":""},"class_list":["post-201","page","type-page","status-publish","has-post-thumbnail","hentry"],"_links":{"self":[{"href":"https:\/\/marine.geophysicsgpr.com\/fr\/wp-json\/wp\/v2\/pages\/201","targetHints":{"allow":["GET"]}}],"collection":[{"href":"https:\/\/marine.geophysicsgpr.com\/fr\/wp-json\/wp\/v2\/pages"}],"about":[{"href":"https:\/\/marine.geophysicsgpr.com\/fr\/wp-json\/wp\/v2\/types\/page"}],"author":[{"embeddable":true,"href":"https:\/\/marine.geophysicsgpr.com\/fr\/wp-json\/wp\/v2\/users\/1"}],"replies":[{"embeddable":true,"href":"https:\/\/marine.geophysicsgpr.com\/fr\/wp-json\/wp\/v2\/comments?post=201"}],"version-history":[{"count":17,"href":"https:\/\/marine.geophysicsgpr.com\/fr\/wp-json\/wp\/v2\/pages\/201\/revisions"}],"predecessor-version":[{"id":1625,"href":"https:\/\/marine.geophysicsgpr.com\/fr\/wp-json\/wp\/v2\/pages\/201\/revisions\/1625"}],"up":[{"embeddable":true,"href":"https:\/\/marine.geophysicsgpr.com\/fr\/wp-json\/wp\/v2\/pages\/172"}],"wp:featuredmedia":[{"embeddable":true,"href":"https:\/\/marine.geophysicsgpr.com\/fr\/wp-json\/wp\/v2\/media\/78"}],"wp:attachment":[{"href":"https:\/\/marine.geophysicsgpr.com\/fr\/wp-json\/wp\/v2\/media?parent=201"}],"curies":[{"name":"wp","href":"https:\/\/api.w.org\/{rel}","templated":true}]}}