{"id":208,"date":"2015-07-22T18:14:28","date_gmt":"2015-07-22T17:14:28","guid":{"rendered":"http:\/\/marine.geophysicsgpr.com\/?page_id=208"},"modified":"2017-03-09T17:32:29","modified_gmt":"2017-03-09T16:32:29","slug":"etude-des-sediments-marin","status":"publish","type":"page","link":"https:\/\/marine.geophysicsgpr.com\/fr\/applications-geophysique-marine\/environnement\/etude-des-sediments-marin","title":{"rendered":"\u00c9tude des s\u00e9diments et de la s\u00e9dimentation"},"content":{"rendered":"<div id=\"pl-208\"  class=\"panel-layout\" ><div id=\"pg-208-0\"  class=\"panel-grid panel-no-style\" ><div id=\"pgc-208-0-0\"  class=\"panel-grid-cell\" ><div id=\"panel-208-0-0-0\" class=\"so-panel widget widget_sow-editor panel-first-child panel-last-child\" data-index=\"0\" ><div class=\"texte-home-right article panel-widget-style panel-widget-style-for-208-0-0-0\" ><div\n\t\t\t\n\t\t\tclass=\"so-widget-sow-editor so-widget-sow-editor-base\"\n\t\t\t\n\t\t>\n<div class=\"siteorigin-widget-tinymce textwidget\">\n\t<p>Souvent, les polluants s\u2019accumulent dans les s\u00e9diments d\u2019un cours d\u2019eau ou d\u2019un lac.\u00a0L\u2019utilisation d\u2019\u00e9quipement d\u2019\u00e9chantillonnage sp\u00e9cialis\u00e9 et d\u2019un syst\u00e8me de cartographie haute r\u00e9solution, permet \u00e0 GPR de mettre sur pied un programme d\u2019\u00e9chantillonnage de s\u00e9diments destin\u00e9 \u00e0 recueillir et \u00e0 cartographier les s\u00e9diments dans un environnement marin.<\/p>\n<p>L'\u00e9chantillonnage du fond marin s'effectue en deux \u00e9tapes :tout d'abord le positionnement \u00e0 l'aide d'un GPS\u00a0puis le lancement de l'\u00e9chantillonneur.<\/p>\n<p>G\u00e9ophysique GPR poss\u00e8de deux types d'\u00e9chantillonneurs pour l'\u00e9tude des s\u00e9diments, le \"Benthos\" et la \"benne preneuse\".<\/p>\n<h2 class=\"h2resize\">\u00c9tude des s\u00e9diments par l'\u00e9chantillonneur \"Benthos\"<\/h2>\n<p>Le \"Benthos\" utilise des tubes en ac\u00e9tobutyrate de cellulose permettant, avec un minimum de remaniement, de sortir des carottes de s\u00e9diments jusqu'\u00e0 2 m\u00e8tres d'\u00e9paisseur en utilisant un tube de plastique.<\/p>\n<h2 class=\"h2resize\">\u00c9tude des s\u00e9diments par l'\u00e9chantillonneur \"benne preneuse\"<\/h2>\n<p>La \"benne preneuse\" comprend une paire de m\u00e2choires qui se ferment en touchant le fond, ramassant ainsi les s\u00e9diments \u00e0\u00a0la surface du fond marin.<\/p>\n<p>Les \u00e9chantillons sont emball\u00e9s dans des sacs \u00e9tanches et bien identifi\u00e9s pour les analyses requises.<\/p>\n<p>\u00a0<\/p>\n<p>\u00a0<\/p>\n<p>Pour plus d'informations, veuillez contacter notre <span style=\"color: #013ca6\"><a style=\"color: #013ca6\" href=\"mailto:info@geophysicsgpr.com\">\u00c9quipe de lev\u00e9 marin<\/a><\/span>.<\/p>\n<\/div>\n<\/div><\/div><\/div><\/div><div id=\"pgc-208-0-1\"  class=\"panel-grid-cell\" ><div id=\"panel-208-0-1-0\" class=\"so-panel widget widget_sow-image panel-first-child panel-last-child\" data-index=\"1\" ><div class=\"panel-widget-style panel-widget-style-for-208-0-1-0\" ><div\n\t\t\t\n\t\t\tclass=\"so-widget-sow-image so-widget-sow-image-default-8b5b6f678277-208\"\n\t\t\t\n\t\t>\n<div class=\"sow-image-container\">\n\t\t<img loading=\"lazy\" decoding=\"async\" src=\"https:\/\/marine.geophysicsgpr.com\/wp-content\/uploads\/sites\/5\/2015\/07\/marine_applications_environment_sediment_inset.jpg\" width=\"163\" height=\"180\" sizes=\"auto, (max-width: 163px) 100vw, 163px\" title=\"marine_applications_environment_sediment_inset\" alt=\"marine_applications_environment_sediment_inset\" \t\tclass=\"so-widget-image\"\/>\n\t<\/div>\n\n<\/div><\/div><\/div><\/div><\/div><div id=\"pg-208-1\"  class=\"panel-grid panel-no-style\" ><div id=\"pgc-208-1-0\"  class=\"panel-grid-cell\" ><div id=\"panel-208-1-0-0\" class=\"so-panel widget widget_sow-image panel-first-child panel-last-child\" data-index=\"2\" ><div class=\"panel-widget-style panel-widget-style-for-208-1-0-0\" ><div\n\t\t\t\n\t\t\tclass=\"so-widget-sow-image so-widget-sow-image-default-8b5b6f678277-208\"\n\t\t\t\n\t\t>\n<div class=\"sow-image-container\">\n\t\t<img loading=\"lazy\" decoding=\"async\" src=\"https:\/\/marine.geophysicsgpr.com\/wp-content\/uploads\/sites\/5\/2015\/07\/Marine_applications_Sediment-Thickness.jpg\" width=\"640\" height=\"467\" srcset=\"https:\/\/marine.geophysicsgpr.com\/wp-content\/uploads\/sites\/5\/2015\/07\/Marine_applications_Sediment-Thickness.jpg 640w, https:\/\/marine.geophysicsgpr.com\/wp-content\/uploads\/sites\/5\/2015\/07\/Marine_applications_Sediment-Thickness-300x219.jpg 300w\" sizes=\"auto, (max-width: 640px) 100vw, 640px\" title=\"Marine_applications_Sediment Thickness\" alt=\"\u00c9tudes des s\u00e9diments\" \t\tclass=\"so-widget-image\"\/>\n\t<\/div>\n\n<\/div><\/div><\/div><\/div><div id=\"pgc-208-1-1\"  class=\"panel-grid-cell\" ><div id=\"panel-208-1-1-0\" class=\"so-panel widget widget_sow-image panel-first-child panel-last-child\" data-index=\"3\" ><div class=\"panel-widget-style panel-widget-style-for-208-1-1-0\" ><div\n\t\t\t\n\t\t\tclass=\"so-widget-sow-image so-widget-sow-image-default-8b5b6f678277-208\"\n\t\t\t\n\t\t>\n<div class=\"sow-image-container\">\n\t\t<img loading=\"lazy\" decoding=\"async\" src=\"https:\/\/marine.geophysicsgpr.com\/wp-content\/uploads\/sites\/5\/2015\/07\/Marine_applications_sedimentation.jpg\" width=\"640\" height=\"425\" srcset=\"https:\/\/marine.geophysicsgpr.com\/wp-content\/uploads\/sites\/5\/2015\/07\/Marine_applications_sedimentation.jpg 640w, https:\/\/marine.geophysicsgpr.com\/wp-content\/uploads\/sites\/5\/2015\/07\/Marine_applications_sedimentation-300x199.jpg 300w, https:\/\/marine.geophysicsgpr.com\/wp-content\/uploads\/sites\/5\/2015\/07\/Marine_applications_sedimentation-272x182.jpg 272w\" sizes=\"auto, (max-width: 640px) 100vw, 640px\" title=\"Environnement\" alt=\"\u00c9tudes des s\u00e9diments\" \t\tclass=\"so-widget-image\"\/>\n\t<\/div>\n\n<\/div><\/div><\/div><\/div><\/div><\/div>","protected":false},"excerpt":{"rendered":"<p>Souvent, les polluants s\u2019accumulent dans les s\u00e9diments d\u2019un cours d\u2019eau ou d\u2019un lac.\u00a0L\u2019utilisation d\u2019\u00e9quipement d\u2019\u00e9chantillonnage sp\u00e9cialis\u00e9 et d\u2019un syst\u00e8me de cartographie haute r\u00e9solution, permet \u00e0 GPR de mettre sur pied un programme d\u2019\u00e9chantillonnage de s\u00e9diments destin\u00e9 \u00e0 recueillir et \u00e0 cartographier les s\u00e9diments dans un environnement marin.L&rsquo;\u00e9chantillonnage du fond marin s&rsquo;effectue en deux \u00e9tapes :tout&#8230;  <a href=\"https:\/\/marine.geophysicsgpr.com\/fr\/applications-geophysique-marine\/environnement\/etude-des-sediments-marin\" class=\"more-link\" title=\"Read \u00c9tude des s\u00e9diments et de la s\u00e9dimentation\">Read more &raquo;<\/a><\/p>\n","protected":false},"author":1,"featured_media":78,"parent":172,"menu_order":0,"comment_status":"closed","ping_status":"closed","template":"page-full-width.php","meta":{"content-type":"","footnotes":""},"class_list":["post-208","page","type-page","status-publish","has-post-thumbnail","hentry"],"_links":{"self":[{"href":"https:\/\/marine.geophysicsgpr.com\/fr\/wp-json\/wp\/v2\/pages\/208","targetHints":{"allow":["GET"]}}],"collection":[{"href":"https:\/\/marine.geophysicsgpr.com\/fr\/wp-json\/wp\/v2\/pages"}],"about":[{"href":"https:\/\/marine.geophysicsgpr.com\/fr\/wp-json\/wp\/v2\/types\/page"}],"author":[{"embeddable":true,"href":"https:\/\/marine.geophysicsgpr.com\/fr\/wp-json\/wp\/v2\/users\/1"}],"replies":[{"embeddable":true,"href":"https:\/\/marine.geophysicsgpr.com\/fr\/wp-json\/wp\/v2\/comments?post=208"}],"version-history":[{"count":22,"href":"https:\/\/marine.geophysicsgpr.com\/fr\/wp-json\/wp\/v2\/pages\/208\/revisions"}],"predecessor-version":[{"id":1626,"href":"https:\/\/marine.geophysicsgpr.com\/fr\/wp-json\/wp\/v2\/pages\/208\/revisions\/1626"}],"up":[{"embeddable":true,"href":"https:\/\/marine.geophysicsgpr.com\/fr\/wp-json\/wp\/v2\/pages\/172"}],"wp:featuredmedia":[{"embeddable":true,"href":"https:\/\/marine.geophysicsgpr.com\/fr\/wp-json\/wp\/v2\/media\/78"}],"wp:attachment":[{"href":"https:\/\/marine.geophysicsgpr.com\/fr\/wp-json\/wp\/v2\/media?parent=208"}],"curies":[{"name":"wp","href":"https:\/\/api.w.org\/{rel}","templated":true}]}}