{"id":21,"date":"2015-07-21T20:14:17","date_gmt":"2015-07-21T19:14:17","guid":{"rendered":"http:\/\/marine.geophysicsgpr.com\/?page_id=21"},"modified":"2018-07-30T17:44:32","modified_gmt":"2018-07-30T16:44:32","slug":"applications-geophysique-marine","status":"publish","type":"page","link":"https:\/\/marine.geophysicsgpr.com\/fr\/applications-geophysique-marine","title":{"rendered":"Applications"},"content":{"rendered":"<div id=\"pl-21\"  class=\"panel-layout\" ><div id=\"pg-21-0\"  class=\"panel-grid panel-has-style\" ><div class=\"texte-home-right article panel-row-style panel-row-style-for-21-0\" ><div id=\"pgc-21-0-0\"  class=\"panel-grid-cell\" ><div id=\"panel-21-0-0-0\" class=\"so-panel widget widget_sow-editor panel-first-child panel-last-child\" data-index=\"0\" ><div\n\t\t\t\n\t\t\tclass=\"so-widget-sow-editor so-widget-sow-editor-base\"\n\t\t\t\n\t\t>\n<div class=\"siteorigin-widget-tinymce textwidget\">\n\t<p>Cette section pr\u00e9sente un bref r\u00e9sum\u00e9 des diff\u00e9rentes applications g\u00e9ophysique marine offertes par G\u00e9ophysique GPR. Notre soci\u00e9t\u00e9 en constante \u00e9volution, augmente sans cesse l'\u00e9ventail d'applications g\u00e9ophysiques disponibles afin de mieux vous servir.<\/p>\n<h2 class=\"h2resize\">Principales applications g\u00e9ophysique marine<\/h2>\n<p>La g\u00e9ophysique marine peut \u00eatre utile entre autres \u00e0 s\u2019appliquer \u00e0 une mine d\u00e9j\u00e0 existante ou \u00e0 un site d\u2019exploration mini\u00e8re; exploration gazi\u00e8re et p\u00e9troli\u00e8re. Elle peut aussi servir dans diff\u00e9rents domaines sur l'environnement, l'\u00e9cologie pour assurer une d\u00e9veloppement durable, avec des m\u00e9thodes g\u00e9ologique et g\u00e9otechnique ainsi que dans des projets de g\u00e9nie civil et d'infrastructures aquatiques, un milieu plus d\u00e9licat.<\/p>\n<p>G\u00e9ophysique GPR International fait tous les efforts pour maintenir une relation de confiance avec ses partenaires et clients, en s'assurant d'un travail \u00e0 leur enti\u00e8re satisfaction et en leur offrant des r\u00e9sultats de la plus haute qualit\u00e9. Nous sommes \u00e9galement fiers de notre certification ISO 9001:2015 du bureau chef de Longueuil au Canada.<\/p>\n<p>Pour plus d'informations, veuillez contacter notre <span style=\"color: #013ca6;\"><a style=\"color: #013ca6;\" href=\"mailto: claude.robillard@gprmtl.com; olivier.letourneau@gprmtl.com; info@gprmtl.com\">\u00c9quipe de lev\u00e9s marins<\/a><\/span>.<\/p>\n<\/div>\n<\/div><\/div><\/div><\/div><\/div><div id=\"pg-21-1\"  class=\"panel-grid panel-no-style\" ><div id=\"pgc-21-1-0\"  class=\"panel-grid-cell\" ><div id=\"panel-21-1-0-0\" class=\"so-panel widget widget_black-studio-tinymce widget_black_studio_tinymce panel-first-child panel-last-child\" data-index=\"1\" ><div class=\"textwidget\"><p><div id=\"wondergridgallerylightbox_options\" data-skinsfoldername=\"skins\/default\/\"  data-jsfolder=\"https:\/\/marine.geophysicsgpr.com\/wp-content\/plugins\/wonderplugin-gridgallery\/engine\/\" style=\"display:none;\"><\/div>\r\n<style type=\"text\/css\">.wpp-btn-blue-medium {     background: #fa4c06; }  .wpp-btn-blue-medium:hover {     color: #fff;     background: #fa4c06; }<\/style><style type=\"text\/css\">@import url(https:\/\/fonts.googleapis.com\/css?family=Open+Sans);  #wonderplugingridgallery-6 .wonderplugin-gridgallery-item-text {     text-align: center;     box-sizing: border-box;     -webkit-box-sizing: border-box;     -moz-box-sizing: border-box; }  #wonderplugingridgallery-6 .wonderplugin-gridgallery-item-title {     font-family: 'Open Sans', sans-serif;     font-size: 18px;     position: absolute;     left: 5px;     top: 5px;     width: 97.5%;     height: auto;     background-color: #fa4c06;     color: #fff;     padding: 12px 5px; }  #wonderplugingridgallery-6 .wonderplugin-gridgallery-item-description {     font-size: 12px; }  #wonderplugingridgallery-6 .wonderplugin-gridgallery-item-button {     position: absolute;     right: 20px;     bottom: 20px; }  #wonderplugingridgallery-6 .wonderplugin-gridgallery-item-container img:hover { }<\/style><div class=\"wonderplugingridgallery\" id=\"wonderplugingridgallery-6\" data-gridgalleryid=\"6\" data-width=\"440\" data-height=\"350\" data-skin=\"threecolumns\" data-random=\"false\" data-shownavigation=\"true\" data-hoverzoomin=\"false\" data-hoverzoominimageonly=\"true\" data-hoverzoominimagecenter=\"false\" data-hoverfade=\"false\" data-responsive=\"true\" data-mediumscreen=\"true\" data-smallscreen=\"true\" data-showtitle=\"true\" data-showtexttitle=\"true\" data-showtextdescription=\"false\" data-showtextbutton=\"true\" data-lightboxnogroup=\"false\" data-lightboxshowtitle=\"true\" data-lightboxshowdescription=\"false\" data-lightboxresponsive=\"true\" data-circularimage=\"false\" data-firstimage=\"false\" data-textinsidespace=\"false\" data-thumbwidth=\"90\" data-thumbheight=\"60\" data-thumbtopmargin=\"12\" data-thumbbottommargin=\"4\" data-barheight=\"64\" data-titlebottomcss=\"{color:#333; font-size:14px; font-family:Armata,sans-serif,Arial; overflow:hidden; text-align:left;}\" data-descriptionbottomcss=\"{color:#333; font-size:12px; font-family:Arial,Helvetica,sans-serif; overflow:hidden; text-align:left; margin:4px 0px 0px; padding: 0px;}\" data-googleanalyticsaccount=\"\" data-gap=\"4\" data-margin=\"10\" data-borderradius=\"0\" data-hoverzoominvalue=\"0\" data-hoverzoominduration=\"1000\" data-hoverzoominimagescale=\"1.01\" data-hoverzoominimageduration=\"360\" data-hoverfadeopacity=\"0.8\" data-hoverfadeduration=\"300\" data-videoplaybutton=\"playvideo-64-64-0.png\" data-column=\"3\" data-mediumcolumn=\"2\" data-mediumscreensize=\"800\" data-smallcolumn=\"1\" data-smallscreensize=\"600\" data-titlemode=\"always\" data-titleeffect=\"fade\" data-titleeffectduration=\"500\" data-titleheight=\"0\" data-jsfolder=\"https:\/\/marine.geophysicsgpr.com\/wp-content\/plugins\/wonderplugin-gridgallery\/engine\/\" data-skinsfoldername=\"skins\/default\/\" style=\"display:none;position:relative;margin:0 auto;width:100%;max-width:1328px;\" ><div class=\"wonderplugin-gridgallery-list\" style=\"display:block;position:relative;max-width:100%;margin:0 auto;\"><div class=\"wonderplugin-gridgallery-item\" data-row=\"1\" data-col=\"1\"><div class=\"wonderplugin-gridgallery-item-container\"><a href=\"http:\/\/marine.geophysicsgpr.com\/fr\/applications\/mines-et-exploration-miniere\" title=\"Mines et exploration mini\u00e8re\" data-description=\"La cartographie des anomalies magn\u00e9tiques permet la d\u00e9tection de mines enfouies.\" data-button=\"<a href=&quot;http:\/\/marine.geophysicsgpr.com\/fr\/applications\/mines-et-exploration-miniere&quot;><button class=&quot;wpp-btn-blue-medium&quot;>En savoir plus<\/button><\/a>\"><img decoding=\"async\" class=\"wonderplugin-gridgallery-item-img\" src=\"http:\/\/marine.geophysicsgpr.com\/wp-content\/uploads\/sites\/5\/2015\/08\/Marine_applications_mineralEx.jpg\" \/><\/a><\/div><\/div><div class=\"wonderplugin-gridgallery-item\" data-row=\"1\" data-col=\"1\"><div class=\"wonderplugin-gridgallery-item-container\"><a href=\"http:\/\/marine.geophysicsgpr.com\/fr\/applications\/exploration-gaziere-et-petroliere\" title=\"Exploration gazi\u00e8re et p\u00e9troli\u00e8re\" data-description=\"\u00c9tudes de prospection pour d\u00e9terminer l\u2019emplacement de d\u00e9p\u00f4ts de gaz naturel et de p\u00e9trole dans l\u2019eau.\" data-button=\"<a href=&quot;http:\/\/marine.geophysicsgpr.com\/fr\/applications\/exploration-gaziere-et-petroliere&quot;><button class=&quot;wpp-btn-blue-medium&quot;>En savoir plus<\/button><\/a>\"><img decoding=\"async\" class=\"wonderplugin-gridgallery-item-img\" src=\"http:\/\/marine.geophysicsgpr.com\/wp-content\/uploads\/sites\/5\/2015\/08\/Marine_Applications_oilgas.jpg\" \/><\/a><\/div><\/div><div class=\"wonderplugin-gridgallery-item\" data-row=\"1\" data-col=\"1\"><div class=\"wonderplugin-gridgallery-item-container\"><a href=\"http:\/\/marine.geophysicsgpr.com\/fr\/applications\/environnement\" title=\"Environnement\" data-description=\"Lev\u00e9s g\u00e9ophysiques pour la cartographie et les \u00e9tudes environnementales.\" data-button=\"<a href=&quot;http:\/\/marine.geophysicsgpr.com\/fr\/applications\/environnement&quot;><button class=&quot;wpp-btn-blue-medium&quot;>En savoir plus<\/button><\/a>\"><img decoding=\"async\" class=\"wonderplugin-gridgallery-item-img\" src=\"http:\/\/marine.geophysicsgpr.com\/wp-content\/uploads\/sites\/5\/2015\/08\/Marine_applications_environmental.jpg\" \/><\/a><\/div><\/div><div class=\"wonderplugin-gridgallery-item\" data-row=\"1\" data-col=\"1\"><div class=\"wonderplugin-gridgallery-item-container\"><a href=\"http:\/\/marine.geophysicsgpr.com\/fr\/applications\/geologique-et-geotechnique\" title=\"G\u00e9ologie et g\u00e9otechnique\" data-description=\"Cartographie g\u00e9ologique et \u00e9tude g\u00e9otechnique.\" data-button=\"<a href=&quot;http:\/\/marine.geophysicsgpr.com\/fr\/applications\/geologique-et-geotechnique&quot;><button class=&quot;wpp-btn-blue-medium&quot;>En savoir plus<\/button><\/a>\"><img decoding=\"async\" class=\"wonderplugin-gridgallery-item-img\" src=\"http:\/\/marine.geophysicsgpr.com\/wp-content\/uploads\/sites\/5\/2015\/08\/Marine_Applications_Geology.jpg\" \/><\/a><\/div><\/div><div class=\"wonderplugin-gridgallery-item\" data-row=\"1\" data-col=\"1\"><div class=\"wonderplugin-gridgallery-item-container\"><a href=\"http:\/\/marine.geophysicsgpr.com\/fr\/applications\/genie-civil-et-infrastructure\" title=\"G\u00e9nie civil et infrastructures\" data-description=\"M\u00e9thode de g\u00e9ophysique marine appliqu\u00e9e dans les projets d'infrastructures et de g\u00e9nie civil.\" data-button=\"<a href=&quot;http:\/\/marine.geophysicsgpr.com\/fr\/applications\/genie-civil-et-infrastructure&quot;><button class=&quot;wpp-btn-blue-medium&quot;>En savoir plus<\/button><\/a>\"><img decoding=\"async\" class=\"wonderplugin-gridgallery-item-img\" src=\"http:\/\/marine.geophysicsgpr.com\/wp-content\/uploads\/sites\/5\/2015\/08\/Marine_applications_hydrographic_3.jpg\" \/><\/a><\/div><\/div><div style=\"clear:both;\"><\/div><\/div><div class=\"wonderplugin-gridgallery-engine\"><a href=\"http:\/\/www.wonderplugin.com\/wordpress-gridgallery\/\" title=\"WordPress Grid Gallery\">WordPress Grid Gallery<\/a><\/div><\/div><\/p>\n<\/div><\/div><\/div><\/div><\/div>","protected":false},"excerpt":{"rendered":"<p>Cette section pr\u00e9sente un bref r\u00e9sum\u00e9 des diff\u00e9rentes applications g\u00e9ophysique marine offertes par G\u00e9ophysique GPR. Notre soci\u00e9t\u00e9 en constante \u00e9volution, augmente sans cesse l&rsquo;\u00e9ventail d&rsquo;applications g\u00e9ophysiques disponibles afin de mieux vous servir. Principales applications g\u00e9ophysique marine La g\u00e9ophysique marine peut \u00eatre utile entre autres \u00e0 s\u2019appliquer \u00e0 une mine d\u00e9j\u00e0 existante ou \u00e0 un site&#8230;  <a href=\"https:\/\/marine.geophysicsgpr.com\/fr\/applications-geophysique-marine\" class=\"more-link\" title=\"Read Applications\">Read more &raquo;<\/a><\/p>\n","protected":false},"author":1,"featured_media":78,"parent":0,"menu_order":0,"comment_status":"closed","ping_status":"closed","template":"page-full-width.php","meta":{"content-type":"","footnotes":""},"class_list":["post-21","page","type-page","status-publish","has-post-thumbnail","hentry"],"_links":{"self":[{"href":"https:\/\/marine.geophysicsgpr.com\/fr\/wp-json\/wp\/v2\/pages\/21","targetHints":{"allow":["GET"]}}],"collection":[{"href":"https:\/\/marine.geophysicsgpr.com\/fr\/wp-json\/wp\/v2\/pages"}],"about":[{"href":"https:\/\/marine.geophysicsgpr.com\/fr\/wp-json\/wp\/v2\/types\/page"}],"author":[{"embeddable":true,"href":"https:\/\/marine.geophysicsgpr.com\/fr\/wp-json\/wp\/v2\/users\/1"}],"replies":[{"embeddable":true,"href":"https:\/\/marine.geophysicsgpr.com\/fr\/wp-json\/wp\/v2\/comments?post=21"}],"version-history":[{"count":24,"href":"https:\/\/marine.geophysicsgpr.com\/fr\/wp-json\/wp\/v2\/pages\/21\/revisions"}],"predecessor-version":[{"id":1735,"href":"https:\/\/marine.geophysicsgpr.com\/fr\/wp-json\/wp\/v2\/pages\/21\/revisions\/1735"}],"wp:featuredmedia":[{"embeddable":true,"href":"https:\/\/marine.geophysicsgpr.com\/fr\/wp-json\/wp\/v2\/media\/78"}],"wp:attachment":[{"href":"https:\/\/marine.geophysicsgpr.com\/fr\/wp-json\/wp\/v2\/media?parent=21"}],"curies":[{"name":"wp","href":"https:\/\/api.w.org\/{rel}","templated":true}]}}