{"id":216,"date":"2015-07-22T18:16:45","date_gmt":"2015-07-22T17:16:45","guid":{"rendered":"http:\/\/marine.geophysicsgpr.com\/?page_id=216"},"modified":"2017-03-09T17:33:17","modified_gmt":"2017-03-09T16:33:17","slug":"cartographie-des-fonds-et-des-sous-sols","status":"publish","type":"page","link":"https:\/\/marine.geophysicsgpr.com\/fr\/applications-geophysique-marine\/environnement\/cartographie-des-fonds-et-des-sous-sols","title":{"rendered":"Cartographie des fonds et des sous-sols"},"content":{"rendered":"<div id=\"pl-216\"  class=\"panel-layout\" ><div id=\"pg-216-0\"  class=\"panel-grid panel-no-style\" ><div id=\"pgc-216-0-0\"  class=\"panel-grid-cell\" ><div id=\"panel-216-0-0-0\" class=\"so-panel widget widget_sow-editor panel-first-child panel-last-child\" data-index=\"0\" ><div class=\"texte-home-right article panel-widget-style panel-widget-style-for-216-0-0-0\" ><div\n\t\t\t\n\t\t\tclass=\"so-widget-sow-editor so-widget-sow-editor-base\"\n\t\t\t\n\t\t>\n<div class=\"siteorigin-widget-tinymce textwidget\">\n\t<p>Des lev\u00e9s pris par bathym\u00e9trie et par sonar \u00e0 balayage lat\u00e9ral permettent de faire la cartographie des fonds\u00a0des lacs, des cours d\u2019eau et des \u00e9tangs.<\/p>\n<h2 class=\"h2resize\">La cartographie des fonds permet de d\u00e9terminer l\u2019\u00e9paisseur des couches et de faire une estimation de l\u2019accumulation de d\u00e9bris et de s\u00e9diments.<\/h2>\n<p>Il existe deux types d'\u00e9quipement pour faire le profilage marin. Le \u00abSub Bottom Profiler\u00bb ou \u00abChirp\u00bb sont des poissons int\u00e9graux qui sont tra\u00een\u00e9s dans l'eau par un c\u00e2ble derri\u00e8re le bateau. Ces syst\u00e8mes fonctionnent \u00e0 haute fr\u00e9quence permettant d'atteindre une haute r\u00e9solution verticale.<\/p>\n<p>Pour le deuxi\u00e8me syst\u00e8me, il s'agit d'un \u00abstreamer\u00bb d'hydrophones et d'une source d'\u00e9nergie s\u00e9par\u00e9e. La source est souvent un \u00abairgun\u00bb qui g\u00e9n\u00e8re des fr\u00e9quences moyennes (500 Hz). La r\u00e9solution est donc moins \u00e9lev\u00e9e mais la p\u00e9n\u00e9tration est sup\u00e9rieure. Les ondes refl\u00e9t\u00e9es sont capt\u00e9es par les hydrophones et enregistr\u00e9es par un sismographe.<\/p>\n<p>Vous trouverez de plus amples renseignements sur l\u2019aspect technique en suivant les liens ci-dessous :<\/p>\n<ul>\n<li><a href=\"http:\/\/marine.geophysicsgpr.com\/fr\/techniques\/bathymetrie\">Bathym\u00e9trie;<\/a><\/li>\n<li><a href=\"http:\/\/marine.geophysicsgpr.com\/fr\/techniques\/sonar-a-balayage-lateral\">Sonar \u00e0 balayage lat\u00e9ral;<\/a><\/li>\n<li><a href=\"http:\/\/marine.geophysicsgpr.com\/fr\/techniques\/le-profilage-du-sous-sol\">Profil du sous-sol.<\/a><\/li>\n<\/ul>\n<p>\u00a0<\/p>\n<p>\u00a0<\/p>\n<p>Pour plus d'information, veuillez contacter notre <span style=\"color: #013ca6\"><a style=\"color: #013ca6\" href=\"mailto:info@geophysicsgpr.com\">\u00c9quipe de lev\u00e9 marin<\/a><\/span>.<\/p>\n<\/div>\n<\/div><\/div><\/div><\/div><\/div><div id=\"pg-216-1\"  class=\"panel-grid panel-no-style\" ><div id=\"pgc-216-1-0\"  class=\"panel-grid-cell\" ><div id=\"panel-216-1-0-0\" class=\"so-panel widget widget_sow-image panel-first-child panel-last-child\" data-index=\"1\" ><div class=\"panel-widget-style panel-widget-style-for-216-1-0-0\" ><div\n\t\t\t\n\t\t\tclass=\"so-widget-sow-image so-widget-sow-image-default-8b5b6f678277-216\"\n\t\t\t\n\t\t>\n<div class=\"sow-image-container\">\n\t\t<img loading=\"lazy\" decoding=\"async\" src=\"https:\/\/marine.geophysicsgpr.com\/wp-content\/uploads\/sites\/5\/2015\/07\/Marine_applications_bottom-mapping_inset.jpg\" width=\"225\" height=\"305\" srcset=\"https:\/\/marine.geophysicsgpr.com\/wp-content\/uploads\/sites\/5\/2015\/07\/Marine_applications_bottom-mapping_inset.jpg 225w, https:\/\/marine.geophysicsgpr.com\/wp-content\/uploads\/sites\/5\/2015\/07\/Marine_applications_bottom-mapping_inset-221x300.jpg 221w\" sizes=\"auto, (max-width: 225px) 100vw, 225px\" title=\"Marine_applications_bottom mapping_inset\" alt=\"Cartographie des fonds\" \t\tclass=\"so-widget-image\"\/>\n\t<\/div>\n\n<\/div><\/div><\/div><\/div><div id=\"pgc-216-1-1\"  class=\"panel-grid-cell\" ><div id=\"panel-216-1-1-0\" class=\"so-panel widget widget_sow-image panel-first-child panel-last-child\" data-index=\"2\" ><div class=\"panel-widget-style panel-widget-style-for-216-1-1-0\" ><div\n\t\t\t\n\t\t\tclass=\"so-widget-sow-image so-widget-sow-image-default-8b5b6f678277-216\"\n\t\t\t\n\t\t>\n<div class=\"sow-image-container\">\n\t\t<img loading=\"lazy\" decoding=\"async\" src=\"https:\/\/marine.geophysicsgpr.com\/wp-content\/uploads\/sites\/5\/2015\/07\/Marine_Applications_Bottom-mapping.jpg\" width=\"640\" height=\"402\" srcset=\"https:\/\/marine.geophysicsgpr.com\/wp-content\/uploads\/sites\/5\/2015\/07\/Marine_Applications_Bottom-mapping.jpg 640w, https:\/\/marine.geophysicsgpr.com\/wp-content\/uploads\/sites\/5\/2015\/07\/Marine_Applications_Bottom-mapping-300x188.jpg 300w\" sizes=\"auto, (max-width: 640px) 100vw, 640px\" title=\"Marine_Applications_Bottom mapping\" alt=\"Cartographie des fonds\" \t\tclass=\"so-widget-image\"\/>\n\t<\/div>\n\n<\/div><\/div><\/div><\/div><\/div><\/div>","protected":false},"excerpt":{"rendered":"<p>Des lev\u00e9s pris par bathym\u00e9trie et par sonar \u00e0 balayage lat\u00e9ral permettent de faire la cartographie des fonds\u00a0des lacs, des cours d\u2019eau et des \u00e9tangs.La cartographie des fonds permet de d\u00e9terminer l\u2019\u00e9paisseur des couches et de faire une estimation de l\u2019accumulation de d\u00e9bris et de s\u00e9diments.Il existe deux types d&rsquo;\u00e9quipement pour faire le profilage marin&#8230;.  <a href=\"https:\/\/marine.geophysicsgpr.com\/fr\/applications-geophysique-marine\/environnement\/cartographie-des-fonds-et-des-sous-sols\" class=\"more-link\" title=\"Read Cartographie des fonds et des sous-sols\">Read more &raquo;<\/a><\/p>\n","protected":false},"author":1,"featured_media":78,"parent":172,"menu_order":0,"comment_status":"closed","ping_status":"closed","template":"page-full-width.php","meta":{"content-type":"","footnotes":""},"class_list":["post-216","page","type-page","status-publish","has-post-thumbnail","hentry"],"_links":{"self":[{"href":"https:\/\/marine.geophysicsgpr.com\/fr\/wp-json\/wp\/v2\/pages\/216","targetHints":{"allow":["GET"]}}],"collection":[{"href":"https:\/\/marine.geophysicsgpr.com\/fr\/wp-json\/wp\/v2\/pages"}],"about":[{"href":"https:\/\/marine.geophysicsgpr.com\/fr\/wp-json\/wp\/v2\/types\/page"}],"author":[{"embeddable":true,"href":"https:\/\/marine.geophysicsgpr.com\/fr\/wp-json\/wp\/v2\/users\/1"}],"replies":[{"embeddable":true,"href":"https:\/\/marine.geophysicsgpr.com\/fr\/wp-json\/wp\/v2\/comments?post=216"}],"version-history":[{"count":14,"href":"https:\/\/marine.geophysicsgpr.com\/fr\/wp-json\/wp\/v2\/pages\/216\/revisions"}],"predecessor-version":[{"id":1627,"href":"https:\/\/marine.geophysicsgpr.com\/fr\/wp-json\/wp\/v2\/pages\/216\/revisions\/1627"}],"up":[{"embeddable":true,"href":"https:\/\/marine.geophysicsgpr.com\/fr\/wp-json\/wp\/v2\/pages\/172"}],"wp:featuredmedia":[{"embeddable":true,"href":"https:\/\/marine.geophysicsgpr.com\/fr\/wp-json\/wp\/v2\/media\/78"}],"wp:attachment":[{"href":"https:\/\/marine.geophysicsgpr.com\/fr\/wp-json\/wp\/v2\/media?parent=216"}],"curies":[{"name":"wp","href":"https:\/\/api.w.org\/{rel}","templated":true}]}}