{"id":236,"date":"2015-08-06T15:28:45","date_gmt":"2015-08-06T14:28:45","guid":{"rendered":"http:\/\/marine.geophysicsgpr.com\/?page_id=236"},"modified":"2017-03-09T17:35:40","modified_gmt":"2017-03-09T16:35:40","slug":"cartographie-geologique","status":"publish","type":"page","link":"https:\/\/marine.geophysicsgpr.com\/fr\/applications-geophysique-marine\/geologique-et-geotechnique\/cartographie-geologique","title":{"rendered":"Cartographie g\u00e9ologique"},"content":{"rendered":"<div id=\"pl-236\"  class=\"panel-layout\" ><div id=\"pg-236-0\"  class=\"panel-grid panel-no-style\" ><div id=\"pgc-236-0-0\"  class=\"panel-grid-cell\" ><div id=\"panel-236-0-0-0\" class=\"so-panel widget widget_sow-editor panel-first-child panel-last-child\" data-index=\"0\" ><div class=\"texte-home-right article panel-widget-style panel-widget-style-for-236-0-0-0\" ><div\n\t\t\t\n\t\t\tclass=\"so-widget-sow-editor so-widget-sow-editor-base\"\n\t\t\t\n\t\t>\n<div class=\"siteorigin-widget-tinymce textwidget\">\n\t<p>Tout comme c\u2019est le cas sur terre, il existe diverses m\u00e9thodologies pour effectuer la cartographie g\u00e9ologique du substratum rocheux de la subsurface et les couches de s\u00e9diments.<\/p>\n<h2 class=\"h2resize\">Diff\u00e9rentes m\u00e9thodes pour effectuer une cartographie g\u00e9ologique<\/h2>\n<p>Dans le cadre de projets d\u2019\u00e9tudes de g\u00e9nie ou de g\u00e9otechnique, la sismique r\u00e9fraction marine est privil\u00e9gi\u00e9e lorsqu\u2019il est crucial de cartographier la profondeur du substratum rocheux comp\u00e9tent.<\/p>\n<p>La sismique r\u00e9flexion et le profil du sous-sol du fond, quant \u00e0 eux, permettent de produire des images d\u00e9taill\u00e9es des couches de la subsurface.<\/p>\n<p>Les lev\u00e9s de sonar \u00e0 balayage lat\u00e9ral et de bathym\u00e9trie jouent un r\u00f4le cl\u00e9 dans la cartographie des variations des conditions de fond.<\/p>\n<p>Une carte g\u00e9ologique est une carte \u00e0 usage sp\u00e9cial faite pour montrer les caract\u00e9ristiques g\u00e9ologiques. Les unit\u00e9s lithologiques ou strates g\u00e9ologiques sont repr\u00e9sent\u00e9es par des couleurs pour indiquer o\u00f9 elles sont expos\u00e9es \u00e0 la surface. Les plans de stratification et les caract\u00e9ristiques structurelles tels que les failles, plis, feuilletages, et lin\u00e9ations sont pr\u00e9sent\u00e9s avec des symboles de profondeur ou de plong\u00e9e qui donnent des orientations en trois dimensions de ces caract\u00e9ristiques.<\/p>\n<p>Des lignes de contours stratigraphiques peuvent \u00eatre utilis\u00e9es pour illustrer la surface d'une strate sous la surface s\u00e9lectionn\u00e9e illustrant les tendances topographiques des couches. Les cartes Isopach d\u00e9taillent les variations d'\u00e9paisseur des unit\u00e9s stratigraphiques. Il n'est pas toujours possible de montrer correctement ceci quand les couches sont extr\u00eamement fractur\u00e9es, m\u00e9lang\u00e9es, avec certaines discontinuit\u00e9s ou lorsqu'elles sont perturb\u00e9es.<\/p>\n<p>\u00a0<\/p>\n<p>\u00a0<\/p>\n<p>Pour plus d'information, veuillez contacter notre <span style=\"color: #013ca6\"><a style=\"color: #013ca6\" href=\"mailto:info@geophysicsgpr.com\">\u00c9quipe de lev\u00e9 marin<\/a><\/span>.<\/p>\n<\/div>\n<\/div><\/div><\/div><\/div><\/div><div id=\"pg-236-1\"  class=\"panel-grid panel-no-style\" ><div id=\"pgc-236-1-0\"  class=\"panel-grid-cell\" ><div id=\"panel-236-1-0-0\" class=\"so-panel widget widget_sow-image panel-first-child panel-last-child\" data-index=\"1\" ><div class=\"panel-widget-style panel-widget-style-for-236-1-0-0\" ><div\n\t\t\t\n\t\t\tclass=\"so-widget-sow-image so-widget-sow-image-default-8b5b6f678277-236\"\n\t\t\t\n\t\t>\n<div class=\"sow-image-container\">\n\t\t<img loading=\"lazy\" decoding=\"async\" src=\"https:\/\/marine.geophysicsgpr.com\/wp-content\/uploads\/sites\/5\/2015\/08\/Marine_techniques_seismic_reflection.jpg\" width=\"640\" height=\"394\" srcset=\"https:\/\/marine.geophysicsgpr.com\/wp-content\/uploads\/sites\/5\/2015\/08\/Marine_techniques_seismic_reflection.jpg 640w, https:\/\/marine.geophysicsgpr.com\/wp-content\/uploads\/sites\/5\/2015\/08\/Marine_techniques_seismic_reflection-300x185.jpg 300w\" sizes=\"auto, (max-width: 640px) 100vw, 640px\" title=\"Marine_techniques_seismic_reflection\" alt=\"Cartographie g\u00e9ologique\" \t\tclass=\"so-widget-image\"\/>\n\t<\/div>\n\n<\/div><\/div><\/div><\/div><div id=\"pgc-236-1-1\"  class=\"panel-grid-cell\" ><div id=\"panel-236-1-1-0\" class=\"so-panel widget widget_sow-image panel-first-child panel-last-child\" data-index=\"2\" ><div class=\"panel-widget-style panel-widget-style-for-236-1-1-0\" ><div\n\t\t\t\n\t\t\tclass=\"so-widget-sow-image so-widget-sow-image-default-8b5b6f678277-236\"\n\t\t\t\n\t\t>\n<div class=\"sow-image-container\">\n\t\t<img loading=\"lazy\" decoding=\"async\" src=\"https:\/\/marine.geophysicsgpr.com\/wp-content\/uploads\/sites\/5\/2015\/08\/marine_applications_geological_mapping_sidebar.jpg\" width=\"225\" height=\"233\" sizes=\"auto, (max-width: 225px) 100vw, 225px\" title=\"marine_applications_geological_mapping_sidebar\" alt=\"Cartographie g\u00e9ologique\" \t\tclass=\"so-widget-image\"\/>\n\t<\/div>\n\n<\/div><\/div><\/div><\/div><\/div><\/div>","protected":false},"excerpt":{"rendered":"<p>Tout comme c\u2019est le cas sur terre, il existe diverses m\u00e9thodologies pour effectuer la cartographie g\u00e9ologique du substratum rocheux de la subsurface et les couches de s\u00e9diments.Diff\u00e9rentes m\u00e9thodes pour effectuer une cartographie g\u00e9ologiqueDans le cadre de projets d\u2019\u00e9tudes de g\u00e9nie ou de g\u00e9otechnique, la sismique r\u00e9fraction marine est privil\u00e9gi\u00e9e lorsqu\u2019il est crucial de cartographier la&#8230;  <a href=\"https:\/\/marine.geophysicsgpr.com\/fr\/applications-geophysique-marine\/geologique-et-geotechnique\/cartographie-geologique\" class=\"more-link\" title=\"Read Cartographie g\u00e9ologique\">Read more &raquo;<\/a><\/p>\n","protected":false},"author":1,"featured_media":78,"parent":178,"menu_order":0,"comment_status":"closed","ping_status":"closed","template":"page-full-width.php","meta":{"content-type":"","footnotes":""},"class_list":["post-236","page","type-page","status-publish","has-post-thumbnail","hentry"],"_links":{"self":[{"href":"https:\/\/marine.geophysicsgpr.com\/fr\/wp-json\/wp\/v2\/pages\/236","targetHints":{"allow":["GET"]}}],"collection":[{"href":"https:\/\/marine.geophysicsgpr.com\/fr\/wp-json\/wp\/v2\/pages"}],"about":[{"href":"https:\/\/marine.geophysicsgpr.com\/fr\/wp-json\/wp\/v2\/types\/page"}],"author":[{"embeddable":true,"href":"https:\/\/marine.geophysicsgpr.com\/fr\/wp-json\/wp\/v2\/users\/1"}],"replies":[{"embeddable":true,"href":"https:\/\/marine.geophysicsgpr.com\/fr\/wp-json\/wp\/v2\/comments?post=236"}],"version-history":[{"count":11,"href":"https:\/\/marine.geophysicsgpr.com\/fr\/wp-json\/wp\/v2\/pages\/236\/revisions"}],"predecessor-version":[{"id":1630,"href":"https:\/\/marine.geophysicsgpr.com\/fr\/wp-json\/wp\/v2\/pages\/236\/revisions\/1630"}],"up":[{"embeddable":true,"href":"https:\/\/marine.geophysicsgpr.com\/fr\/wp-json\/wp\/v2\/pages\/178"}],"wp:featuredmedia":[{"embeddable":true,"href":"https:\/\/marine.geophysicsgpr.com\/fr\/wp-json\/wp\/v2\/media\/78"}],"wp:attachment":[{"href":"https:\/\/marine.geophysicsgpr.com\/fr\/wp-json\/wp\/v2\/media?parent=236"}],"curies":[{"name":"wp","href":"https:\/\/api.w.org\/{rel}","templated":true}]}}