{"id":244,"date":"2015-08-06T15:30:10","date_gmt":"2015-08-06T14:30:10","guid":{"rendered":"http:\/\/marine.geophysicsgpr.com\/?page_id=244"},"modified":"2017-03-09T17:37:15","modified_gmt":"2017-03-09T16:37:15","slug":"leves-hydrographiques","status":"publish","type":"page","link":"https:\/\/marine.geophysicsgpr.com\/fr\/applications-geophysique-marine\/geologique-et-geotechnique\/leves-hydrographiques","title":{"rendered":"Lev\u00e9s hydrographiques"},"content":{"rendered":"<div id=\"pl-244\"  class=\"panel-layout\" ><div id=\"pg-244-0\"  class=\"panel-grid panel-no-style\" ><div id=\"pgc-244-0-0\"  class=\"panel-grid-cell\" ><div id=\"panel-244-0-0-0\" class=\"so-panel widget widget_sow-editor panel-first-child panel-last-child\" data-index=\"0\" ><div class=\"texte-home-right article panel-widget-style panel-widget-style-for-244-0-0-0\" ><div\n\t\t\t\n\t\t\tclass=\"so-widget-sow-editor so-widget-sow-editor-base\"\n\t\t\t\n\t\t>\n<div class=\"siteorigin-widget-tinymce textwidget\">\n\t<p>Les autorit\u00e9s exigent des lev\u00e9s hydrographiques dans les voies navigables, les ports, les marinas, etc. GPR poss\u00e8de une vaste exp\u00e9rience dans le domaine des lev\u00e9s hydrographiques destin\u00e9s \u00e0 la s\u00e9curit\u00e9 maritime.<\/p>\n<p>\u00a0<\/p>\n<h4 class=\"h2resize\">La plupart des cartes nautiques du fleuve Saint-Laurent aux environs de Montr\u00e9al ont vu le jour gr\u00e2ce aux donn\u00e9es recueillies par GPR lors de lev\u00e9s hydrographiques<\/h4>\n<p>\u00a0<\/p>\n<p>Gr\u00e2ce aux techniques de bathym\u00e9trie modernes que nous utilisons, nous sommes en mesure de couvrir rapidement la zone d\u2019une \u00e9tude afin d\u2019assurer la s\u00e9curit\u00e9 sur les cours d\u2019eau. Les donn\u00e9es sont pr\u00e9sent\u00e9es sous forme de sondage sur une carte ou encore de\u00a0contour de profondeur constante. Elles peuvent \u00e9galement \u00eatre r\u00e9duites en fonction des niveaux de base exig\u00e9s par le client (ex. niveau de r\u00e9f\u00e9rence, point de r\u00e9f\u00e9rence local ou niveau moyen de la mer).<\/p>\n<p>\u00a0<\/p>\n<p>\u00a0<\/p>\n<p>Pour plus d'information, veuillez contacter notre <span style=\"color: #013ca6\"><a style=\"color: #013ca6\" href=\"mailto:info@geophysicsgpr.com\">\u00c9quipe de lev\u00e9 marin<\/a><\/span>.<\/p>\n<\/div>\n<\/div><\/div><\/div><\/div><\/div><div id=\"pg-244-1\"  class=\"panel-grid panel-no-style\" ><div id=\"pgc-244-1-0\"  class=\"panel-grid-cell\" ><div id=\"panel-244-1-0-0\" class=\"so-panel widget widget_sow-image panel-first-child panel-last-child\" data-index=\"1\" ><div class=\"panel-widget-style panel-widget-style-for-244-1-0-0\" ><div\n\t\t\t\n\t\t\tclass=\"so-widget-sow-image so-widget-sow-image-default-8b5b6f678277-244\"\n\t\t\t\n\t\t>\n<div class=\"sow-image-container\">\n\t\t<img loading=\"lazy\" decoding=\"async\" src=\"https:\/\/marine.geophysicsgpr.com\/wp-content\/uploads\/sites\/5\/2015\/08\/Marine_applications_hydrographic.png\" width=\"225\" height=\"290\" sizes=\"auto, (max-width: 225px) 100vw, 225px\" title=\"Marine_applications_hydrographic\" alt=\"Lev\u00e9s hydrographiques - Marine Geophysics\" \t\tclass=\"so-widget-image\"\/>\n\t<\/div>\n\n<\/div><\/div><\/div><\/div><div id=\"pgc-244-1-1\"  class=\"panel-grid-cell\" ><div id=\"panel-244-1-1-0\" class=\"so-panel widget widget_sow-image panel-first-child panel-last-child\" data-index=\"2\" ><div class=\"panel-widget-style panel-widget-style-for-244-1-1-0\" ><div\n\t\t\t\n\t\t\tclass=\"so-widget-sow-image so-widget-sow-image-default-8b5b6f678277-244\"\n\t\t\t\n\t\t>\n<div class=\"sow-image-container\">\n\t\t<img loading=\"lazy\" decoding=\"async\" src=\"https:\/\/marine.geophysicsgpr.com\/wp-content\/uploads\/sites\/5\/2015\/08\/Marine_applications_hydrographic_3.jpg\" width=\"640\" height=\"480\" srcset=\"https:\/\/marine.geophysicsgpr.com\/wp-content\/uploads\/sites\/5\/2015\/08\/Marine_applications_hydrographic_3.jpg 640w, https:\/\/marine.geophysicsgpr.com\/wp-content\/uploads\/sites\/5\/2015\/08\/Marine_applications_hydrographic_3-300x225.jpg 300w\" sizes=\"auto, (max-width: 640px) 100vw, 640px\" title=\"Marine_applications_hydrographic\" alt=\"Lev\u00e9s hydrographiques - Marine Geophysics\" \t\tclass=\"so-widget-image\"\/>\n\t<\/div>\n\n<\/div><\/div><\/div><\/div><\/div><\/div>","protected":false},"excerpt":{"rendered":"<p>Les autorit\u00e9s exigent des lev\u00e9s hydrographiques dans les voies navigables, les ports, les marinas, etc. GPR poss\u00e8de une vaste exp\u00e9rience dans le domaine des lev\u00e9s hydrographiques destin\u00e9s \u00e0 la s\u00e9curit\u00e9 maritime.\u00a0La plupart des cartes nautiques du fleuve Saint-Laurent aux environs de Montr\u00e9al ont vu le jour gr\u00e2ce aux donn\u00e9es recueillies par GPR lors de lev\u00e9s&#8230;  <a href=\"https:\/\/marine.geophysicsgpr.com\/fr\/applications-geophysique-marine\/geologique-et-geotechnique\/leves-hydrographiques\" class=\"more-link\" title=\"Read Lev\u00e9s hydrographiques\">Read more &raquo;<\/a><\/p>\n","protected":false},"author":1,"featured_media":78,"parent":178,"menu_order":0,"comment_status":"closed","ping_status":"closed","template":"page-full-width.php","meta":{"content-type":"","footnotes":""},"class_list":["post-244","page","type-page","status-publish","has-post-thumbnail","hentry"],"_links":{"self":[{"href":"https:\/\/marine.geophysicsgpr.com\/fr\/wp-json\/wp\/v2\/pages\/244","targetHints":{"allow":["GET"]}}],"collection":[{"href":"https:\/\/marine.geophysicsgpr.com\/fr\/wp-json\/wp\/v2\/pages"}],"about":[{"href":"https:\/\/marine.geophysicsgpr.com\/fr\/wp-json\/wp\/v2\/types\/page"}],"author":[{"embeddable":true,"href":"https:\/\/marine.geophysicsgpr.com\/fr\/wp-json\/wp\/v2\/users\/1"}],"replies":[{"embeddable":true,"href":"https:\/\/marine.geophysicsgpr.com\/fr\/wp-json\/wp\/v2\/comments?post=244"}],"version-history":[{"count":15,"href":"https:\/\/marine.geophysicsgpr.com\/fr\/wp-json\/wp\/v2\/pages\/244\/revisions"}],"predecessor-version":[{"id":1632,"href":"https:\/\/marine.geophysicsgpr.com\/fr\/wp-json\/wp\/v2\/pages\/244\/revisions\/1632"}],"up":[{"embeddable":true,"href":"https:\/\/marine.geophysicsgpr.com\/fr\/wp-json\/wp\/v2\/pages\/178"}],"wp:featuredmedia":[{"embeddable":true,"href":"https:\/\/marine.geophysicsgpr.com\/fr\/wp-json\/wp\/v2\/media\/78"}],"wp:attachment":[{"href":"https:\/\/marine.geophysicsgpr.com\/fr\/wp-json\/wp\/v2\/media?parent=244"}],"curies":[{"name":"wp","href":"https:\/\/api.w.org\/{rel}","templated":true}]}}