{"id":249,"date":"2015-08-06T15:30:58","date_gmt":"2015-08-06T14:30:58","guid":{"rendered":"http:\/\/marine.geophysicsgpr.com\/?page_id=249"},"modified":"2017-03-09T17:38:00","modified_gmt":"2017-03-09T16:38:00","slug":"cartographie-de-fond-et-du-sous-sol","status":"publish","type":"page","link":"https:\/\/marine.geophysicsgpr.com\/fr\/applications-geophysique-marine\/geologique-et-geotechnique\/cartographie-de-fond-et-du-sous-sol","title":{"rendered":"Cartographie du fond marin"},"content":{"rendered":"<div id=\"pl-249\"  class=\"panel-layout\" ><div id=\"pg-249-0\"  class=\"panel-grid panel-no-style\" ><div id=\"pgc-249-0-0\"  class=\"panel-grid-cell\" ><div id=\"panel-249-0-0-0\" class=\"so-panel widget widget_sow-editor panel-first-child panel-last-child\" data-index=\"0\" ><div class=\"texte-home-right article panel-widget-style panel-widget-style-for-249-0-0-0\" ><div\n\t\t\t\n\t\t\tclass=\"so-widget-sow-editor so-widget-sow-editor-base\"\n\t\t\t\n\t\t>\n<div class=\"siteorigin-widget-tinymce textwidget\">\n\t<p>La m\u00e9thode de cartographie du fond marin\u00a0exploite le principe d'induction \u00e9lectromagn\u00e9tique dans les mat\u00e9riaux conducteurs. Cette m\u00e9thode est dite \u00ab active \u00bb car on \u00e9met artificiellement un champ magn\u00e9tique primaire, qui est conduit par le sous-sol, et dont les modifications mesur\u00e9es en surface nous renseignent sur les propri\u00e9t\u00e9s du terrain.<\/p>\n<h2 class=\"h2resize\">Cartographie du fond\u00a0marin<\/h2>\n<p>Des sonars dot\u00e9s d'une remarquable acuit\u00e9 visuelle permettent aujourd'hui de r\u00e9aliser la cartographie du fond\u00a0marin et d'en analyser la nature en dressant des cartes sous-marines comportant des \u00e9l\u00e9ments topographiques appel\u00e9s des reliefs. Pour obtenir de tels r\u00e9sultats, les chercheurs utilisent la vision st\u00e9r\u00e9oscopique, gr\u00e2ce \u00e0 deux sonars travaillant en parall\u00e8le. Le traitement des deux images permet de calculer l'\u00e9l\u00e9vation (l'\u00e9quivalent de l'altitude) pour chaque point de l'image.<\/p>\n<p>La caract\u00e9risation des propri\u00e9t\u00e9s g\u00e9ologiques et g\u00e9otechniques des s\u00e9diments marins par la cartographie du fond marin\u00a0permet de d\u00e9crire avec pr\u00e9cision la nature et les propri\u00e9t\u00e9s du sol. Ces indications sont extr\u00eamement pr\u00e9cieuses pour nombre de travaux sous-marins: poser ou enfouir des c\u00e2bles ou des pipelines, enfoncer des pyl\u00f4nes, etc. Elles int\u00e9ressent tout particuli\u00e8rement les industriels de l'offshore p\u00e9trolier et gazier, pour lesquels la connaissance des fonds s\u00e9dimentaires est capitale pour l'installation de plates-formes.<\/p>\n<p>\u00a0<\/p>\n<p>\u00a0<\/p>\n<p>Pour plus d'informations, veuillez contacter notre <span style=\"color: #013ca6\"><a style=\"color: #013ca6\" href=\"mailto:info@geophysicsgpr.com\">\u00c9quipe de lev\u00e9 marin<\/a><\/span>.<\/p>\n<\/div>\n<\/div><\/div><\/div><\/div><\/div><div id=\"pg-249-1\"  class=\"panel-grid panel-no-style\" ><div id=\"pgc-249-1-0\"  class=\"panel-grid-cell\" ><div id=\"panel-249-1-0-0\" class=\"so-panel widget widget_sow-image panel-first-child panel-last-child\" data-index=\"1\" ><div class=\"panel-widget-style panel-widget-style-for-249-1-0-0\" ><div\n\t\t\t\n\t\t\tclass=\"so-widget-sow-image so-widget-sow-image-default-8b5b6f678277-249\"\n\t\t\t\n\t\t><\/div><\/div><\/div><\/div><div id=\"pgc-249-1-1\"  class=\"panel-grid-cell\" ><div id=\"panel-249-1-1-0\" class=\"so-panel widget widget_sow-image panel-first-child panel-last-child\" data-index=\"2\" ><div class=\"panel-widget-style panel-widget-style-for-249-1-1-0\" ><div\n\t\t\t\n\t\t\tclass=\"so-widget-sow-image so-widget-sow-image-default-8b5b6f678277-249\"\n\t\t\t\n\t\t><\/div><\/div><\/div><\/div><\/div><\/div>","protected":false},"excerpt":{"rendered":"<p>La m\u00e9thode de cartographie du fond marin\u00a0exploite le principe d&rsquo;induction \u00e9lectromagn\u00e9tique dans les mat\u00e9riaux conducteurs. Cette m\u00e9thode est dite \u00ab active \u00bb car on \u00e9met artificiellement un champ magn\u00e9tique primaire, qui est conduit par le sous-sol, et dont les modifications mesur\u00e9es en surface nous renseignent sur les propri\u00e9t\u00e9s du terrain.Cartographie du fond\u00a0marinDes sonars dot\u00e9s d&rsquo;une&#8230;  <a href=\"https:\/\/marine.geophysicsgpr.com\/fr\/applications-geophysique-marine\/geologique-et-geotechnique\/cartographie-de-fond-et-du-sous-sol\" class=\"more-link\" title=\"Read Cartographie du fond marin\">Read more &raquo;<\/a><\/p>\n","protected":false},"author":1,"featured_media":78,"parent":178,"menu_order":0,"comment_status":"closed","ping_status":"closed","template":"page-full-width.php","meta":{"content-type":"","footnotes":""},"class_list":["post-249","page","type-page","status-publish","has-post-thumbnail","hentry"],"_links":{"self":[{"href":"https:\/\/marine.geophysicsgpr.com\/fr\/wp-json\/wp\/v2\/pages\/249","targetHints":{"allow":["GET"]}}],"collection":[{"href":"https:\/\/marine.geophysicsgpr.com\/fr\/wp-json\/wp\/v2\/pages"}],"about":[{"href":"https:\/\/marine.geophysicsgpr.com\/fr\/wp-json\/wp\/v2\/types\/page"}],"author":[{"embeddable":true,"href":"https:\/\/marine.geophysicsgpr.com\/fr\/wp-json\/wp\/v2\/users\/1"}],"replies":[{"embeddable":true,"href":"https:\/\/marine.geophysicsgpr.com\/fr\/wp-json\/wp\/v2\/comments?post=249"}],"version-history":[{"count":13,"href":"https:\/\/marine.geophysicsgpr.com\/fr\/wp-json\/wp\/v2\/pages\/249\/revisions"}],"predecessor-version":[{"id":1633,"href":"https:\/\/marine.geophysicsgpr.com\/fr\/wp-json\/wp\/v2\/pages\/249\/revisions\/1633"}],"up":[{"embeddable":true,"href":"https:\/\/marine.geophysicsgpr.com\/fr\/wp-json\/wp\/v2\/pages\/178"}],"wp:featuredmedia":[{"embeddable":true,"href":"https:\/\/marine.geophysicsgpr.com\/fr\/wp-json\/wp\/v2\/media\/78"}],"wp:attachment":[{"href":"https:\/\/marine.geophysicsgpr.com\/fr\/wp-json\/wp\/v2\/media?parent=249"}],"curies":[{"name":"wp","href":"https:\/\/api.w.org\/{rel}","templated":true}]}}