{"id":269,"date":"2015-08-06T15:35:52","date_gmt":"2015-08-06T14:35:52","guid":{"rendered":"http:\/\/marine.geophysicsgpr.com\/?page_id=269"},"modified":"2017-03-09T17:41:20","modified_gmt":"2017-03-09T16:41:20","slug":"projets-de-construction-maritime","status":"publish","type":"page","link":"https:\/\/marine.geophysicsgpr.com\/fr\/applications-geophysique-marine\/genie-civil-et-infrastructures\/projets-de-construction-maritime","title":{"rendered":"Projets de construction maritime"},"content":{"rendered":"<div id=\"pl-269\"  class=\"panel-layout\" ><div id=\"pg-269-0\"  class=\"panel-grid panel-no-style\" ><div id=\"pgc-269-0-0\"  class=\"panel-grid-cell\" ><div id=\"panel-269-0-0-0\" class=\"so-panel widget widget_sow-editor panel-first-child panel-last-child\" data-index=\"0\" ><div class=\"texte-home-right article panel-widget-style panel-widget-style-for-269-0-0-0\" ><div\n\t\t\t\n\t\t\tclass=\"so-widget-sow-editor so-widget-sow-editor-base\"\n\t\t\t\n\t\t>\n<div class=\"siteorigin-widget-tinymce textwidget\">\n\t<p>Avant d\u2019entreprendre la conception d\u00e9taill\u00e9e d\u2019un projet de construction maritime, il est essentiel de d\u00e9tenir des renseignements g\u00e9otechniques complets et pr\u00e9cis sur le site.<\/p>\n<h2 class=\"h2resize\">En combinant des lev\u00e9s multidisciplinaires, GPR r\u00e9pond aux exigences de ses clients du Canada et de divers pays dans la r\u00e9alisation de leurs projets de construction maritime de petite ou de grande envergure<\/h2>\n<p>Par exemple, pour la construction d\u2019un corridor pipeline\/tunnel traversant une rivi\u00e8re ou un lac, il est n\u00e9cessaire de recueillir les informations suivantes :<\/p>\n<ul>\n<li>Donn\u00e9es pr\u00e9cises sur l\u2019\u00e9l\u00e9vation de la subsurface (bathym\u00e9trie);<\/li>\n<li>Renseignements g\u00e9otechniques sur la subsurface (\u00e9chantillonnage et sonar \u00e0 balayage lat\u00e9ral);<\/li>\n<li>Vitesse et direction du courant (courantom\u00e9trie);<\/li>\n<li>\u00c9paisseur des s\u00e9diments et identification des couches g\u00e9ologiques (profil g\u00e9ologique marin);<\/li>\n<li>Positionnement pr\u00e9cis de tous les \u00e9l\u00e9ments mentionn\u00e9s ci-dessus (positionnement GPS RTK - Real Time Kinematic).<\/li>\n<\/ul>\n<p>\u00a0<\/p>\n<p>\u00a0<\/p>\n<p>Pour plus d'information, veuillez contacter notre <span style=\"color: #013ca6\"><a style=\"color: #013ca6\" href=\"mailto:info@geophysicsgpr.com\">\u00c9quipe de lev\u00e9 marin<\/a><\/span>.<\/p>\n<\/div>\n<\/div><\/div><\/div><\/div><\/div><div id=\"pg-269-1\"  class=\"panel-grid panel-no-style\" ><div id=\"pgc-269-1-0\"  class=\"panel-grid-cell\" ><div id=\"panel-269-1-0-0\" class=\"so-panel widget widget_sow-image panel-first-child panel-last-child\" data-index=\"1\" ><div class=\"panel-widget-style panel-widget-style-for-269-1-0-0\" ><div\n\t\t\t\n\t\t\tclass=\"so-widget-sow-image so-widget-sow-image-default-8b5b6f678277-269\"\n\t\t\t\n\t\t>\n<div class=\"sow-image-container\">\n\t\t<img loading=\"lazy\" decoding=\"async\" src=\"https:\/\/marine.geophysicsgpr.com\/wp-content\/uploads\/sites\/5\/2015\/08\/marine_applications_consturction_sidebar.jpg\" width=\"225\" height=\"300\" sizes=\"auto, (max-width: 225px) 100vw, 225px\" title=\"marine_applications_consturction_sidebar\" alt=\"Projets de construction maritime\" \t\tclass=\"so-widget-image\"\/>\n\t<\/div>\n\n<\/div><\/div><\/div><\/div><div id=\"pgc-269-1-1\"  class=\"panel-grid-cell\" ><div id=\"panel-269-1-1-0\" class=\"so-panel widget widget_sow-image panel-first-child panel-last-child\" data-index=\"2\" ><div class=\"panel-widget-style panel-widget-style-for-269-1-1-0\" ><div\n\t\t\t\n\t\t\tclass=\"so-widget-sow-image so-widget-sow-image-default-8b5b6f678277-269\"\n\t\t\t\n\t\t>\n<div class=\"sow-image-container\">\n\t\t<img loading=\"lazy\" decoding=\"async\" src=\"https:\/\/marine.geophysicsgpr.com\/wp-content\/uploads\/sites\/5\/2015\/08\/Marine_applications_construction_1.jpg\" width=\"640\" height=\"480\" srcset=\"https:\/\/marine.geophysicsgpr.com\/wp-content\/uploads\/sites\/5\/2015\/08\/Marine_applications_construction_1.jpg 640w, https:\/\/marine.geophysicsgpr.com\/wp-content\/uploads\/sites\/5\/2015\/08\/Marine_applications_construction_1-300x225.jpg 300w\" sizes=\"auto, (max-width: 640px) 100vw, 640px\" title=\"Marine_applications_construction_1\" alt=\"Projets de construction maritime\" \t\tclass=\"so-widget-image\"\/>\n\t<\/div>\n\n<\/div><\/div><\/div><\/div><\/div><\/div>","protected":false},"excerpt":{"rendered":"<p>Avant d\u2019entreprendre la conception d\u00e9taill\u00e9e d\u2019un projet de construction maritime, il est essentiel de d\u00e9tenir des renseignements g\u00e9otechniques complets et pr\u00e9cis sur le site.En combinant des lev\u00e9s multidisciplinaires, GPR r\u00e9pond aux exigences de ses clients du Canada et de divers pays dans la r\u00e9alisation de leurs projets de construction maritime de petite ou de grande&#8230;  <a href=\"https:\/\/marine.geophysicsgpr.com\/fr\/applications-geophysique-marine\/genie-civil-et-infrastructures\/projets-de-construction-maritime\" class=\"more-link\" title=\"Read Projets de construction maritime\">Read more &raquo;<\/a><\/p>\n","protected":false},"author":1,"featured_media":78,"parent":185,"menu_order":0,"comment_status":"closed","ping_status":"closed","template":"page-full-width.php","meta":{"content-type":"","footnotes":""},"class_list":["post-269","page","type-page","status-publish","has-post-thumbnail","hentry"],"_links":{"self":[{"href":"https:\/\/marine.geophysicsgpr.com\/fr\/wp-json\/wp\/v2\/pages\/269","targetHints":{"allow":["GET"]}}],"collection":[{"href":"https:\/\/marine.geophysicsgpr.com\/fr\/wp-json\/wp\/v2\/pages"}],"about":[{"href":"https:\/\/marine.geophysicsgpr.com\/fr\/wp-json\/wp\/v2\/types\/page"}],"author":[{"embeddable":true,"href":"https:\/\/marine.geophysicsgpr.com\/fr\/wp-json\/wp\/v2\/users\/1"}],"replies":[{"embeddable":true,"href":"https:\/\/marine.geophysicsgpr.com\/fr\/wp-json\/wp\/v2\/comments?post=269"}],"version-history":[{"count":13,"href":"https:\/\/marine.geophysicsgpr.com\/fr\/wp-json\/wp\/v2\/pages\/269\/revisions"}],"predecessor-version":[{"id":1636,"href":"https:\/\/marine.geophysicsgpr.com\/fr\/wp-json\/wp\/v2\/pages\/269\/revisions\/1636"}],"up":[{"embeddable":true,"href":"https:\/\/marine.geophysicsgpr.com\/fr\/wp-json\/wp\/v2\/pages\/185"}],"wp:featuredmedia":[{"embeddable":true,"href":"https:\/\/marine.geophysicsgpr.com\/fr\/wp-json\/wp\/v2\/media\/78"}],"wp:attachment":[{"href":"https:\/\/marine.geophysicsgpr.com\/fr\/wp-json\/wp\/v2\/media?parent=269"}],"curies":[{"name":"wp","href":"https:\/\/api.w.org\/{rel}","templated":true}]}}