{"id":274,"date":"2015-08-06T15:36:32","date_gmt":"2015-08-06T14:36:32","guid":{"rendered":"http:\/\/marine.geophysicsgpr.com\/?page_id=274"},"modified":"2017-03-09T17:43:03","modified_gmt":"2017-03-09T16:43:03","slug":"inspection-de-structures-immergees","status":"publish","type":"page","link":"https:\/\/marine.geophysicsgpr.com\/fr\/applications-geophysique-marine\/genie-civil-et-infrastructures\/inspection-de-structures-immergees","title":{"rendered":"Inspection de structures immerg\u00e9es"},"content":{"rendered":"<div id=\"pl-274\"  class=\"panel-layout\" ><div id=\"pg-274-0\"  class=\"panel-grid panel-no-style\" ><div id=\"pgc-274-0-0\"  class=\"panel-grid-cell\" ><div id=\"panel-274-0-0-0\" class=\"so-panel widget widget_sow-editor panel-first-child panel-last-child\" data-index=\"0\" ><div class=\"texte-home-right article panel-widget-style panel-widget-style-for-274-0-0-0\" ><div\n\t\t\t\n\t\t\tclass=\"so-widget-sow-editor so-widget-sow-editor-base\"\n\t\t\t\n\t\t>\n<div class=\"siteorigin-widget-tinymce textwidget\">\n\t<p>Les structures immerg\u00e9es, comme un pipeline, des c\u00e2bles, une digue, une semelle de pont, etc., n\u00e9cessitent des inspections \u00e0 intervalle r\u00e9gulier afin de s\u2019assurer qu\u2019elles sont en bon \u00e9tat. Dans certaines situations, le recours \u00e0 une \u00e9quipe de plongeurs peut s\u2019av\u00e9rer co\u00fbteux et dangereux. Gr\u00e2ce \u00e0 la technologie moderne, les inspections sous-marines se r\u00e9v\u00e8lent plus efficaces et plus rentables.<\/p>\n<h2 class=\"h2resize\">Inspection de structures immerg\u00e9es<\/h2>\n<p>GPR poss\u00e8de une exp\u00e9rience significative dans le domaine de l\u2019inspection de structures immerg\u00e9es des barrages au Canada et dans divers pays. Pour effectuer ce travail, les outils id\u00e9aux sont incontestablement le bathym\u00e8tre multifaisceaux et le sonar \u00e0 balayage lat\u00e9ral. Ces instruments permettent de localiser les structures\/objets immerg\u00e9s et de les examiner gr\u00e2ce aux ondes acoustiques qui ne sont pas affect\u00e9es par la turbidit\u00e9 de l\u2019eau. Le syst\u00e8me produit un mod\u00e8le 3D haute r\u00e9solution de la structure immerg\u00e9e, qu\u2019il s\u2019agisse d\u2019un mur ou d\u2019une prise d\u2019eau de barrage.<\/p>\n<p>Le g\u00e9oradar s\u2019av\u00e8re id\u00e9al pour le profil du fond marin\u00a0en eau douce peu profonde.<\/p>\n<p>\u00a0<\/p>\n<p>\u00a0<\/p>\n<p>Pour plus d'information, veuillez contacter notre <span style=\"color: #013ca6\"><a style=\"color: #013ca6\" href=\"mailto:info@geophysicsgpr.com\">\u00c9quipe de lev\u00e9 marin<\/a><\/span>.<\/p>\n<\/div>\n<\/div><\/div><\/div><\/div><\/div><div id=\"pg-274-1\"  class=\"panel-grid panel-no-style\" ><div id=\"pgc-274-1-0\"  class=\"panel-grid-cell\" ><div id=\"panel-274-1-0-0\" class=\"so-panel widget widget_sow-image panel-first-child panel-last-child\" data-index=\"1\" ><div class=\"panel-widget-style panel-widget-style-for-274-1-0-0\" ><div\n\t\t\t\n\t\t\tclass=\"so-widget-sow-image so-widget-sow-image-default-8b5b6f678277-274\"\n\t\t\t\n\t\t>\n<div class=\"sow-image-container\">\n\t\t<img loading=\"lazy\" decoding=\"async\" src=\"https:\/\/marine.geophysicsgpr.com\/wp-content\/uploads\/sites\/5\/2015\/08\/Marine_submerged_structures.jpg\" width=\"225\" height=\"300\" sizes=\"auto, (max-width: 225px) 100vw, 225px\" title=\"Marine_submerged_structures\" alt=\"Enqu\u00eates de structure immerg\u00e9e - Marine Geophysics\" \t\tclass=\"so-widget-image\"\/>\n\t<\/div>\n\n<\/div><\/div><\/div><\/div><div id=\"pgc-274-1-1\"  class=\"panel-grid-cell\" ><div id=\"panel-274-1-1-0\" class=\"so-panel widget widget_sow-image panel-first-child panel-last-child\" data-index=\"2\" ><div class=\"panel-widget-style panel-widget-style-for-274-1-1-0\" ><div\n\t\t\t\n\t\t\tclass=\"so-widget-sow-image so-widget-sow-image-default-8b5b6f678277-274\"\n\t\t\t\n\t\t>\n<div class=\"sow-image-container\">\n\t\t<img loading=\"lazy\" decoding=\"async\" src=\"https:\/\/marine.geophysicsgpr.com\/wp-content\/uploads\/sites\/5\/2015\/07\/Marine_applications_submerged_structure.jpg\" width=\"640\" height=\"325\" srcset=\"https:\/\/marine.geophysicsgpr.com\/wp-content\/uploads\/sites\/5\/2015\/07\/Marine_applications_submerged_structure.jpg 640w, https:\/\/marine.geophysicsgpr.com\/wp-content\/uploads\/sites\/5\/2015\/07\/Marine_applications_submerged_structure-300x152.jpg 300w\" sizes=\"auto, (max-width: 640px) 100vw, 640px\" title=\"Marine_applications_submerged_structure\" alt=\"Enqu\u00eates de structure immerg\u00e9e - Marine Geophysics\" \t\tclass=\"so-widget-image\"\/>\n\t<\/div>\n\n<\/div><\/div><\/div><\/div><\/div><\/div>","protected":false},"excerpt":{"rendered":"<p>Les structures immerg\u00e9es, comme un pipeline, des c\u00e2bles, une digue, une semelle de pont, etc., n\u00e9cessitent des inspections \u00e0 intervalle r\u00e9gulier afin de s\u2019assurer qu\u2019elles sont en bon \u00e9tat. Dans certaines situations, le recours \u00e0 une \u00e9quipe de plongeurs peut s\u2019av\u00e9rer co\u00fbteux et dangereux. Gr\u00e2ce \u00e0 la technologie moderne, les inspections sous-marines se r\u00e9v\u00e8lent plus&#8230;  <a href=\"https:\/\/marine.geophysicsgpr.com\/fr\/applications-geophysique-marine\/genie-civil-et-infrastructures\/inspection-de-structures-immergees\" class=\"more-link\" title=\"Read Inspection de structures immerg\u00e9es\">Read more &raquo;<\/a><\/p>\n","protected":false},"author":1,"featured_media":78,"parent":185,"menu_order":0,"comment_status":"closed","ping_status":"closed","template":"page-full-width.php","meta":{"content-type":"","footnotes":""},"class_list":["post-274","page","type-page","status-publish","has-post-thumbnail","hentry"],"_links":{"self":[{"href":"https:\/\/marine.geophysicsgpr.com\/fr\/wp-json\/wp\/v2\/pages\/274","targetHints":{"allow":["GET"]}}],"collection":[{"href":"https:\/\/marine.geophysicsgpr.com\/fr\/wp-json\/wp\/v2\/pages"}],"about":[{"href":"https:\/\/marine.geophysicsgpr.com\/fr\/wp-json\/wp\/v2\/types\/page"}],"author":[{"embeddable":true,"href":"https:\/\/marine.geophysicsgpr.com\/fr\/wp-json\/wp\/v2\/users\/1"}],"replies":[{"embeddable":true,"href":"https:\/\/marine.geophysicsgpr.com\/fr\/wp-json\/wp\/v2\/comments?post=274"}],"version-history":[{"count":16,"href":"https:\/\/marine.geophysicsgpr.com\/fr\/wp-json\/wp\/v2\/pages\/274\/revisions"}],"predecessor-version":[{"id":1637,"href":"https:\/\/marine.geophysicsgpr.com\/fr\/wp-json\/wp\/v2\/pages\/274\/revisions\/1637"}],"up":[{"embeddable":true,"href":"https:\/\/marine.geophysicsgpr.com\/fr\/wp-json\/wp\/v2\/pages\/185"}],"wp:featuredmedia":[{"embeddable":true,"href":"https:\/\/marine.geophysicsgpr.com\/fr\/wp-json\/wp\/v2\/media\/78"}],"wp:attachment":[{"href":"https:\/\/marine.geophysicsgpr.com\/fr\/wp-json\/wp\/v2\/media?parent=274"}],"curies":[{"name":"wp","href":"https:\/\/api.w.org\/{rel}","templated":true}]}}