{"id":279,"date":"2015-08-06T15:37:13","date_gmt":"2015-08-06T14:37:13","guid":{"rendered":"http:\/\/marine.geophysicsgpr.com\/?page_id=279"},"modified":"2017-03-09T17:55:43","modified_gmt":"2017-03-09T16:55:43","slug":"developpement-portuaire","status":"publish","type":"page","link":"https:\/\/marine.geophysicsgpr.com\/fr\/applications-geophysique-marine\/genie-civil-et-infrastructures\/developpement-portuaire","title":{"rendered":"D\u00e9veloppement portuaire"},"content":{"rendered":"<div id=\"pl-279\"  class=\"panel-layout\" ><div id=\"pg-279-0\"  class=\"panel-grid panel-no-style\" ><div id=\"pgc-279-0-0\"  class=\"panel-grid-cell\" ><div id=\"panel-279-0-0-0\" class=\"so-panel widget widget_sow-editor panel-first-child panel-last-child\" data-index=\"0\" ><div class=\"texte-home-right article panel-widget-style panel-widget-style-for-279-0-0-0\" ><div\n\t\t\t\n\t\t\tclass=\"so-widget-sow-editor so-widget-sow-editor-base\"\n\t\t\t\n\t\t>\n<div class=\"siteorigin-widget-tinymce textwidget\">\n\t<p>G\u00e9ophysique GPR International Inc. a r\u00e9alis\u00e9 plusieurs grands projets d\u2019\u00e9tudes pour faciliter la conception ou le r\u00e9am\u00e9nagement du d\u00e9veloppement portuaire\u00a0au Canada et dans divers pays.<\/p>\n<p>Dans un objectif d\u2019optimisation de la comp\u00e9titivit\u00e9 de l\u2019\u00e9conomie nationale en g\u00e9n\u00e9ral, et des ports en particulier, G\u00e9ophysique \u0153uvre \u00e0 l\u2019am\u00e9lioration de la qualit\u00e9 des services, \u00e0 la s\u00e9curit\u00e9 des op\u00e9rations portuaires et \u00e0 la r\u00e9duction des co\u00fbts de passage et des co\u00fbts logistiques.<\/p>\n<p>\u00a0<\/p>\n<h3>Des projets pour\u00a0:<\/h3>\n<ul>\n<li>La pr\u00e9servation et la mise \u00e0 niveau du patrimoine portuaire ;<\/li>\n<li>L\u2019augmentation des capacit\u00e9s et l\u2019am\u00e9lioration de la productivit\u00e9 ;<\/li>\n<li>La reconversion de certains ports et leur int\u00e9gration dans leur environnement ;<\/li>\n<li>La facilitation des proc\u00e9dures du commerce ext\u00e9rieur et la professionnalisation de la communaut\u00e9 portuaire.<\/li>\n<\/ul>\n<h2 class=\"h2resize\">De fa\u00e7on g\u00e9n\u00e9rale, les \u00e9tudes suivantes sont requises pour un projet de r\u00e9am\u00e9nagement \/ d\u00e9veloppement portuaire :<\/h2>\n<ul>\n<li>Bathym\u00e9trie;<\/li>\n<li>Lev\u00e9s au sonar \u00e0 balayage lat\u00e9ral;<\/li>\n<li>Profil g\u00e9ologique marin dans les zones critiques;<\/li>\n<li>\u00c9chantillonnage d\u2019eau et de s\u00e9diments;<\/li>\n<li>Analyse des mat\u00e9riaux;<\/li>\n<li>Arpentage (par GPS ou tach\u00e9om\u00e8tre).<\/li>\n<\/ul>\n<p>\u00a0<\/p>\n<p>\u00a0<\/p>\n<p>Pour plus d'information, veuillez contacter notre <span style=\"color: #013ca6\"><a style=\"color: #013ca6\" href=\"mailto:info@geophysicsgpr.com\">\u00c9quipe de lev\u00e9 marin<\/a><\/span>.<\/p>\n<\/div>\n<\/div><\/div><\/div><\/div><\/div><div id=\"pg-279-1\"  class=\"panel-grid panel-no-style\" ><div id=\"pgc-279-1-0\"  class=\"panel-grid-cell\" ><div id=\"panel-279-1-0-0\" class=\"so-panel widget widget_sow-image panel-first-child panel-last-child\" data-index=\"1\" ><div class=\"panel-widget-style panel-widget-style-for-279-1-0-0\" ><div\n\t\t\t\n\t\t\tclass=\"so-widget-sow-image so-widget-sow-image-default-8b5b6f678277-279\"\n\t\t\t\n\t\t>\n<div class=\"sow-image-container\">\n\t\t<img loading=\"lazy\" decoding=\"async\" src=\"https:\/\/marine.geophysicsgpr.com\/wp-content\/uploads\/sites\/5\/2015\/08\/Marine_application_port_1.jpg\" width=\"640\" height=\"480\" srcset=\"https:\/\/marine.geophysicsgpr.com\/wp-content\/uploads\/sites\/5\/2015\/08\/Marine_application_port_1.jpg 640w, https:\/\/marine.geophysicsgpr.com\/wp-content\/uploads\/sites\/5\/2015\/08\/Marine_application_port_1-300x225.jpg 300w\" sizes=\"auto, (max-width: 640px) 100vw, 640px\" title=\"Marine_application_port_1\" alt=\"D\u00e9veloppement Portuaire - Marine Geophysics\" \t\tclass=\"so-widget-image\"\/>\n\t<\/div>\n\n<\/div><\/div><\/div><\/div><div id=\"pgc-279-1-1\"  class=\"panel-grid-cell\" ><div id=\"panel-279-1-1-0\" class=\"so-panel widget widget_sow-image panel-first-child panel-last-child\" data-index=\"2\" ><div class=\"panel-widget-style panel-widget-style-for-279-1-1-0\" ><div\n\t\t\t\n\t\t\tclass=\"so-widget-sow-image so-widget-sow-image-default-8b5b6f678277-279\"\n\t\t\t\n\t\t>\n<div class=\"sow-image-container\">\n\t\t<img loading=\"lazy\" decoding=\"async\" src=\"https:\/\/marine.geophysicsgpr.com\/wp-content\/uploads\/sites\/5\/2015\/08\/marine_applications_port_development_sidebar.jpg\" width=\"225\" height=\"300\" sizes=\"auto, (max-width: 225px) 100vw, 225px\" title=\"marine_applications_port_development_sidebar\" alt=\"D\u00e9veloppement Portuaire - Marine Geophysics\" \t\tclass=\"so-widget-image\"\/>\n\t<\/div>\n\n<\/div><\/div><\/div><\/div><\/div><\/div>","protected":false},"excerpt":{"rendered":"<p>G\u00e9ophysique GPR International Inc. a r\u00e9alis\u00e9 plusieurs grands projets d\u2019\u00e9tudes pour faciliter la conception ou le r\u00e9am\u00e9nagement du d\u00e9veloppement portuaire\u00a0au Canada et dans divers pays.Dans un objectif d\u2019optimisation de la comp\u00e9titivit\u00e9 de l\u2019\u00e9conomie nationale en g\u00e9n\u00e9ral, et des ports en particulier, G\u00e9ophysique \u0153uvre \u00e0 l\u2019am\u00e9lioration de la qualit\u00e9 des services, \u00e0 la s\u00e9curit\u00e9 des op\u00e9rations&#8230;  <a href=\"https:\/\/marine.geophysicsgpr.com\/fr\/applications-geophysique-marine\/genie-civil-et-infrastructures\/developpement-portuaire\" class=\"more-link\" title=\"Read D\u00e9veloppement portuaire\">Read more &raquo;<\/a><\/p>\n","protected":false},"author":1,"featured_media":78,"parent":185,"menu_order":0,"comment_status":"closed","ping_status":"closed","template":"page-full-width.php","meta":{"content-type":"","footnotes":""},"class_list":["post-279","page","type-page","status-publish","has-post-thumbnail","hentry"],"_links":{"self":[{"href":"https:\/\/marine.geophysicsgpr.com\/fr\/wp-json\/wp\/v2\/pages\/279","targetHints":{"allow":["GET"]}}],"collection":[{"href":"https:\/\/marine.geophysicsgpr.com\/fr\/wp-json\/wp\/v2\/pages"}],"about":[{"href":"https:\/\/marine.geophysicsgpr.com\/fr\/wp-json\/wp\/v2\/types\/page"}],"author":[{"embeddable":true,"href":"https:\/\/marine.geophysicsgpr.com\/fr\/wp-json\/wp\/v2\/users\/1"}],"replies":[{"embeddable":true,"href":"https:\/\/marine.geophysicsgpr.com\/fr\/wp-json\/wp\/v2\/comments?post=279"}],"version-history":[{"count":15,"href":"https:\/\/marine.geophysicsgpr.com\/fr\/wp-json\/wp\/v2\/pages\/279\/revisions"}],"predecessor-version":[{"id":1638,"href":"https:\/\/marine.geophysicsgpr.com\/fr\/wp-json\/wp\/v2\/pages\/279\/revisions\/1638"}],"up":[{"embeddable":true,"href":"https:\/\/marine.geophysicsgpr.com\/fr\/wp-json\/wp\/v2\/pages\/185"}],"wp:featuredmedia":[{"embeddable":true,"href":"https:\/\/marine.geophysicsgpr.com\/fr\/wp-json\/wp\/v2\/media\/78"}],"wp:attachment":[{"href":"https:\/\/marine.geophysicsgpr.com\/fr\/wp-json\/wp\/v2\/media?parent=279"}],"curies":[{"name":"wp","href":"https:\/\/api.w.org\/{rel}","templated":true}]}}