{"id":284,"date":"2015-08-06T15:37:54","date_gmt":"2015-08-06T14:37:54","guid":{"rendered":"http:\/\/marine.geophysicsgpr.com\/?page_id=284"},"modified":"2017-03-09T17:56:27","modified_gmt":"2017-03-09T16:56:27","slug":"dragage","status":"publish","type":"page","link":"https:\/\/marine.geophysicsgpr.com\/fr\/applications-geophysique-marine\/genie-civil-et-infrastructures\/dragage","title":{"rendered":"Dragage"},"content":{"rendered":"<div id=\"pl-284\"  class=\"panel-layout\" ><div id=\"pg-284-0\"  class=\"panel-grid panel-no-style\" ><div id=\"pgc-284-0-0\"  class=\"panel-grid-cell\" ><div id=\"panel-284-0-0-0\" class=\"so-panel widget widget_sow-editor panel-first-child panel-last-child\" data-index=\"0\" ><div class=\" texte-home-right article panel-widget-style panel-widget-style-for-284-0-0-0\" ><div\n\t\t\t\n\t\t\tclass=\"so-widget-sow-editor so-widget-sow-editor-base\"\n\t\t\t\n\t\t>\n<div class=\"siteorigin-widget-tinymce textwidget\">\n\t<p>Le contr\u00f4le du dragage se fait par voie de lev\u00e9s bathym\u00e9triques avant et apr\u00e8s les travaux de dragage. Nous analysons les deux ensembles de donn\u00e9es pour calculer le volume de s\u00e9diments dragu\u00e9s et pour d\u00e9terminer si une quantit\u00e9 ad\u00e9quate de mati\u00e8re a \u00e9t\u00e9 retir\u00e9e dans la zone tout enti\u00e8re.<\/p>\n<h2 class=\"h2resize\">Les r\u00e9sultats de l\u2019\u00e9tude postdragage serviront \u00e0 cr\u00e9er une carte nautique bas\u00e9e sur un niveau de base pr\u00e9cis (niveau de r\u00e9f\u00e9rence, niveau de la mer, etc.)<\/h2>\n<p>Les cartes nautiques sont souvent exig\u00e9es par les autorit\u00e9s veillant \u00e0 la s\u00e9curit\u00e9 nautique sur les cours d\u2019eau.<\/p>\n<p>Gr\u00e2ce au recours \u00e0 des techniques de bathym\u00e9trie modernes, GPR peut couvrir rapidement une zone d\u00e9termin\u00e9e dans un cours d\u2019eau, un lac ou un oc\u00e9an. L\u2019expertise de GPR dans le domaine des syst\u00e8mes \u00e0 faisceau simple ou multifaisceaux nous permet de r\u00e9pondre \u00e0 tous vos besoins, quelle que soit l\u2019ampleur de votre projet.<\/p>\n<p>\u00a0<\/p>\n<p>\u00a0<\/p>\n<p>Pour plus d'information, veuillez contacter notre <span style=\"color: #013ca6\"><a style=\"color: #013ca6\" href=\"mailto:info@geophysicsgpr.com\">\u00c9quipe de lev\u00e9 marin<\/a><\/span>.<\/p>\n<\/div>\n<\/div><\/div><\/div><\/div><\/div><div id=\"pg-284-1\"  class=\"panel-grid panel-no-style\" ><div id=\"pgc-284-1-0\"  class=\"panel-grid-cell\" ><div id=\"panel-284-1-0-0\" class=\"so-panel widget widget_sow-image panel-first-child panel-last-child\" data-index=\"1\" ><div class=\"panel-widget-style panel-widget-style-for-284-1-0-0\" ><div\n\t\t\t\n\t\t\tclass=\"so-widget-sow-image so-widget-sow-image-default-8b5b6f678277-284\"\n\t\t\t\n\t\t>\n<div class=\"sow-image-container\">\n\t\t<img loading=\"lazy\" decoding=\"async\" src=\"https:\/\/marine.geophysicsgpr.com\/wp-content\/uploads\/sites\/5\/2015\/08\/Marine_applications_dredging_1.png\" width=\"640\" height=\"276\" srcset=\"https:\/\/marine.geophysicsgpr.com\/wp-content\/uploads\/sites\/5\/2015\/08\/Marine_applications_dredging_1.png 640w, https:\/\/marine.geophysicsgpr.com\/wp-content\/uploads\/sites\/5\/2015\/08\/Marine_applications_dredging_1-300x129.png 300w\" sizes=\"auto, (max-width: 640px) 100vw, 640px\" title=\"Bathym\u00e9trie\" alt=\"Dragage - Marine Geophysics\" \t\tclass=\"so-widget-image\"\/>\n\t<\/div>\n\n<\/div><\/div><\/div><\/div><div id=\"pgc-284-1-1\"  class=\"panel-grid-cell\" ><div id=\"panel-284-1-1-0\" class=\"so-panel widget widget_sow-image panel-first-child panel-last-child\" data-index=\"2\" ><div class=\"panel-widget-style panel-widget-style-for-284-1-1-0\" ><div\n\t\t\t\n\t\t\tclass=\"so-widget-sow-image so-widget-sow-image-default-8b5b6f678277-284\"\n\t\t\t\n\t\t>\n<div class=\"sow-image-container\">\n\t\t<img loading=\"lazy\" decoding=\"async\" src=\"https:\/\/marine.geophysicsgpr.com\/wp-content\/uploads\/sites\/5\/2015\/08\/Marine_applications_Dredging_inset.jpg\" width=\"242\" height=\"225\" sizes=\"auto, (max-width: 242px) 100vw, 242px\" title=\"Marine_applications_Dredging_inset\" alt=\"Dragage - Marine Geophysics\" \t\tclass=\"so-widget-image\"\/>\n\t<\/div>\n\n<\/div><\/div><\/div><\/div><\/div><\/div>","protected":false},"excerpt":{"rendered":"<p>Le contr\u00f4le du dragage se fait par voie de lev\u00e9s bathym\u00e9triques avant et apr\u00e8s les travaux de dragage. Nous analysons les deux ensembles de donn\u00e9es pour calculer le volume de s\u00e9diments dragu\u00e9s et pour d\u00e9terminer si une quantit\u00e9 ad\u00e9quate de mati\u00e8re a \u00e9t\u00e9 retir\u00e9e dans la zone tout enti\u00e8re.Les r\u00e9sultats de l\u2019\u00e9tude postdragage serviront \u00e0&#8230;  <a href=\"https:\/\/marine.geophysicsgpr.com\/fr\/applications-geophysique-marine\/genie-civil-et-infrastructures\/dragage\" class=\"more-link\" title=\"Read Dragage\">Read more &raquo;<\/a><\/p>\n","protected":false},"author":1,"featured_media":78,"parent":185,"menu_order":0,"comment_status":"closed","ping_status":"closed","template":"page-full-width.php","meta":{"content-type":"","footnotes":""},"class_list":["post-284","page","type-page","status-publish","has-post-thumbnail","hentry"],"_links":{"self":[{"href":"https:\/\/marine.geophysicsgpr.com\/fr\/wp-json\/wp\/v2\/pages\/284","targetHints":{"allow":["GET"]}}],"collection":[{"href":"https:\/\/marine.geophysicsgpr.com\/fr\/wp-json\/wp\/v2\/pages"}],"about":[{"href":"https:\/\/marine.geophysicsgpr.com\/fr\/wp-json\/wp\/v2\/types\/page"}],"author":[{"embeddable":true,"href":"https:\/\/marine.geophysicsgpr.com\/fr\/wp-json\/wp\/v2\/users\/1"}],"replies":[{"embeddable":true,"href":"https:\/\/marine.geophysicsgpr.com\/fr\/wp-json\/wp\/v2\/comments?post=284"}],"version-history":[{"count":10,"href":"https:\/\/marine.geophysicsgpr.com\/fr\/wp-json\/wp\/v2\/pages\/284\/revisions"}],"predecessor-version":[{"id":1639,"href":"https:\/\/marine.geophysicsgpr.com\/fr\/wp-json\/wp\/v2\/pages\/284\/revisions\/1639"}],"up":[{"embeddable":true,"href":"https:\/\/marine.geophysicsgpr.com\/fr\/wp-json\/wp\/v2\/pages\/185"}],"wp:featuredmedia":[{"embeddable":true,"href":"https:\/\/marine.geophysicsgpr.com\/fr\/wp-json\/wp\/v2\/media\/78"}],"wp:attachment":[{"href":"https:\/\/marine.geophysicsgpr.com\/fr\/wp-json\/wp\/v2\/media?parent=284"}],"curies":[{"name":"wp","href":"https:\/\/api.w.org\/{rel}","templated":true}]}}